{"id":2368,"date":"2024-09-21T11:10:39","date_gmt":"2024-09-21T14:10:39","guid":{"rendered":"https:\/\/hadgitec.com.br\/loja\/?post_type=product&#038;p=2368"},"modified":"2024-09-21T11:20:33","modified_gmt":"2024-09-21T14:20:33","slug":"cartao-de-memoria-16gb-micro-sd-ultra-80mbs-sandisk","status":"publish","type":"product","link":"https:\/\/hadgitec.com.br\/loja\/produto\/cartao-de-memoria-16gb-micro-sd-ultra-80mbs-sandisk\/","title":{"rendered":"Cart\u00e3o De Mem\u00f3ria 16gb Micro Sd Ultra 80mbs Sandisk"},"content":{"rendered":"<p>Compativel com:<br \/>\nSmartphones<br \/>\nC\u00e2meras de Vigil\u00e2ncia<br \/>\nC\u00e2meras Profissionais (que usam SD\/SDHC, desde que voc\u00ea use o adaptador SD incluso)<br \/>\nL\u00e2mpadas de Vigil\u00e2ncia<br \/>\n***sempre verificar no manual de seu produto a capacidade m\u00e1xima de GB que ele suporta de mem\u00f3ria externa!!!<\/p>\n<p>Para utilizar cart\u00f5es de mem\u00f3ria ou pen drives em aparelhos eletr\u00f4nicos recomenda-se format\u00e1-lo no formato FAT32, caso contr\u00e1rio, pode n\u00e3o funcionar. Favor localizar na internet como formatar em FAT32 de acordo com seu sistema operacional.<\/p>\n<p>Feito para salvar o momento<\/p>\n<p>O cart\u00e3o SanDisk Ultra\u00ae microSD\u2122 UHS-I proporciona a liberdade para capturar, salvar e compartilhar mais do que nunca. Com capacidades de at\u00e9 512 GB, nosso cart\u00e3o SanDisk Ultra microSD\u2122 tem espa\u00e7o para ainda mais horas de v\u00eddeo Full HD e oferece velocidades de transfer\u00eancia de at\u00e9 100 MB\/s para ajudar a mover o conte\u00fado rapidamente.<\/p>\n<p>Funciona com smartphones e tablets Android\u2122<br \/>\nOs cart\u00f5es SanDisk\u00ae s\u00e3o compat\u00edveis com tablets e smartphones Android.<\/p>\n<p>Capture e armazene ainda mais horas de v\u00eddeos Full HD<br \/>\nCom uma capacidade de at\u00e9 512 TB, voc\u00ea pode armazenar ainda mais horas de v\u00eddeo Full HD no cart\u00e3o, sem se preocupar com falta de espa\u00e7o para os v\u00eddeos, fotos, m\u00fasicas, filmes e outros arquivos que voc\u00ea queira capturar, salvar e compartilhar.<\/p>\n<p>Velocidades de transfer\u00eancia de at\u00e9 100 MB\/s<br \/>\nVelocidades de transfer\u00eancia extremamente altas significam que voc\u00ea gastar\u00e1 menos tempo esperando para mover o seu conte\u00fado.<\/p>\n<p>Captura de v\u00eddeo Full HD<br \/>\nClassifica\u00e7\u00e3o de velocidade Classe 10 permite que voc\u00ea capture v\u00eddeo Full HD e fotos de alta qualidade.<\/p>\n<p>Aplicativo SanDisk\u00ae Memory ZoneTM para F\u00e1cil Gerenciamento de Arquivos<br \/>\nDispon\u00edvel no Google Play\u2122 Store, o aplicativo SanDisk Memory Zone permite que voc\u00ea visualize, acesse e fa\u00e7a backup dos arquivos do seu telefone em um \u00fanico local. Ele tamb\u00e9m pode mover arquivos automaticamente do seu dispositivo para o seu cart\u00e3o de mem\u00f3ria para liberar espa\u00e7o.<\/p>\n<p>Especifica\u00e7\u00f5es completas<br \/>\nFeatures<br \/>\nFunciona com smartphones e tablets Android\u2122<br \/>\nAt\u00e9 512 TB para ainda mais horas de v\u00eddeo Full HD<br \/>\nClasse 10 para grava\u00e7\u00e3o e reprodu\u00e7\u00e3o de v\u00eddeo em Full HD<br \/>\nAplicativo SanDisk\u00ae Memory ZoneTM para f\u00e1cil gerenciamento de arquivos<br \/>\nCapacidade<br \/>\n16GB<br \/>\nFormato<br \/>\nmicroSDHC\u2122<br \/>\nmicroSDXC\u2122<br \/>\nCompatibilidade<br \/>\nCompat\u00edvel com todos os dispositivos host com suporte a microSDHC e microSDXC<br \/>\nDesempenho de leitura sequencial<br \/>\nUp to 80MB\/s<br \/>\nDimens\u00f5es (L x W x H)<br \/>\n0.04&#8243; x 0.59&#8243; x 0.43&#8243;<br \/>\nPeso<br \/>\n4.54gms<br \/>\nN\u00famero do modelo<br \/>\nSDSQUNS-016G-GN3MA<\/p>\n","protected":false},"excerpt":{"rendered":"<p>Cart\u00e3o De Mem\u00f3ria 16gb Micro Sd Ultra 80mbs Sandisk<\/p>\n","protected":false},"featured_media":2372,"comment_status":"open","ping_status":"closed","template":"","meta":[],"product_brand":[],"product_cat":[85],"product_tag":[87,130],"class_list":{"0":"post-2368","1":"product","2":"type-product","3":"status-publish","4":"has-post-thumbnail","6":"product_cat-cartoes-de-memoria","7":"product_tag-cartao-de-memoria","8":"product_tag-cartao-sd","10":"first","11":"instock","12":"shipping-taxable","13":"purchasable","14":"product-type-simple"},"_links":{"self":[{"href":"https:\/\/hadgitec.com.br\/loja\/wp-json\/wp\/v2\/product\/2368","targetHints":{"allow":["GET"]}}],"collection":[{"href":"https:\/\/hadgitec.com.br\/loja\/wp-json\/wp\/v2\/product"}],"about":[{"href":"https:\/\/hadgitec.com.br\/loja\/wp-json\/wp\/v2\/types\/product"}],"replies":[{"embeddable":true,"href":"https:\/\/hadgitec.com.br\/loja\/wp-json\/wp\/v2\/comments?post=2368"}],"wp:featuredmedia":[{"embeddable":true,"href":"https:\/\/hadgitec.com.br\/loja\/wp-json\/wp\/v2\/media\/2372"}],"wp:attachment":[{"href":"https:\/\/hadgitec.com.br\/loja\/wp-json\/wp\/v2\/media?parent=2368"}],"wp:term":[{"taxonomy":"product_brand","embeddable":true,"href":"https:\/\/hadgitec.com.br\/loja\/wp-json\/wp\/v2\/product_brand?post=2368"},{"taxonomy":"product_cat","embeddable":true,"href":"https:\/\/hadgitec.com.br\/loja\/wp-json\/wp\/v2\/product_cat?post=2368"},{"taxonomy":"product_tag","embeddable":true,"href":"https:\/\/hadgitec.com.br\/loja\/wp-json\/wp\/v2\/product_tag?post=2368"}],"curies":[{"name":"wp","href":"https:\/\/api.w.org\/{rel}","templated":true}]}}