{"id":2364,"date":"2024-09-21T10:38:19","date_gmt":"2024-09-21T13:38:19","guid":{"rendered":"https:\/\/hadgitec.com.br\/loja\/?post_type=product&#038;p=2364"},"modified":"2024-09-21T10:38:20","modified_gmt":"2024-09-21T13:38:20","slug":"cartao-micro-sd-sandisk-ultra-64gb-80mb-s-com-adaptador-sd","status":"publish","type":"product","link":"https:\/\/hadgitec.com.br\/loja\/produto\/cartao-micro-sd-sandisk-ultra-64gb-80mb-s-com-adaptador-sd\/","title":{"rendered":"Cart\u00e3o Micro Sd Sandisk Ultra 64gb 80mb\/s Com Adaptador Sd"},"content":{"rendered":"<p>Cart\u00e3o micro sd sandisk ultra 64gb 80mb\/s com adaptador sd<br \/>\nTire melhores fotos e grave v\u00eddeos<br \/>\nTire e salve mais fotografias de alta qualidade e v\u00eddeos full hd em seu smartphone ou tablet android(tm) com o cart\u00e3o uhs-I sandisk ultra microsd. Com capacidade de armazenamento de 64 gb, \u00e9 o complemento ideal para smartphones e tablets android. O aplicativo sandisk memory zone, dispon\u00edvel no google play(tm) store, faz com que seja f\u00e1cil exibir, acessar e fazer backup de todos os seus arquivos da mem\u00f3ria do seu telefone em um local conveniente. Para ajudar seu smartphone a operar em seu desempenho m\u00e1ximo, voc\u00ea pode configurar o aplicativo para descarregar automaticamente arquivos da mem\u00f3ria interna do seu smatphone para seu cart\u00e3o de mem\u00f3ria.<br \/>\nCaracteristicas<br \/>\nCapacidade de 64 gb para capturar, transportar e guardar<br \/>\nVelocidades mais r\u00e1pidas de transfer\u00eancia que chegam at\u00e9 80 mb\/s<br \/>\nCom classe 10 para v\u00eddeo full hd<br \/>\n\u00c0 prova d&#8217;\u00e1gua, \u00e0 prova de raios-X, \u00e0 prova de temperatura e \u00e0 prova de choque.<br \/>\nAdaptador sd(tm) inclu\u00eddo para compatibilidade com c\u00e2meras digitais<br \/>\nClassifica\u00e7\u00e3o de velocidade classe 10 para captura de v\u00eddeo full hd<br \/>\nEste cart\u00e3o de mem\u00f3ria apresenta classifica\u00e7\u00e3o de v\u00eddeo classe 10 para grava\u00e7\u00e3o de v\u00eddeo de alta qualidade, permitindo que voc\u00ea capture full hd sem cortes\/interrup\u00e7\u00f5es nem falhas. Com 64 gb de espa\u00e7o de armazenamento, este cart\u00e3o permite que voc\u00ea armazene muitos arquivos de v\u00eddeo full hd antes de precisar transferir os arquivos para o computador.<br \/>\nFa\u00e7a backup com facilidade de sua m\u00eddia favorita com o aplicativo sandisk memory zone<br \/>\nO aplicativo sandisk memory zone, dispon\u00edvel no google play store, faz com que seja f\u00e1cil exibir, acessar e fazer backup de todos os seus arquivos da mem\u00f3ria do seu telefone em um local conveniente. Voc\u00ea pode configurar o aplicativo para que descarregue arquivos da mem\u00f3ria interna do seu dispositivo para o seu cart\u00e3o de mem\u00f3ria automaticamente.<br \/>\nDesign resistente<br \/>\nO cart\u00e3o uhs-I sandisk ultra microsd \u00e9 \u00e0 prova d&#8217;\u00e1gua, \u00e0 prova de choque, \u00e0 prova de raios-X e \u00e0 prova de temperatura para proteger suas mem\u00f3rias contra os percal\u00e7os da vida. Leve seu telefone ou tablet para a neve, piscina ou deserto. Mesmo se o dispositivo n\u00e3o sobreviver, o cart\u00e3o de mem\u00f3ria sandisk sobreviver\u00e1.<br \/>\nGarantia<br \/>\n1 ano<\/p>\n<p>Garantia do vendedor: 30 dias<\/p>\n","protected":false},"excerpt":{"rendered":"<h1 class=\"ui-pdp-title\">Cart\u00e3o Micro Sd Sandisk Ultra<\/h1>\n","protected":false},"featured_media":2365,"comment_status":"open","ping_status":"closed","template":"","meta":[],"product_brand":[],"product_cat":[85],"product_tag":[87,130],"class_list":{"0":"post-2364","1":"product","2":"type-product","3":"status-publish","4":"has-post-thumbnail","6":"product_cat-cartoes-de-memoria","7":"product_tag-cartao-de-memoria","8":"product_tag-cartao-sd","10":"first","11":"instock","12":"shipping-taxable","13":"purchasable","14":"product-type-simple"},"_links":{"self":[{"href":"https:\/\/hadgitec.com.br\/loja\/wp-json\/wp\/v2\/product\/2364","targetHints":{"allow":["GET"]}}],"collection":[{"href":"https:\/\/hadgitec.com.br\/loja\/wp-json\/wp\/v2\/product"}],"about":[{"href":"https:\/\/hadgitec.com.br\/loja\/wp-json\/wp\/v2\/types\/product"}],"replies":[{"embeddable":true,"href":"https:\/\/hadgitec.com.br\/loja\/wp-json\/wp\/v2\/comments?post=2364"}],"wp:featuredmedia":[{"embeddable":true,"href":"https:\/\/hadgitec.com.br\/loja\/wp-json\/wp\/v2\/media\/2365"}],"wp:attachment":[{"href":"https:\/\/hadgitec.com.br\/loja\/wp-json\/wp\/v2\/media?parent=2364"}],"wp:term":[{"taxonomy":"product_brand","embeddable":true,"href":"https:\/\/hadgitec.com.br\/loja\/wp-json\/wp\/v2\/product_brand?post=2364"},{"taxonomy":"product_cat","embeddable":true,"href":"https:\/\/hadgitec.com.br\/loja\/wp-json\/wp\/v2\/product_cat?post=2364"},{"taxonomy":"product_tag","embeddable":true,"href":"https:\/\/hadgitec.com.br\/loja\/wp-json\/wp\/v2\/product_tag?post=2364"}],"curies":[{"name":"wp","href":"https:\/\/api.w.org\/{rel}","templated":true}]}}