{"id":2360,"date":"2024-09-21T10:30:53","date_gmt":"2024-09-21T13:30:53","guid":{"rendered":"https:\/\/hadgitec.com.br\/loja\/?post_type=product&#038;p=2360"},"modified":"2024-09-21T10:30:53","modified_gmt":"2024-09-21T13:30:53","slug":"cartao-de-memoria-sandisk-ultra-sd-128gb-adaptador","status":"publish","type":"product","link":"https:\/\/hadgitec.com.br\/loja\/produto\/cartao-de-memoria-sandisk-ultra-sd-128gb-adaptador\/","title":{"rendered":"Cart\u00e3o de mem\u00f3ria SanDisk Ultra SD 128GB + Adaptador"},"content":{"rendered":"<p>SanDisk \u00e9 sin\u00f4nimo de desempenho, qualidade e confiabilidade. Ele n\u00e3o apenas permite capturar seus momentos, mas tamb\u00e9m armazena e compartilha todas as experi\u00eancias onde voc\u00ea encontrar inspira\u00e7\u00e3o. Com a SanDisk, voc\u00ea poder\u00e1 capturar, salvar, acessar e transformar todos os tipos de dados.<\/p>\n<p>Otimize espa\u00e7o e economize tempo<br \/>\nEste cart\u00e3o microSDXC oferece recursos de armazenamento confi\u00e1veis \u200b\u200be de alto desempenho. Ideal para gravar v\u00eddeos e fotos em alta resolu\u00e7\u00e3o com alto n\u00edvel de detalhes.<\/p>\n<p>Performance m\u00e1xima<br \/>\nEconomize tempo gra\u00e7as \u00e0s velocidades Classe 10 que transferem dados de forma r\u00e1pida e eficiente.<\/p>\n<p>Vers\u00e1til e funcional<br \/>\nUse-o onde quiser! Os adaptadores SD permitem inserir facilmente o cart\u00e3o em uma variedade de dispositivos eletr\u00f4nicos, permitindo trocar cart\u00f5es e liberar espa\u00e7o necess\u00e1rio em seu computador.<\/p>\n<p>Salve seu v\u00eddeo na resolu\u00e7\u00e3o m\u00e1xima<br \/>\nGra\u00e7as \u00e0 tecnologia avan\u00e7ada, voc\u00ea pode gravar v\u00eddeos com qualidade Full HD. Aproveite cada momento de suas fotos sem se preocupar com a qualidade do armazenamento.<\/p>\n","protected":false},"excerpt":{"rendered":"<p>Cart\u00e3o de mem\u00f3ria SanDisk<\/p>\n","protected":false},"featured_media":2361,"comment_status":"open","ping_status":"closed","template":"","meta":[],"product_brand":[],"product_cat":[85],"product_tag":[87,130],"class_list":{"0":"post-2360","1":"product","2":"type-product","3":"status-publish","4":"has-post-thumbnail","6":"product_cat-cartoes-de-memoria","7":"product_tag-cartao-de-memoria","8":"product_tag-cartao-sd","10":"first","11":"instock","12":"shipping-taxable","13":"purchasable","14":"product-type-simple"},"_links":{"self":[{"href":"https:\/\/hadgitec.com.br\/loja\/wp-json\/wp\/v2\/product\/2360","targetHints":{"allow":["GET"]}}],"collection":[{"href":"https:\/\/hadgitec.com.br\/loja\/wp-json\/wp\/v2\/product"}],"about":[{"href":"https:\/\/hadgitec.com.br\/loja\/wp-json\/wp\/v2\/types\/product"}],"replies":[{"embeddable":true,"href":"https:\/\/hadgitec.com.br\/loja\/wp-json\/wp\/v2\/comments?post=2360"}],"wp:featuredmedia":[{"embeddable":true,"href":"https:\/\/hadgitec.com.br\/loja\/wp-json\/wp\/v2\/media\/2361"}],"wp:attachment":[{"href":"https:\/\/hadgitec.com.br\/loja\/wp-json\/wp\/v2\/media?parent=2360"}],"wp:term":[{"taxonomy":"product_brand","embeddable":true,"href":"https:\/\/hadgitec.com.br\/loja\/wp-json\/wp\/v2\/product_brand?post=2360"},{"taxonomy":"product_cat","embeddable":true,"href":"https:\/\/hadgitec.com.br\/loja\/wp-json\/wp\/v2\/product_cat?post=2360"},{"taxonomy":"product_tag","embeddable":true,"href":"https:\/\/hadgitec.com.br\/loja\/wp-json\/wp\/v2\/product_tag?post=2360"}],"curies":[{"name":"wp","href":"https:\/\/api.w.org\/{rel}","templated":true}]}}