{"id":2356,"date":"2024-09-21T10:05:42","date_gmt":"2024-09-21T13:05:42","guid":{"rendered":"https:\/\/hadgitec.com.br\/loja\/?post_type=product&#038;p=2356"},"modified":"2024-09-21T10:05:42","modified_gmt":"2024-09-21T13:05:42","slug":"hmaston-rs28-fone-de-ouvido-para-jogos-bluetooth-sem-fio-tws","status":"publish","type":"product","link":"https:\/\/hadgitec.com.br\/loja\/produto\/hmaston-rs28-fone-de-ouvido-para-jogos-bluetooth-sem-fio-tws\/","title":{"rendered":"Hmaston Rs28 Fone De Ouvido Para Jogos Bluetooth Sem Fio Tws"},"content":{"rendered":"<p>Um fone de ouvido espec\u00edfico para jogos \u00e9 um equipamento indispens\u00e1vel para todos os entusiastas de jogos. Este fone de ouvido Bluetooth para jogos permite que voc\u00ea experimente a imers\u00e3o na cena de outra maneira.<\/p>\n<p>Este \u00e9 um fone de ouvido sem fio com tecnologia TWS,perfeito para m\u00fasica e jogos. Desfrute de \u00e1udio superior com cancelamento de ru\u00eddo para m\u00e1xima concentra\u00e7\u00e3o. O controle de toque de alta precis\u00e3o permite executar comandos com alto grau de versatilidade,com lat\u00eancia t\u00e3o baixa quanto 0,06 segundos e transmiss\u00e3o mais r\u00e1pida e est\u00e1vel!<\/p>\n<p>1.Vers\u00e3o Bluetooth 5.3 avan\u00e7ada: Este fone de ouvido Bluetooth tem menor consumo de energia,suporta dist\u00e2ncia de controle de 15m,emparelhamento r\u00e1pido e menor lat\u00eancia,trazendo uma experi\u00eancia de jogo mais suave.<\/p>\n<p>2.Bateria super longa: Capacidade da bateria de 35mAh, 250 horas em espera.Com um controle de volume razo\u00e1vel,uma carga pode permitir que voc\u00ea mantenha 7 horas de conversa\u00e7\u00e3o ou 6 horas de m\u00fasica ininterrupta.O compartimento de carga de grande capacidade de 300mAh pode garantir o fornecimento de energia dos fones de ouvido quando voc\u00ea estiver fora por muito tempo.<\/p>\n<p>3.Redu\u00e7\u00e3o de ru\u00eddo de chamada ultra-clara: O fone de ouvido \u00e9 equipado com microfone,que possui boa fun\u00e7\u00e3o de redu\u00e7\u00e3o de ru\u00eddo,reduzindo o impacto do ambiente externo e obtendo uma melhor experi\u00eancia imersiva.<\/p>\n<p>4.Compatibilidade para a maioria dos dispositivos: Funciona com todos os Android,Apple,laptops\/PCs e consoles de jogos habilitados para Bluetooth.<\/p>\n<p>5.Design de uso ergon\u00f4mico: O design intra-auricular se ajusta ao canal auditivo com mais firmeza,proporcionando um ajuste seguro e confort\u00e1vel para uso a longo prazo.<\/p>\n<p>6.Cada fone pode ser usado de forma independente: Este fone de ouvido Bluetooth n\u00e3o \u00e9 dividido em prim\u00e1rio e secund\u00e1rio. Possui hosts duplos e canais duplos,e os fones esquerdo e direito podem ser usados a qualquer momento.<\/p>\n<p>7.Som Surround de alta fidelidade: Audi\u00e7\u00e3o est\u00e9reo envolvente de 360\u00b0,alcan\u00e7ando o equil\u00edbrio apropriado da m\u00fasica entre agudos,m\u00e9dios e graves.<br \/>\n8.Luz de respira\u00e7\u00e3o colorida: Abra a tampa do compartimento de recarga para exibir a luz LED colorida,que far\u00e3o voc\u00ea parecer legal quando usado \u00e0 noite.<\/p>\n<p>Par\u00e2metro:<br \/>\nModelo: Fone de ouvido Bluetooth para jogos H&#8217;maston RS-30<br \/>\nVers\u00e3o Bluetooth: V5.3<br \/>\nAlto-falante: 13mm<br \/>\n\u00c0 prova d&#8217;\u00e1gua: Sim<br \/>\nDist\u00e2ncia de transmiss\u00e3o Bluetooth: 15M<br \/>\nTempo em espera: 250 H<br \/>\nTempo de conversa\u00e7\u00e3o: 7 H<br \/>\nTempo de m\u00fasica: 6 H<br \/>\nTempo de carregamento: 1 H<br \/>\nCapacidade da bateria do fone de ouvido: 35mAh<br \/>\nCapacidade do estojo de recarga: 300mAh<\/p>\n<p>Conte\u00fado da embalagem:<br \/>\n1.Fone de ouvido Bluetooth x 1<br \/>\n2.Estojo de recarga x 1<br \/>\n3.Cabo de carregamento USB x 1<\/p>\n<p>Garantia do vendedor: 3 dias<\/p>\n","protected":false},"excerpt":{"rendered":"<p>Hmaston Rs28 Fone<\/p>\n","protected":false},"featured_media":2357,"comment_status":"open","ping_status":"closed","template":"","meta":[],"product_brand":[],"product_cat":[127],"product_tag":[128],"class_list":{"0":"post-2356","1":"product","2":"type-product","3":"status-publish","4":"has-post-thumbnail","6":"product_cat-fone-bluetooth","7":"product_tag-fone-bluetooth","9":"first","10":"instock","11":"shipping-taxable","12":"purchasable","13":"product-type-simple"},"_links":{"self":[{"href":"https:\/\/hadgitec.com.br\/loja\/wp-json\/wp\/v2\/product\/2356","targetHints":{"allow":["GET"]}}],"collection":[{"href":"https:\/\/hadgitec.com.br\/loja\/wp-json\/wp\/v2\/product"}],"about":[{"href":"https:\/\/hadgitec.com.br\/loja\/wp-json\/wp\/v2\/types\/product"}],"replies":[{"embeddable":true,"href":"https:\/\/hadgitec.com.br\/loja\/wp-json\/wp\/v2\/comments?post=2356"}],"wp:featuredmedia":[{"embeddable":true,"href":"https:\/\/hadgitec.com.br\/loja\/wp-json\/wp\/v2\/media\/2357"}],"wp:attachment":[{"href":"https:\/\/hadgitec.com.br\/loja\/wp-json\/wp\/v2\/media?parent=2356"}],"wp:term":[{"taxonomy":"product_brand","embeddable":true,"href":"https:\/\/hadgitec.com.br\/loja\/wp-json\/wp\/v2\/product_brand?post=2356"},{"taxonomy":"product_cat","embeddable":true,"href":"https:\/\/hadgitec.com.br\/loja\/wp-json\/wp\/v2\/product_cat?post=2356"},{"taxonomy":"product_tag","embeddable":true,"href":"https:\/\/hadgitec.com.br\/loja\/wp-json\/wp\/v2\/product_tag?post=2356"}],"curies":[{"name":"wp","href":"https:\/\/api.w.org\/{rel}","templated":true}]}}