{"id":2348,"date":"2024-09-21T09:09:44","date_gmt":"2024-09-21T12:09:44","guid":{"rendered":"https:\/\/hadgitec.com.br\/loja\/?post_type=product&#038;p=2348"},"modified":"2024-09-21T09:09:45","modified_gmt":"2024-09-21T12:09:45","slug":"fone-de-ouvido-sem-fio-bluetooth-rs25-hmaston-tws-top-cor-preto","status":"publish","type":"product","link":"https:\/\/hadgitec.com.br\/loja\/produto\/fone-de-ouvido-sem-fio-bluetooth-rs25-hmaston-tws-top-cor-preto\/","title":{"rendered":"Fone De Ouvido Sem Fio Bluetooth Rs25 H\u00b4maston Tws Top Cor Preto"},"content":{"rendered":"<p>Fone de Ouvido com design moderno e super confort\u00e1vel. Com qualidade sonora perfeita para reprodu\u00e7\u00e3o de m\u00fasicas e \u00e1udios diversos.<\/p>\n<p>Especifica\u00e7\u00f5es:<br \/>\n&#8211; Sensibilidade: 95 + 3db<br \/>\n&#8211; Conectividade: bluetooth, sem fio<br \/>\n&#8211; Vers\u00e3o de Bluetooth: V5.0 + EDR<br \/>\n&#8211; Tempo de Espera: 8h a 10h<br \/>\n&#8211; Tempo para m\u00fasica: aprox. 4h a 5h<br \/>\n&#8211; Tempo de conversa\u00e7\u00e3o: aprox. 4h a 5h<br \/>\n&#8211; Tempo de Carregamento: 1h a 2h<br \/>\n&#8211; Dist\u00e2ncia de transmiss\u00e3o: 10m<br \/>\n&#8211; Bateria do case de carregamento: 1200 mAh<br \/>\n&#8211; Bateria do fone: 50 mAh<br \/>\n&#8211; Resposta de frequ\u00eancia: 34-20KHZ<br \/>\n&#8211; Compat\u00edvel com: todos os aparelhos com bluetooth.<\/p>\n","protected":false},"excerpt":{"rendered":"<p>Fone De Ouvido Sem Fio Bluetooth<\/p>\n","protected":false},"featured_media":2349,"comment_status":"open","ping_status":"closed","template":"","meta":[],"product_brand":[],"product_cat":[127],"product_tag":[128,129],"class_list":{"0":"post-2348","1":"product","2":"type-product","3":"status-publish","4":"has-post-thumbnail","6":"product_cat-fone-bluetooth","7":"product_tag-fone-bluetooth","8":"product_tag-fone-de-ouvido","10":"first","11":"instock","12":"shipping-taxable","13":"purchasable","14":"product-type-simple"},"_links":{"self":[{"href":"https:\/\/hadgitec.com.br\/loja\/wp-json\/wp\/v2\/product\/2348","targetHints":{"allow":["GET"]}}],"collection":[{"href":"https:\/\/hadgitec.com.br\/loja\/wp-json\/wp\/v2\/product"}],"about":[{"href":"https:\/\/hadgitec.com.br\/loja\/wp-json\/wp\/v2\/types\/product"}],"replies":[{"embeddable":true,"href":"https:\/\/hadgitec.com.br\/loja\/wp-json\/wp\/v2\/comments?post=2348"}],"wp:featuredmedia":[{"embeddable":true,"href":"https:\/\/hadgitec.com.br\/loja\/wp-json\/wp\/v2\/media\/2349"}],"wp:attachment":[{"href":"https:\/\/hadgitec.com.br\/loja\/wp-json\/wp\/v2\/media?parent=2348"}],"wp:term":[{"taxonomy":"product_brand","embeddable":true,"href":"https:\/\/hadgitec.com.br\/loja\/wp-json\/wp\/v2\/product_brand?post=2348"},{"taxonomy":"product_cat","embeddable":true,"href":"https:\/\/hadgitec.com.br\/loja\/wp-json\/wp\/v2\/product_cat?post=2348"},{"taxonomy":"product_tag","embeddable":true,"href":"https:\/\/hadgitec.com.br\/loja\/wp-json\/wp\/v2\/product_tag?post=2348"}],"curies":[{"name":"wp","href":"https:\/\/api.w.org\/{rel}","templated":true}]}}