{"id":2346,"date":"2024-09-21T08:56:32","date_gmt":"2024-09-21T11:56:32","guid":{"rendered":"https:\/\/hadgitec.com.br\/loja\/?post_type=product&#038;p=2346"},"modified":"2024-09-21T08:56:32","modified_gmt":"2024-09-21T11:56:32","slug":"pendrive-sandisk-cruzer-blade-128gb-2-0-preto-e-vermelho","status":"publish","type":"product","link":"https:\/\/hadgitec.com.br\/loja\/produto\/pendrive-sandisk-cruzer-blade-128gb-2-0-preto-e-vermelho\/","title":{"rendered":"Pendrive SanDisk Cruzer Blade 128GB 2.0 preto e vermelho"},"content":{"rendered":"<p>A SanDisk \u00e9 sin\u00f4nimo de desempenho, qualidade e confiabilidade. Seus dispositivos se destacam por um estilo moderno e compacto; por sua vez, pela sua grande capacidade de armazenamento que lhe dar\u00e1 a possibilidade de fazer backup, transferir e compartilhar seus arquivos. Esta unidade USB permitir\u00e1 que voc\u00ea leve suas fotos, filmes, m\u00fasicas e dados pessoais onde quer que voc\u00ea v\u00e1.<\/p>\n<p>Capacidade adaptada \u00e0s suas necessidades<br \/>\nEsta pendrive permitir\u00e1 que voc\u00ea armazene at\u00e9 128 GB para que voc\u00ea possa salvar grande quantidade de informa\u00e7\u00e3o, imagens ou outros tipos de arquivos.<\/p>\n<p>Esque\u00e7a da tampa<br \/>\nEste modelo \u00e9 caracterizado por um design conveniente sem tampa que elimina o problema de perd\u00ea-la, o que lhe dar\u00e1 maior conforto e tranquilidade.<\/p>\n<p>Mais seguro e pr\u00e1tico<br \/>\nCom este dispositivo voc\u00ea poder\u00e1 manter seus arquivos sempre protegidos. Al\u00e9m disso seu uso \u00e9 muito pr\u00e1tico: voc\u00ea s\u00f3 precisa conect\u00e1-lo ao dispositivo e arrastar os arquivos para a unidade.<\/p>\n<p>Leve sempre com voc\u00ea.<br \/>\nPossui um design super compacto, fino e resistente para que voc\u00ea possa lev\u00e1-lo onde quer que v\u00e1. Voc\u00ea poder\u00e1 us\u00e1-lo e transport\u00e1-lo com facilidade quando voc\u00ea se mover de um lado para o outro!<\/p>\n","protected":false},"excerpt":{"rendered":"<p>Pendrive SanDisk<\/p>\n","protected":false},"featured_media":2337,"comment_status":"open","ping_status":"closed","template":"","meta":[],"product_brand":[],"product_cat":[125],"product_tag":[124,112],"class_list":{"0":"post-2346","1":"product","2":"type-product","3":"status-publish","4":"has-post-thumbnail","6":"product_cat-pendrive","7":"product_tag-pendrive","8":"product_tag-usb","10":"first","11":"instock","12":"shipping-taxable","13":"purchasable","14":"product-type-simple"},"_links":{"self":[{"href":"https:\/\/hadgitec.com.br\/loja\/wp-json\/wp\/v2\/product\/2346","targetHints":{"allow":["GET"]}}],"collection":[{"href":"https:\/\/hadgitec.com.br\/loja\/wp-json\/wp\/v2\/product"}],"about":[{"href":"https:\/\/hadgitec.com.br\/loja\/wp-json\/wp\/v2\/types\/product"}],"replies":[{"embeddable":true,"href":"https:\/\/hadgitec.com.br\/loja\/wp-json\/wp\/v2\/comments?post=2346"}],"wp:featuredmedia":[{"embeddable":true,"href":"https:\/\/hadgitec.com.br\/loja\/wp-json\/wp\/v2\/media\/2337"}],"wp:attachment":[{"href":"https:\/\/hadgitec.com.br\/loja\/wp-json\/wp\/v2\/media?parent=2346"}],"wp:term":[{"taxonomy":"product_brand","embeddable":true,"href":"https:\/\/hadgitec.com.br\/loja\/wp-json\/wp\/v2\/product_brand?post=2346"},{"taxonomy":"product_cat","embeddable":true,"href":"https:\/\/hadgitec.com.br\/loja\/wp-json\/wp\/v2\/product_cat?post=2346"},{"taxonomy":"product_tag","embeddable":true,"href":"https:\/\/hadgitec.com.br\/loja\/wp-json\/wp\/v2\/product_tag?post=2346"}],"curies":[{"name":"wp","href":"https:\/\/api.w.org\/{rel}","templated":true}]}}