{"id":2341,"date":"2024-09-21T08:45:31","date_gmt":"2024-09-21T11:45:31","guid":{"rendered":"https:\/\/hadgitec.com.br\/loja\/?post_type=product&#038;p=2341"},"modified":"2024-09-21T08:46:19","modified_gmt":"2024-09-21T11:46:19","slug":"pendrive-sandisk-cruzer-blade-32gb-usb-2-0-sdcz50-032g-b35-cor-preto","status":"publish","type":"product","link":"https:\/\/hadgitec.com.br\/loja\/produto\/pendrive-sandisk-cruzer-blade-32gb-usb-2-0-sdcz50-032g-b35-cor-preto\/","title":{"rendered":"Pendrive Sandisk Cruzer Blade 32gb Usb 2.0 Sdcz50-032g-b35 Cor Preto"},"content":{"rendered":"<p>Aprecie a Ampla Capacidade e Portabilidade M\u00e1xima<\/p>\n<p>Com design compacto e elegante e capacidade generosa, o Pendrive facilita fazer back-up,, transferir e compartilhar seus arquivos. Dispon\u00edveis em capacidades de at\u00e9 128 GB1 , esse drive USB permite que voc\u00ea carregue fotos, filmes, m\u00fasicas e dados pessoais aonde voc\u00ea for.<\/p>\n<p>Design Compacto para Oferecer Portabilidade M\u00e1xima<br \/>\nO Pendrive Cruzer Blade apresenta design compacto que cabe facilmente no bolso ou maleta do computador. Esse drive USB tem design elegante em vermelho e preto, que combina com muitos dispositivos eletr\u00f4nicos.<\/p>\n<p>Unidade de Alta Capacidade Acomoda os Seus Arquivos de M\u00eddia Favoritos<br \/>\nProjetado pela SanDisk, uma l\u00edder na inova\u00e7\u00e3o em mem\u00f3ria flash, o Pendrive Cruzer Blade oferece uma capacidade generosa em um formato compacto. Dispon\u00edvel em tamanhos de at\u00e9 128 GB1, esse drive USB pode guardar todos os seus arquivos imprescind\u00edveis.<\/p>\n<p>Backup de Arquivo Simples do Tipo Arrastar e Soltar<br \/>\n\u00c9 f\u00e1cil transferir dados para o Pendrive Cruzer Blade: basta conectar o pendrive \u00e0 porta USB do computador e arrastar e soltar os arquivos na pasta do pendrive. Depois de um download r\u00e1pido do driver no primeiro uso, o pendrive USB permite que voc\u00ea comece a armazenar, transportar e compartilhar dados imediatamente.<\/p>\n","protected":false},"excerpt":{"rendered":"<p>Pendrive Sandisk Cruzer<\/p>\n","protected":false},"featured_media":2337,"comment_status":"open","ping_status":"closed","template":"","meta":[],"product_brand":[],"product_cat":[125],"product_tag":[126,124,112],"class_list":{"0":"post-2341","1":"product","2":"type-product","3":"status-publish","4":"has-post-thumbnail","6":"product_cat-pendrive","7":"product_tag-armazenamento","8":"product_tag-pendrive","9":"product_tag-usb","11":"first","12":"instock","13":"shipping-taxable","14":"purchasable","15":"product-type-simple"},"_links":{"self":[{"href":"https:\/\/hadgitec.com.br\/loja\/wp-json\/wp\/v2\/product\/2341","targetHints":{"allow":["GET"]}}],"collection":[{"href":"https:\/\/hadgitec.com.br\/loja\/wp-json\/wp\/v2\/product"}],"about":[{"href":"https:\/\/hadgitec.com.br\/loja\/wp-json\/wp\/v2\/types\/product"}],"replies":[{"embeddable":true,"href":"https:\/\/hadgitec.com.br\/loja\/wp-json\/wp\/v2\/comments?post=2341"}],"wp:featuredmedia":[{"embeddable":true,"href":"https:\/\/hadgitec.com.br\/loja\/wp-json\/wp\/v2\/media\/2337"}],"wp:attachment":[{"href":"https:\/\/hadgitec.com.br\/loja\/wp-json\/wp\/v2\/media?parent=2341"}],"wp:term":[{"taxonomy":"product_brand","embeddable":true,"href":"https:\/\/hadgitec.com.br\/loja\/wp-json\/wp\/v2\/product_brand?post=2341"},{"taxonomy":"product_cat","embeddable":true,"href":"https:\/\/hadgitec.com.br\/loja\/wp-json\/wp\/v2\/product_cat?post=2341"},{"taxonomy":"product_tag","embeddable":true,"href":"https:\/\/hadgitec.com.br\/loja\/wp-json\/wp\/v2\/product_tag?post=2341"}],"curies":[{"name":"wp","href":"https:\/\/api.w.org\/{rel}","templated":true}]}}