{"id":2338,"date":"2024-09-21T08:39:47","date_gmt":"2024-09-21T11:39:47","guid":{"rendered":"https:\/\/hadgitec.com.br\/loja\/?post_type=product&#038;p=2338"},"modified":"2024-09-21T08:39:47","modified_gmt":"2024-09-21T11:39:47","slug":"pendrive-sandisk-cruzer-blade-16gb-2-0-preto-e-vermelho","status":"publish","type":"product","link":"https:\/\/hadgitec.com.br\/loja\/produto\/pendrive-sandisk-cruzer-blade-16gb-2-0-preto-e-vermelho\/","title":{"rendered":"Pendrive SanDisk Cruzer Blade 16GB 2.0 preto e vermelho"},"content":{"rendered":"<p>O Pen Drive Cruzer Blade USB 2.0 da SanDisk \u00e9 uma solu\u00e7\u00e3o confi\u00e1vel e compacta para armazenamento de dados. Com o modelo Cruzer Blade, voc\u00ea obt\u00e9m uma capacidade de 16GB em um formato pequeno e port\u00e1til, perfeito para transportar seus arquivos importantes de forma conveniente.<\/p>\n<p>Com uma interface USB 2.0, oferece compatibilidade ampla com uma variedade de dispositivos, incluindo computadores e laptops mais antigos que podem n\u00e3o suportar USB 3.0. Sua velocidade de leitura de at\u00e9 10 MB\/s permite transfer\u00eancias r\u00e1pidas de dados, proporcionando efici\u00eancia no acesso aos seus arquivos.<\/p>\n<p>Compat\u00edvel com sistemas operacionais como Windows XP, Windows Vista, Windows 7 e Mac OS X v10.5+ (para Mac, \u00e9 necess\u00e1rio fazer o download do software SanDisk SecureAccess), este pen drive atende \u00e0s necessidades de usu\u00e1rios de diferentes plataformas.<\/p>\n<p>Com o Pen Drive Cruzer Blade USB 2.0 da SanDisk, voc\u00ea pode armazenar, transportar e acessar seus arquivos com facilidade e seguran\u00e7a, onde quer que v\u00e1.<\/p>\n","protected":false},"excerpt":{"rendered":"<p>Pendrive SanDisk<\/p>\n","protected":false},"featured_media":2337,"comment_status":"open","ping_status":"closed","template":"","meta":[],"product_brand":[],"product_cat":[125],"product_tag":[124,112],"class_list":{"0":"post-2338","1":"product","2":"type-product","3":"status-publish","4":"has-post-thumbnail","6":"product_cat-pendrive","7":"product_tag-pendrive","8":"product_tag-usb","10":"first","11":"instock","12":"shipping-taxable","13":"purchasable","14":"product-type-simple"},"_links":{"self":[{"href":"https:\/\/hadgitec.com.br\/loja\/wp-json\/wp\/v2\/product\/2338","targetHints":{"allow":["GET"]}}],"collection":[{"href":"https:\/\/hadgitec.com.br\/loja\/wp-json\/wp\/v2\/product"}],"about":[{"href":"https:\/\/hadgitec.com.br\/loja\/wp-json\/wp\/v2\/types\/product"}],"replies":[{"embeddable":true,"href":"https:\/\/hadgitec.com.br\/loja\/wp-json\/wp\/v2\/comments?post=2338"}],"wp:featuredmedia":[{"embeddable":true,"href":"https:\/\/hadgitec.com.br\/loja\/wp-json\/wp\/v2\/media\/2337"}],"wp:attachment":[{"href":"https:\/\/hadgitec.com.br\/loja\/wp-json\/wp\/v2\/media?parent=2338"}],"wp:term":[{"taxonomy":"product_brand","embeddable":true,"href":"https:\/\/hadgitec.com.br\/loja\/wp-json\/wp\/v2\/product_brand?post=2338"},{"taxonomy":"product_cat","embeddable":true,"href":"https:\/\/hadgitec.com.br\/loja\/wp-json\/wp\/v2\/product_cat?post=2338"},{"taxonomy":"product_tag","embeddable":true,"href":"https:\/\/hadgitec.com.br\/loja\/wp-json\/wp\/v2\/product_tag?post=2338"}],"curies":[{"name":"wp","href":"https:\/\/api.w.org\/{rel}","templated":true}]}}