{"id":2332,"date":"2024-09-20T16:52:23","date_gmt":"2024-09-20T19:52:23","guid":{"rendered":"https:\/\/hadgitec.com.br\/loja\/?post_type=product&#038;p=2332"},"modified":"2024-09-20T16:52:24","modified_gmt":"2024-09-20T19:52:24","slug":"relogio-inteligente-s8-ultra-max-laranja","status":"publish","type":"product","link":"https:\/\/hadgitec.com.br\/loja\/produto\/relogio-inteligente-s8-ultra-max-laranja\/","title":{"rendered":"Rel\u00f3gio Inteligente S8 Ultra Max Laranja"},"content":{"rendered":"<p>Esse rel\u00f3gio vai auxiliar suas atividades di\u00e1rias! Ele se conecta com seu celular seja ele do sistema IOS ou Android, notificando novas mensagens, monitorando sua frequ\u00eancia card\u00edaca, sono, al\u00e9m de te mandar lembretes avisando sobre o seu sedentarismo.<\/p>\n<p>FUNCIONALIDADES<br \/>\n&#8211; Monitor da qualidade do sono<br \/>\nTer o seu sono automaticamente monitorado \u00e9 uma das vantagens do dispositivo que tra\u00e7a um gr\u00e1fico analisando a qualidade e a intensidade do sono leve ou profundo.<\/p>\n<p>&#8211; Monitor de batimento card\u00edaco<br \/>\nFaz medi\u00e7\u00e3o dos batimentos card\u00edacos continuamente por 24 horas<br \/>\nOs dados da frequ\u00eancia card\u00edaca s\u00e3o apenas para sua refer\u00eancia para ajustar o seu exerc\u00edcio, N\u00c3O para uso m\u00e9dico (n\u00e3o serve para uso profissional).<\/p>\n<p>&#8211; Monitor de oxig\u00eanio no sangue<br \/>\nTecnologia avan\u00e7ada para medir a satura\u00e7\u00e3o de oxig\u00eanio, informando sua condi\u00e7\u00e3o f\u00edsica em todos os momentos e lugares. Ao transferir os dados din\u00e2micos para o aplicativo, voc\u00ea pode obter uma vis\u00e3o geral de sua condi\u00e7\u00e3o card\u00edaca.<\/p>\n<p>&#8211; Localizador de celular<br \/>\nEncontre o seu celular quando ele estiver sincronizado com o rel\u00f3gio<\/p>\n<p>&#8211; Music Player<br \/>\nControle as m\u00fasicas de seu smartphone<\/p>\n<p>&#8211; C\u00e2mera<br \/>\nTire fotos com a c\u00e2mera do celular atrav\u00e9s do rel\u00f3gio<\/p>\n<p>&#8211; Previs\u00e3o do tempo<br \/>\nPara ver a previs\u00e3o do tempo \u00e9 necess\u00e1rio estar conectado no celular com internet<\/p>\n<p>&#8211; Fa\u00e7a liga\u00e7\u00f5es do celular atrav\u00e9s do rel\u00f3gio<br \/>\n&#8211; Agenda telef\u00f4nica<br \/>\n&#8211; Hist\u00f3rico de chamadas<br \/>\n&#8211; Submenu<br \/>\n&#8211; Caixinha de som<br \/>\n&#8211; Microfone<br \/>\n&#8211; Bot\u00e3o girat\u00f3rio funcional<br \/>\n&#8211; Monitoramento da press\u00e3o arterial<br \/>\n&#8211; Treinamento da respira\u00e7\u00e3o<br \/>\n&#8211; Ped\u00f4metro<br \/>\n&#8211; Contador de calorias<br \/>\n&#8211; Rastreador de sa\u00fade<br \/>\n&#8211; Modo Multiesportes<br \/>\n&#8211; Bar\u00f4metro<br \/>\n&#8211; Cron\u00f4metro<br \/>\n&#8211; Contagem regressiva<br \/>\n&#8211; Calculadora<br \/>\n&#8211; Alarme<\/p>\n<p>Quando sincronizado com o celular, todas as notifica\u00e7\u00f5es configuradas atrav\u00e9s do aplicativo s\u00e3o enviadas para o dispositivo, com notifica\u00e7\u00f5es vibrat\u00f3rias e no display.<\/p>\n<p>Descri\u00e7\u00f5es t\u00e9cnicas:<br \/>\n&#8211; Muitas op\u00e7\u00f5es de mostradores (tela inicial)<br \/>\n&#8211; V\u00e1rios modos de esportes<br \/>\n&#8211; Compatibilidade: Android e IOS<br \/>\n&#8211; Tela de\u00a02.08\u00a0polegadas IPS Full Touch Screen<br \/>\n&#8211; Resolu\u00e7\u00e3o: 420*485<br \/>\n&#8211; Plataforma de hardware:\u00a0HS6621<br \/>\n&#8211; Bateria de 380 mah<br \/>\n&#8211; Idioma: Portugu\u00eas, espanhol, ingl\u00eas, alem\u00e3o e etc.<br \/>\n&#8211; Material da caixa: Titanium<br \/>\n&#8211; Cor da caixa: Prata<br \/>\n&#8211; Tamanho da caixa: 49mm x 44mm<br \/>\n&#8211; Material da pulseira: Nylon<br \/>\n&#8211; Cor da pulseira: Laranja<br \/>\n&#8211; IP67 resistente a \u00e1gua e a poeira (adequado para uso di\u00e1rio, respingo\/resistente \u00e0 chuva. N\u00e3o \u00e9 adequado para tomar banho, mergulhar e nadar).<br \/>\nEvitar ao m\u00e1ximo chuveiro quente e sauna, o vapor d\u2019\u00e1gua danifica o equipamento. N\u00e3o nos responsabilizamos por mau uso. Garantimos apenas defeitos de fabrica\u00e7\u00e3o.<br \/>\n&#8211; Chamadas e mensagens do celular, necessitam pareamento bluetooth: Chamada, Instagram, Facebook, Whatsapp e etc .. tudo ser\u00e1 notificado quando receber uma mensagem no celular.<br \/>\n&#8211; As informa\u00e7\u00f5es das medi\u00e7\u00f5es de sa\u00fade n\u00e3o s\u00e3o precisas, elas simplesmente d\u00e3o uma m\u00e9dia para o ajuste dos seus exerc\u00edcios.<\/p>\n<p>O pacote inclui:<br \/>\n1x Cabo, 1x Manual de Instru\u00e7\u00f5es, 1x Rel\u00f3gio.<\/p>\n<p>Garantia do vendedor: 3 meses<\/p>\n","protected":false},"excerpt":{"rendered":"<h1 class=\"ui-pdp-title\">Rel\u00f3gio Inteligente S8 Ultra<\/h1>\n","protected":false},"featured_media":2333,"comment_status":"open","ping_status":"closed","template":"","meta":[],"product_brand":[],"product_cat":[23],"product_tag":[27,29],"class_list":{"0":"post-2332","1":"product","2":"type-product","3":"status-publish","4":"has-post-thumbnail","6":"product_cat-relogios","7":"product_tag-relogio","8":"product_tag-smartwatch","10":"first","11":"instock","12":"shipping-taxable","13":"purchasable","14":"product-type-simple"},"_links":{"self":[{"href":"https:\/\/hadgitec.com.br\/loja\/wp-json\/wp\/v2\/product\/2332","targetHints":{"allow":["GET"]}}],"collection":[{"href":"https:\/\/hadgitec.com.br\/loja\/wp-json\/wp\/v2\/product"}],"about":[{"href":"https:\/\/hadgitec.com.br\/loja\/wp-json\/wp\/v2\/types\/product"}],"replies":[{"embeddable":true,"href":"https:\/\/hadgitec.com.br\/loja\/wp-json\/wp\/v2\/comments?post=2332"}],"wp:featuredmedia":[{"embeddable":true,"href":"https:\/\/hadgitec.com.br\/loja\/wp-json\/wp\/v2\/media\/2333"}],"wp:attachment":[{"href":"https:\/\/hadgitec.com.br\/loja\/wp-json\/wp\/v2\/media?parent=2332"}],"wp:term":[{"taxonomy":"product_brand","embeddable":true,"href":"https:\/\/hadgitec.com.br\/loja\/wp-json\/wp\/v2\/product_brand?post=2332"},{"taxonomy":"product_cat","embeddable":true,"href":"https:\/\/hadgitec.com.br\/loja\/wp-json\/wp\/v2\/product_cat?post=2332"},{"taxonomy":"product_tag","embeddable":true,"href":"https:\/\/hadgitec.com.br\/loja\/wp-json\/wp\/v2\/product_tag?post=2332"}],"curies":[{"name":"wp","href":"https:\/\/api.w.org\/{rel}","templated":true}]}}