{"id":2328,"date":"2024-09-20T16:35:59","date_gmt":"2024-09-20T19:35:59","guid":{"rendered":"https:\/\/hadgitec.com.br\/loja\/?post_type=product&#038;p=2328"},"modified":"2024-09-20T16:44:10","modified_gmt":"2024-09-20T19:44:10","slug":"monitor-19-polegadas-vxpro-vx190z-1440x900-60hz-hdmi-e-vga","status":"publish","type":"product","link":"https:\/\/hadgitec.com.br\/loja\/produto\/monitor-19-polegadas-vxpro-vx190z-1440x900-60hz-hdmi-e-vga\/","title":{"rendered":"Monitor 19 Polegadas Vxpro Vx190z, 1440&#215;900 60hz, Hdmi E Vga"},"content":{"rendered":"<p>Monitor VX Pro VX190Z, 19 Polegadas, WXGA, 60hz HDMI\/VGA Preto &#8211; VX190Z<\/p>\n<p>Desfrute de imagens n\u00edtidas com o monitor VX Pro VX190Z de 19 polegadas, oferecendo resolu\u00e7\u00e3o de 1440 x 900 pixels e 75 Hz de frequ\u00eancia. Com um tempo de resposta de 5ms e \u00e2ngulo de vis\u00e3o de 170\u00b0, \u00e9 perfeito para trabalho e entretenimento. Conta com entradas VGA e HDMI, contraste de 5000:1 e exibe 16,7 milh\u00f5es de cores para uma experi\u00eancia visual imersiva. Inclui cabo HDMI e de alimenta\u00e7\u00e3o.<\/p>\n<p>Descri\u00e7\u00e3o do Produto:<br \/>\nMarca: VX Pro<br \/>\nModelo: VX190Z<\/p>\n<p>Caracter\u00edsticas<br \/>\n&#8211; Tamanho da tela: LED 19&#8243;<br \/>\n&#8211; Resolu\u00e7\u00e3o: 1440 x 900 Pixels @ 60Hz<br \/>\n&#8211; Pixel pitch: 0,267(H) x 0,269(V)mm<br \/>\n&#8211; Frequ\u00eancia: 75 Hz<br \/>\n&#8211; Cores de exibi\u00e7\u00e3o: 16,7 milh\u00f5es de cores (t\u00edpicas)<br \/>\n&#8211; Brilho: 280 cd\/m\u00b2 (T\u00edpico)<br \/>\n&#8211; Rela\u00e7\u00e3o de contraste: 5000:1 (t\u00edpica)DCR 10.000.000:1<br \/>\n&#8211; Tempo de resposta: 5ms (Typical)<br \/>\n&#8211; \u00c2ngulo de vis\u00e3o (CR=10): 170\u00b0\/160\u00b0(CR&gt;10)<br \/>\n&#8211; Entradas: 1 x VGA, 1 x HDMI<br \/>\n&#8211; Tipo de alimenta\u00e7\u00e3o: 100-240 VAC 60Hz<br \/>\n&#8211; Consumo: &lt;45W<br \/>\n&#8211; Em espera (DPMS): &lt;0,1W<br \/>\n&#8211; OSD: 11 (ingl\u00eas, franc\u00eas, alem\u00e3o, italiano, chin\u00eas simplificado, chin\u00eas tradicional, coreano, japon\u00eas, espanhol, portugu\u00eas, russo)<br \/>\n&#8211; Plug &amp; Play: Sim<br \/>\n&#8211; Cor da moldura frontal: Brilhante<\/p>\n<p>Acess\u00f3rios:<br \/>\n&#8211; Cabo de alimenta\u00e7\u00e3o<br \/>\n&#8211; Cabo HDMI<br \/>\n&#8211; Manual do usu\u00e1rio<\/p>\n<p>Garantia<br \/>\n12 meses de garantia<\/p>\n<p>Peso:<br \/>\n2500 gramas (bruto com embalagem)<\/p>\n<p>Garantia do vendedor: 12 meses<\/p>\n","protected":false},"excerpt":{"rendered":"<h1 class=\"ui-pdp-title\">Monitor 19 Polegadas<\/h1>\n","protected":false},"featured_media":2331,"comment_status":"open","ping_status":"closed","template":"","meta":[],"product_brand":[],"product_cat":[121],"product_tag":[123,122],"class_list":{"0":"post-2328","1":"product","2":"type-product","3":"status-publish","4":"has-post-thumbnail","6":"product_cat-monitores-iformatica","7":"product_tag-hdmi","8":"product_tag-monitor","10":"first","11":"instock","12":"shipping-taxable","13":"purchasable","14":"product-type-simple"},"_links":{"self":[{"href":"https:\/\/hadgitec.com.br\/loja\/wp-json\/wp\/v2\/product\/2328","targetHints":{"allow":["GET"]}}],"collection":[{"href":"https:\/\/hadgitec.com.br\/loja\/wp-json\/wp\/v2\/product"}],"about":[{"href":"https:\/\/hadgitec.com.br\/loja\/wp-json\/wp\/v2\/types\/product"}],"replies":[{"embeddable":true,"href":"https:\/\/hadgitec.com.br\/loja\/wp-json\/wp\/v2\/comments?post=2328"}],"wp:featuredmedia":[{"embeddable":true,"href":"https:\/\/hadgitec.com.br\/loja\/wp-json\/wp\/v2\/media\/2331"}],"wp:attachment":[{"href":"https:\/\/hadgitec.com.br\/loja\/wp-json\/wp\/v2\/media?parent=2328"}],"wp:term":[{"taxonomy":"product_brand","embeddable":true,"href":"https:\/\/hadgitec.com.br\/loja\/wp-json\/wp\/v2\/product_brand?post=2328"},{"taxonomy":"product_cat","embeddable":true,"href":"https:\/\/hadgitec.com.br\/loja\/wp-json\/wp\/v2\/product_cat?post=2328"},{"taxonomy":"product_tag","embeddable":true,"href":"https:\/\/hadgitec.com.br\/loja\/wp-json\/wp\/v2\/product_tag?post=2328"}],"curies":[{"name":"wp","href":"https:\/\/api.w.org\/{rel}","templated":true}]}}