{"id":2324,"date":"2024-09-20T15:24:18","date_gmt":"2024-09-20T18:24:18","guid":{"rendered":"https:\/\/hadgitec.com.br\/loja\/?post_type=product&#038;p=2324"},"modified":"2024-09-20T15:24:50","modified_gmt":"2024-09-20T18:24:50","slug":"roteador-wi-fi-dual-band-ac750-tp-link-archer-21","status":"publish","type":"product","link":"https:\/\/hadgitec.com.br\/loja\/produto\/roteador-wi-fi-dual-band-ac750-tp-link-archer-21\/","title":{"rendered":"Roteador Wi-fi Dual Band Ac750 Tp-link Archer 21"},"content":{"rendered":"<p>Roteador TP-Link Archer C21 AC750, Wireless Wi-Fi 5, Dual Band, 4 Antenas<br \/>\nCom o Roteador Wi-Fi 5 TP-Link Archer C21 voc\u00ea estar\u00e1 sempre conectado e poder\u00e1 aproveitar a internet em todos os locais da sua casa com muito mais estabilidade. Ele possui 4 antenas e velocidade sem fio de 433Mbps na frequ\u00eancia de 5GHz e de 300Mbps na frequ\u00eancia de 2.4GHz, sendo perfeito para diferentes atividades como streaming de v\u00eddeos, jogos online e downloads de arquivos. Sua estrutura conta com 4 portas LAN e 1 porta WAN. Os recursos avan\u00e7ados como controle dos pais e rede para visitantes possibilita um gerenciamento personalizado da sua rede. Al\u00e9m disso, este modelo possui design compacto e mont\u00e1vel que complementa qualquer decora\u00e7\u00e3o e otimiza o espa\u00e7o da sua casa. A instala\u00e7\u00e3o \u00e9 super pr\u00e1tica e pode ser conclu\u00edda em poucos minutos atrav\u00e9s de sua interface web intuitiva ou do poderoso aplicativo Tether.<\/p>\n","protected":false},"excerpt":{"rendered":"<h1 class=\"ui-pdp-title\">Roteador Wi-fi Dual Band Ac750 Tp-link Archer 21<\/h1>\n","protected":false},"featured_media":2325,"comment_status":"open","ping_status":"closed","template":"","meta":[],"product_brand":[],"product_cat":[37],"product_tag":[46,38,120],"class_list":{"0":"post-2324","1":"product","2":"type-product","3":"status-publish","4":"has-post-thumbnail","6":"product_cat-rede","7":"product_tag-rede","8":"product_tag-roteador","9":"product_tag-tplink","11":"first","12":"instock","13":"shipping-taxable","14":"purchasable","15":"product-type-simple"},"_links":{"self":[{"href":"https:\/\/hadgitec.com.br\/loja\/wp-json\/wp\/v2\/product\/2324","targetHints":{"allow":["GET"]}}],"collection":[{"href":"https:\/\/hadgitec.com.br\/loja\/wp-json\/wp\/v2\/product"}],"about":[{"href":"https:\/\/hadgitec.com.br\/loja\/wp-json\/wp\/v2\/types\/product"}],"replies":[{"embeddable":true,"href":"https:\/\/hadgitec.com.br\/loja\/wp-json\/wp\/v2\/comments?post=2324"}],"wp:featuredmedia":[{"embeddable":true,"href":"https:\/\/hadgitec.com.br\/loja\/wp-json\/wp\/v2\/media\/2325"}],"wp:attachment":[{"href":"https:\/\/hadgitec.com.br\/loja\/wp-json\/wp\/v2\/media?parent=2324"}],"wp:term":[{"taxonomy":"product_brand","embeddable":true,"href":"https:\/\/hadgitec.com.br\/loja\/wp-json\/wp\/v2\/product_brand?post=2324"},{"taxonomy":"product_cat","embeddable":true,"href":"https:\/\/hadgitec.com.br\/loja\/wp-json\/wp\/v2\/product_cat?post=2324"},{"taxonomy":"product_tag","embeddable":true,"href":"https:\/\/hadgitec.com.br\/loja\/wp-json\/wp\/v2\/product_tag?post=2324"}],"curies":[{"name":"wp","href":"https:\/\/api.w.org\/{rel}","templated":true}]}}