{"id":2312,"date":"2024-09-20T14:55:36","date_gmt":"2024-09-20T17:55:36","guid":{"rendered":"https:\/\/hadgitec.com.br\/loja\/?post_type=product&#038;p=2312"},"modified":"2024-09-20T14:55:36","modified_gmt":"2024-09-20T17:55:36","slug":"suporte-para-notebook-base-com-led-2-coolers-saida-usb","status":"publish","type":"product","link":"https:\/\/hadgitec.com.br\/loja\/produto\/suporte-para-notebook-base-com-led-2-coolers-saida-usb\/","title":{"rendered":"Suporte Para Notebook Base Com Led 2 Coolers Sa\u00edda Usb"},"content":{"rendered":"<p>Indicado para notebooks que depois de um tempo trabalhando, est\u00e3o aquecendo mais que o necess\u00e1rio!<\/p>\n<p>DADOS T\u00c9CNICOS:<\/p>\n<p>Material: ABS + Metal<br \/>\nTamanho: 341x 225x 190mm<br \/>\nTamanho da ventoinha: 80mm<br \/>\nVida \u00fatil: 40.000 horas<br \/>\nN\u00edvel de ru\u00eddo: 18bBA<br \/>\nVelocidade da ventoinha: 1500RPM<br \/>\nPotencia: 5VDC<br \/>\nFluxo de ar m\u00e1ximo: 74.35CFM<br \/>\nPorta USB: 2x USB com velocidade das ventoinhas ajust\u00e1veis<br \/>\nCorrente: 0,45 \u00b1 10% A<br \/>\nPot\u00eancia de sa\u00edda: 1.75W<br \/>\nCom ajuste de velocidade dos cooler\u00b4s<br \/>\nTamanho compat\u00edvel: 10-15 polegadas.<\/p>\n<p>DIMENS\u00d5ES<\/p>\n<p>&#8211; Largura: 2.00 cm<br \/>\n&#8211; Altura: 22.00 cm<br \/>\n&#8211; Comprimento: 34.00 cm<\/p>\n<p>PESO<br \/>\n&#8211; Peso L\u00edquido: 0.48 kg<\/p>\n<p>Garantia do vendedor: 3 meses<\/p>\n","protected":false},"excerpt":{"rendered":"<h1 class=\"ui-pdp-title\">Suporte Para Notebook<\/h1>\n","protected":false},"featured_media":2313,"comment_status":"open","ping_status":"closed","template":"","meta":[],"product_brand":[],"product_cat":[49],"product_tag":[50,117],"class_list":{"0":"post-2312","1":"product","2":"type-product","3":"status-publish","4":"has-post-thumbnail","6":"product_cat-acessorios","7":"product_tag-base-ventilada","8":"product_tag-cooler","10":"first","11":"instock","12":"shipping-taxable","13":"purchasable","14":"product-type-simple"},"_links":{"self":[{"href":"https:\/\/hadgitec.com.br\/loja\/wp-json\/wp\/v2\/product\/2312","targetHints":{"allow":["GET"]}}],"collection":[{"href":"https:\/\/hadgitec.com.br\/loja\/wp-json\/wp\/v2\/product"}],"about":[{"href":"https:\/\/hadgitec.com.br\/loja\/wp-json\/wp\/v2\/types\/product"}],"replies":[{"embeddable":true,"href":"https:\/\/hadgitec.com.br\/loja\/wp-json\/wp\/v2\/comments?post=2312"}],"wp:featuredmedia":[{"embeddable":true,"href":"https:\/\/hadgitec.com.br\/loja\/wp-json\/wp\/v2\/media\/2313"}],"wp:attachment":[{"href":"https:\/\/hadgitec.com.br\/loja\/wp-json\/wp\/v2\/media?parent=2312"}],"wp:term":[{"taxonomy":"product_brand","embeddable":true,"href":"https:\/\/hadgitec.com.br\/loja\/wp-json\/wp\/v2\/product_brand?post=2312"},{"taxonomy":"product_cat","embeddable":true,"href":"https:\/\/hadgitec.com.br\/loja\/wp-json\/wp\/v2\/product_cat?post=2312"},{"taxonomy":"product_tag","embeddable":true,"href":"https:\/\/hadgitec.com.br\/loja\/wp-json\/wp\/v2\/product_tag?post=2312"}],"curies":[{"name":"wp","href":"https:\/\/api.w.org\/{rel}","templated":true}]}}