{"id":2308,"date":"2024-09-20T14:47:45","date_gmt":"2024-09-20T17:47:45","guid":{"rendered":"https:\/\/hadgitec.com.br\/loja\/?post_type=product&#038;p=2308"},"modified":"2024-09-20T14:47:45","modified_gmt":"2024-09-20T17:47:45","slug":"teclado-gamer-led-profissional-c-rbg-semi-mecanico-gt-t3","status":"publish","type":"product","link":"https:\/\/hadgitec.com.br\/loja\/produto\/teclado-gamer-led-profissional-c-rbg-semi-mecanico-gt-t3\/","title":{"rendered":"Teclado Gamer Led Profissional C\/ Rbg Semi Mec\u00e2nico Gt-t3"},"content":{"rendered":"<p>Este teclado Lehmox de alto desempenho permite que voc\u00ea desfrute de horas ilimitadas de jogos. Foi especialmente desenvolvido para que voc\u00ea possa expressar suas habilidades e seu estilo.<\/p>\n<p>Melhore a sua experi\u00eancia de jogo, seja voc\u00ea s\u00f3 um amador ou todo um especialista, e fa\u00e7a que suas jogadas atinjam outro n\u00edvel.<\/p>\n<p>Teclado profissional para jogos, possui teclas slim com impress\u00e3o a laser e ilumina\u00e7\u00e3o de fundo em tr\u00eas op\u00e7\u00f5es de cores. Brilho e intensidade de cor ajust\u00e1veis. Apoio para os pulsos proporcionando maior conforto ao jogar.<\/p>\n<p>Peso embutido no teclado, dando maior estabilidade. Possui pontos de drenagem, o que evita danos ocasionados por eventuais l\u00edquidos. Funcionamento Plug\u2019n Play, n\u00e3o necessita de software para instalar, basta conectar o teclado \u00e0 porta USB.<\/p>\n<p>Distin\u00e7\u00e3o a toda cor<br \/>\nSua retroilumina\u00e7\u00e3o lhe d\u00e1 um toque diferente ao seu dispositivo e destaca sua composi\u00e7\u00e3o quando \u00e9 usado em espa\u00e7os com ilumina\u00e7\u00e3o mais amena.<\/p>\n","protected":false},"excerpt":{"rendered":"<p>Teclado Gamer Led Profissional<\/p>\n","protected":false},"featured_media":2309,"comment_status":"open","ping_status":"closed","template":"","meta":[],"product_brand":[],"product_cat":[73],"product_tag":[115,116],"class_list":{"0":"post-2308","1":"product","2":"type-product","3":"status-publish","4":"has-post-thumbnail","6":"product_cat-teclados-informatica","7":"product_tag-gamer","8":"product_tag-teclado-gamer","10":"first","11":"instock","12":"sale","13":"shipping-taxable","14":"purchasable","15":"product-type-simple"},"_links":{"self":[{"href":"https:\/\/hadgitec.com.br\/loja\/wp-json\/wp\/v2\/product\/2308","targetHints":{"allow":["GET"]}}],"collection":[{"href":"https:\/\/hadgitec.com.br\/loja\/wp-json\/wp\/v2\/product"}],"about":[{"href":"https:\/\/hadgitec.com.br\/loja\/wp-json\/wp\/v2\/types\/product"}],"replies":[{"embeddable":true,"href":"https:\/\/hadgitec.com.br\/loja\/wp-json\/wp\/v2\/comments?post=2308"}],"wp:featuredmedia":[{"embeddable":true,"href":"https:\/\/hadgitec.com.br\/loja\/wp-json\/wp\/v2\/media\/2309"}],"wp:attachment":[{"href":"https:\/\/hadgitec.com.br\/loja\/wp-json\/wp\/v2\/media?parent=2308"}],"wp:term":[{"taxonomy":"product_brand","embeddable":true,"href":"https:\/\/hadgitec.com.br\/loja\/wp-json\/wp\/v2\/product_brand?post=2308"},{"taxonomy":"product_cat","embeddable":true,"href":"https:\/\/hadgitec.com.br\/loja\/wp-json\/wp\/v2\/product_cat?post=2308"},{"taxonomy":"product_tag","embeddable":true,"href":"https:\/\/hadgitec.com.br\/loja\/wp-json\/wp\/v2\/product_tag?post=2308"}],"curies":[{"name":"wp","href":"https:\/\/api.w.org\/{rel}","templated":true}]}}