{"id":2295,"date":"2024-09-18T12:38:29","date_gmt":"2024-09-18T15:38:29","guid":{"rendered":"https:\/\/hadgitec.com.br\/loja\/?post_type=product&#038;p=2295"},"modified":"2024-09-20T11:23:01","modified_gmt":"2024-09-20T14:23:01","slug":"mouse-gamer-aoas-k90-rgb-gaming-mouse-usb-cor-preto","status":"publish","type":"product","link":"https:\/\/hadgitec.com.br\/loja\/produto\/mouse-gamer-aoas-k90-rgb-gaming-mouse-usb-cor-preto\/","title":{"rendered":"Mouse Gamer Aoas K90 Rgb Gaming Mouse Usb Cor Preto"},"content":{"rendered":"<p>Para trabalhar em casa com o computador ou aproveitar os momentos de lazer, voc\u00ea precisa de conforto e facilidade de locomo\u00e7\u00e3o. Com seu Aoas K90, voc\u00ea encontrar\u00e1 o que procura em um \u00fanico dispositivo com a melhor tecnologia.<\/p>\n<p>Adequado para facilitar o transporte<br \/>\nNavegue rapidamente por documentos e p\u00e1ginas da web gra\u00e7as ao seu design ultrafino, ergon\u00f4mico, leve e conveniente para transportar para onde quiser ou viajar.<\/p>\n","protected":false},"excerpt":{"rendered":"<p>Mouse Gamer Aoas K90 Rgb Gaming Mouse Usb Cor Preto<\/p>\n","protected":false},"featured_media":2296,"comment_status":"open","ping_status":"closed","template":"","meta":[],"product_brand":[],"product_cat":[110],"product_tag":[111,114],"class_list":{"0":"post-2295","1":"product","2":"type-product","3":"status-publish","4":"has-post-thumbnail","6":"product_cat-mouse-informatica","7":"product_tag-mouse","8":"product_tag-mouse-gamer","10":"first","11":"instock","12":"shipping-taxable","13":"purchasable","14":"product-type-simple"},"_links":{"self":[{"href":"https:\/\/hadgitec.com.br\/loja\/wp-json\/wp\/v2\/product\/2295","targetHints":{"allow":["GET"]}}],"collection":[{"href":"https:\/\/hadgitec.com.br\/loja\/wp-json\/wp\/v2\/product"}],"about":[{"href":"https:\/\/hadgitec.com.br\/loja\/wp-json\/wp\/v2\/types\/product"}],"replies":[{"embeddable":true,"href":"https:\/\/hadgitec.com.br\/loja\/wp-json\/wp\/v2\/comments?post=2295"}],"wp:featuredmedia":[{"embeddable":true,"href":"https:\/\/hadgitec.com.br\/loja\/wp-json\/wp\/v2\/media\/2296"}],"wp:attachment":[{"href":"https:\/\/hadgitec.com.br\/loja\/wp-json\/wp\/v2\/media?parent=2295"}],"wp:term":[{"taxonomy":"product_brand","embeddable":true,"href":"https:\/\/hadgitec.com.br\/loja\/wp-json\/wp\/v2\/product_brand?post=2295"},{"taxonomy":"product_cat","embeddable":true,"href":"https:\/\/hadgitec.com.br\/loja\/wp-json\/wp\/v2\/product_cat?post=2295"},{"taxonomy":"product_tag","embeddable":true,"href":"https:\/\/hadgitec.com.br\/loja\/wp-json\/wp\/v2\/product_tag?post=2295"}],"curies":[{"name":"wp","href":"https:\/\/api.w.org\/{rel}","templated":true}]}}