{"id":2292,"date":"2024-09-18T12:31:23","date_gmt":"2024-09-18T15:31:23","guid":{"rendered":"https:\/\/hadgitec.com.br\/loja\/?post_type=product&#038;p=2292"},"modified":"2024-09-20T11:26:15","modified_gmt":"2024-09-20T14:26:15","slug":"altomex-ag-690-mouse-sem-fio-usb-notebook-pc-wireless","status":"publish","type":"product","link":"https:\/\/hadgitec.com.br\/loja\/produto\/altomex-ag-690-mouse-sem-fio-usb-notebook-pc-wireless\/","title":{"rendered":"Altomex AG-690 Mouse Sem Fio USB Notebook PC Wireless"},"content":{"rendered":"<p>Mouse \u00d3ptico Ergon\u00f4mico Wireless Sem Fio Compacto Slim para PC e Notebook<\/p>\n<p>&#8211; Super Leve<br \/>\n&#8211; Sem Fio<br \/>\n&#8211; Sensor de alta precis\u00e3o, com regulagem entre 1000dpi e 1600dpi<br \/>\n&#8211; Proporciona maior ergonomia e conforto<br \/>\n&#8211; Funcionamento com duas pilhas AAA (Palito)<br \/>\n&#8211; Acompanha receptor sem fio de transmiss\u00e3o de longa dist\u00e2ncia de at\u00e9 10 metros<\/p>\n<p>INFORMA\u00c7\u00d5ES T\u00c9CNICAS<\/p>\n<p>&#8211; Modelo: AG-132<br \/>\n&#8211; Bot\u00f5es: 4 bot\u00f5es + Roda de Rolagem (Scroll)<br \/>\n&#8211; Frequ\u00eancia: 2,4 Ghz<br \/>\n&#8211; Sensibilidade m\u00ednima: 1200 DPI<br \/>\n&#8211; Sensibilidade m\u00e1xima: 1600 DPI<br \/>\n&#8211; Alimenta\u00e7\u00e3o: 2 x Pilhas AAA (n\u00e3o inclusa)<br \/>\n&#8211; Compatibilidade: Windows 7, 8, 10 \/ macOS 10.4 ou superior<br \/>\n&#8211; Tamanho (CxLxA): 12 cm x 6 cm x 2 cm<br \/>\n&#8211; Peso: 42 g<\/p>\n<p>ITENS INCLUSOS<\/p>\n<p>1 &#8211; Mouse Sem Fio<br \/>\n1 &#8211; Micro Receptor USB<\/p>\n<p>&#8211; Obs: Pilhas n\u00e3o inclusas<\/p>\n","protected":false},"excerpt":{"rendered":"<h1 class=\"ui-pdp-title\">Mouse \u00d3ptico Sem Fio Wireless Slim 1600 Dpi<\/h1>\n","protected":false},"featured_media":2293,"comment_status":"open","ping_status":"closed","template":"","meta":[],"product_brand":[],"product_cat":[110],"product_tag":[111,113],"class_list":{"0":"post-2292","1":"product","2":"type-product","3":"status-publish","4":"has-post-thumbnail","6":"product_cat-mouse-informatica","7":"product_tag-mouse","8":"product_tag-mouse-sem-fio","10":"first","11":"instock","12":"shipping-taxable","13":"purchasable","14":"product-type-simple"},"_links":{"self":[{"href":"https:\/\/hadgitec.com.br\/loja\/wp-json\/wp\/v2\/product\/2292","targetHints":{"allow":["GET"]}}],"collection":[{"href":"https:\/\/hadgitec.com.br\/loja\/wp-json\/wp\/v2\/product"}],"about":[{"href":"https:\/\/hadgitec.com.br\/loja\/wp-json\/wp\/v2\/types\/product"}],"replies":[{"embeddable":true,"href":"https:\/\/hadgitec.com.br\/loja\/wp-json\/wp\/v2\/comments?post=2292"}],"wp:featuredmedia":[{"embeddable":true,"href":"https:\/\/hadgitec.com.br\/loja\/wp-json\/wp\/v2\/media\/2293"}],"wp:attachment":[{"href":"https:\/\/hadgitec.com.br\/loja\/wp-json\/wp\/v2\/media?parent=2292"}],"wp:term":[{"taxonomy":"product_brand","embeddable":true,"href":"https:\/\/hadgitec.com.br\/loja\/wp-json\/wp\/v2\/product_brand?post=2292"},{"taxonomy":"product_cat","embeddable":true,"href":"https:\/\/hadgitec.com.br\/loja\/wp-json\/wp\/v2\/product_cat?post=2292"},{"taxonomy":"product_tag","embeddable":true,"href":"https:\/\/hadgitec.com.br\/loja\/wp-json\/wp\/v2\/product_tag?post=2292"}],"curies":[{"name":"wp","href":"https:\/\/api.w.org\/{rel}","templated":true}]}}