{"id":2283,"date":"2024-09-18T11:54:49","date_gmt":"2024-09-18T14:54:49","guid":{"rendered":"https:\/\/hadgitec.com.br\/loja\/?post_type=product&#038;p=2283"},"modified":"2024-09-20T11:50:23","modified_gmt":"2024-09-20T14:50:23","slug":"fonte-tomada-carregador-usb-c-turbo-20w-para-iphone-11-12pro-cor-branco","status":"publish","type":"product","link":"https:\/\/hadgitec.com.br\/loja\/produto\/fonte-tomada-carregador-usb-c-turbo-20w-para-iphone-11-12pro-cor-branco\/","title":{"rendered":"Fonte Tomada Carregador Usb-c Turbo 20w Para iPhone 11 12pro Cor Branco"},"content":{"rendered":"<p class=\"ui-pdp-description__content\">Use seu dispositivo a qualquer hora, em qualquer lugar, garantindo um carregamento eficiente e seguro com o carregador da Power adapter Usb-C.<\/p>\n<p>Adaptado para onde voc\u00ea estiver<br \/>\nO adaptador de corrente para paredes oferece uma boa combina\u00e7\u00e3o de for\u00e7a e peso para que voc\u00ea possa carregar seu dispositivo onde precisar.<\/p>\n","protected":false},"excerpt":{"rendered":"<p>Fonte Tomada Carregador Usb-c Turbo 20w Para iPhone 11 12pro Cor Branco<\/p>\n","protected":false},"featured_media":2284,"comment_status":"open","ping_status":"closed","template":"","meta":[],"product_brand":[],"product_cat":[61],"product_tag":[103,104],"class_list":{"0":"post-2283","1":"product","2":"type-product","3":"status-publish","4":"has-post-thumbnail","6":"product_cat-carregadores","7":"product_tag-20w","8":"product_tag-iphone","10":"first","11":"instock","12":"shipping-taxable","13":"purchasable","14":"product-type-simple"},"_links":{"self":[{"href":"https:\/\/hadgitec.com.br\/loja\/wp-json\/wp\/v2\/product\/2283","targetHints":{"allow":["GET"]}}],"collection":[{"href":"https:\/\/hadgitec.com.br\/loja\/wp-json\/wp\/v2\/product"}],"about":[{"href":"https:\/\/hadgitec.com.br\/loja\/wp-json\/wp\/v2\/types\/product"}],"replies":[{"embeddable":true,"href":"https:\/\/hadgitec.com.br\/loja\/wp-json\/wp\/v2\/comments?post=2283"}],"wp:featuredmedia":[{"embeddable":true,"href":"https:\/\/hadgitec.com.br\/loja\/wp-json\/wp\/v2\/media\/2284"}],"wp:attachment":[{"href":"https:\/\/hadgitec.com.br\/loja\/wp-json\/wp\/v2\/media?parent=2283"}],"wp:term":[{"taxonomy":"product_brand","embeddable":true,"href":"https:\/\/hadgitec.com.br\/loja\/wp-json\/wp\/v2\/product_brand?post=2283"},{"taxonomy":"product_cat","embeddable":true,"href":"https:\/\/hadgitec.com.br\/loja\/wp-json\/wp\/v2\/product_cat?post=2283"},{"taxonomy":"product_tag","embeddable":true,"href":"https:\/\/hadgitec.com.br\/loja\/wp-json\/wp\/v2\/product_tag?post=2283"}],"curies":[{"name":"wp","href":"https:\/\/api.w.org\/{rel}","templated":true}]}}