{"id":2268,"date":"2024-09-18T11:17:19","date_gmt":"2024-09-18T14:17:19","guid":{"rendered":"https:\/\/hadgitec.com.br\/loja\/?post_type=product&#038;p=2268"},"modified":"2024-09-20T11:59:02","modified_gmt":"2024-09-20T14:59:02","slug":"fonte-carregador-chip-turbo-usbc-20w-para-iphone-14-13-12-11","status":"publish","type":"product","link":"https:\/\/hadgitec.com.br\/loja\/produto\/fonte-carregador-chip-turbo-usbc-20w-para-iphone-14-13-12-11\/","title":{"rendered":"Fonte Carregador Chip Turbo Usbc 20w Para iPhone 14 13 12 11"},"content":{"rendered":"<p>Fonte e Cabo Carregador Premium Homologado Anatel 20w (20W+5W) Ultra R\u00e1pido Chip Turbo Power USB C TIPO C<\/p>\n<p>O adaptador de tomada cont\u00e9m uma porta usb tipo-c de 20w e outra Usb de 5w, que garante um carregamento ultra r\u00e1pido e seguro. O carregador n\u00e3o vicia a bateria, possui o selo de certifica\u00e7\u00e3o Anatel e \u00e9 homologado para todos os modelos de celulares.<br \/>\nContem Chip Ultra Power com Sistema de Temperatura, Carregamento R\u00e1pido e Seguro.<\/p>\n<p>Especifica\u00e7\u00f5es:<\/p>\n<p>&#8211; 01 Entrada USB-C de 20w<br \/>\n&#8211; 01 Entrada USB de 5w<br \/>\n&#8211; tecnologia de carregamento turbo<br \/>\n&#8211; certificado com selo da Anatel<br \/>\n&#8211; homologado para todos os modelos de celulares<br \/>\n&#8211; material premium de alta qualidade, oferecemos 3 meses de garantia<br \/>\n&#8211; chip Ultra Power<\/p>\n<p>Especifica\u00e7\u00f5es t\u00e9cnicas:<\/p>\n<p>&#8211; potencia total 25w<br \/>\n&#8211; entrada: 100-240v bivolt 50-60hz<br \/>\n&#8211; sa\u00edda tipo-c: 5.0v=25w 9v=20w 12v=18w<\/p>\n<p>ITENS INCLUSOS<\/p>\n<p>01 &#8211; Carregador de Parede Usb-C + Usb<\/p>\n","protected":false},"excerpt":{"rendered":"<p>Fonte Carregador Chip Turbo Usbc 20w Para iPhone 14 13 12 11<\/p>\n","protected":false},"featured_media":2269,"comment_status":"open","ping_status":"closed","template":"","meta":[],"product_brand":[],"product_cat":[61],"product_tag":[103,104,105],"class_list":{"0":"post-2268","1":"product","2":"type-product","3":"status-publish","4":"has-post-thumbnail","6":"product_cat-carregadores","7":"product_tag-20w","8":"product_tag-iphone","9":"product_tag-type-c","11":"first","12":"instock","13":"shipping-taxable","14":"purchasable","15":"product-type-simple"},"_links":{"self":[{"href":"https:\/\/hadgitec.com.br\/loja\/wp-json\/wp\/v2\/product\/2268","targetHints":{"allow":["GET"]}}],"collection":[{"href":"https:\/\/hadgitec.com.br\/loja\/wp-json\/wp\/v2\/product"}],"about":[{"href":"https:\/\/hadgitec.com.br\/loja\/wp-json\/wp\/v2\/types\/product"}],"replies":[{"embeddable":true,"href":"https:\/\/hadgitec.com.br\/loja\/wp-json\/wp\/v2\/comments?post=2268"}],"wp:featuredmedia":[{"embeddable":true,"href":"https:\/\/hadgitec.com.br\/loja\/wp-json\/wp\/v2\/media\/2269"}],"wp:attachment":[{"href":"https:\/\/hadgitec.com.br\/loja\/wp-json\/wp\/v2\/media?parent=2268"}],"wp:term":[{"taxonomy":"product_brand","embeddable":true,"href":"https:\/\/hadgitec.com.br\/loja\/wp-json\/wp\/v2\/product_brand?post=2268"},{"taxonomy":"product_cat","embeddable":true,"href":"https:\/\/hadgitec.com.br\/loja\/wp-json\/wp\/v2\/product_cat?post=2268"},{"taxonomy":"product_tag","embeddable":true,"href":"https:\/\/hadgitec.com.br\/loja\/wp-json\/wp\/v2\/product_tag?post=2268"}],"curies":[{"name":"wp","href":"https:\/\/api.w.org\/{rel}","templated":true}]}}