{"id":2261,"date":"2024-09-18T10:53:12","date_gmt":"2024-09-18T13:53:12","guid":{"rendered":"https:\/\/hadgitec.com.br\/loja\/?post_type=product&#038;p=2261"},"modified":"2024-09-20T12:30:50","modified_gmt":"2024-09-20T15:30:50","slug":"carregador-completo-30w-tipo-c-hmaston-y53-3","status":"publish","type":"product","link":"https:\/\/hadgitec.com.br\/loja\/produto\/carregador-completo-30w-tipo-c-hmaston-y53-3\/","title":{"rendered":"Carregador Completo 30w Tipo-c H&#8217;maston Y53-3"},"content":{"rendered":"<p>Carregador de Celular Carga R\u00e1pida Turbo 30W<br \/>\nMarca : H\u00b4maston<br \/>\nModelo : Y53-3 Tipo-C<\/p>\n<p>ESPECIFICA\u00c7\u00d5ES:<br \/>\nCARREGADOR<br \/>\nO Carregador TURBO Hmaston com 30W de pot\u00eancia permite carregamento eficiente e possui prote\u00e7\u00e3o contra curto-circuito, superaquecimento e sobrecarga! Homologado pela Anatel. Os carregadores da Hmaston s\u00e3o desenvolvidos para carregar o seu equipamento de forma preserve a durabilidade da bateria.<\/p>\n<p>CABO<br \/>\nO cabo turbo da Hmaston, possui 1 metro de cabo revestido em PVC refor\u00e7ado nos plugs, proporcionando mais resist\u00eancia e maior durabilidade ao acess\u00f3rio.<\/p>\n<p>ENTRADA: 110V-240V<br \/>\nSA\u00cdDA: 30W<\/p>\n<p>EMBALAGEM:<br \/>\n1x cabo carregador r\u00e1pido USB Tipo-C<br \/>\n1x fonte de tomada<\/p>\n","protected":false},"excerpt":{"rendered":"<p>Carregador de Celular Carga R\u00e1pida Turbo 30W<\/p>\n","protected":false},"featured_media":2262,"comment_status":"open","ping_status":"closed","template":"","meta":[],"product_brand":[],"product_cat":[61],"product_tag":[63,101],"class_list":{"0":"post-2261","1":"product","2":"type-product","3":"status-publish","4":"has-post-thumbnail","6":"product_cat-carregadores","7":"product_tag-carregador","8":"product_tag-tipo-c","10":"first","11":"instock","12":"shipping-taxable","13":"purchasable","14":"product-type-simple"},"_links":{"self":[{"href":"https:\/\/hadgitec.com.br\/loja\/wp-json\/wp\/v2\/product\/2261","targetHints":{"allow":["GET"]}}],"collection":[{"href":"https:\/\/hadgitec.com.br\/loja\/wp-json\/wp\/v2\/product"}],"about":[{"href":"https:\/\/hadgitec.com.br\/loja\/wp-json\/wp\/v2\/types\/product"}],"replies":[{"embeddable":true,"href":"https:\/\/hadgitec.com.br\/loja\/wp-json\/wp\/v2\/comments?post=2261"}],"wp:featuredmedia":[{"embeddable":true,"href":"https:\/\/hadgitec.com.br\/loja\/wp-json\/wp\/v2\/media\/2262"}],"wp:attachment":[{"href":"https:\/\/hadgitec.com.br\/loja\/wp-json\/wp\/v2\/media?parent=2261"}],"wp:term":[{"taxonomy":"product_brand","embeddable":true,"href":"https:\/\/hadgitec.com.br\/loja\/wp-json\/wp\/v2\/product_brand?post=2261"},{"taxonomy":"product_cat","embeddable":true,"href":"https:\/\/hadgitec.com.br\/loja\/wp-json\/wp\/v2\/product_cat?post=2261"},{"taxonomy":"product_tag","embeddable":true,"href":"https:\/\/hadgitec.com.br\/loja\/wp-json\/wp\/v2\/product_tag?post=2261"}],"curies":[{"name":"wp","href":"https:\/\/api.w.org\/{rel}","templated":true}]}}