{"id":2256,"date":"2024-09-17T16:42:03","date_gmt":"2024-09-17T19:42:03","guid":{"rendered":"https:\/\/hadgitec.com.br\/loja\/?post_type=product&#038;p=2256"},"modified":"2024-09-20T12:34:39","modified_gmt":"2024-09-20T15:34:39","slug":"repetidor-wi-fi-de-sinal-wireless-300mbps-rj45-kp-3005","status":"publish","type":"product","link":"https:\/\/hadgitec.com.br\/loja\/produto\/repetidor-wi-fi-de-sinal-wireless-300mbps-rj45-kp-3005\/","title":{"rendered":"Repetidor Wi-fi De Sinal Wireless 300mbps Rj45 Kp-3005"},"content":{"rendered":"<p>Com o access point da Knup voc\u00ea pode interconectar redes sem fio, conseguindo uma conex\u00e3o est\u00e1vel e segura entre a rede e o dispositivo de destino. Sinal amplificado<br \/>\nO repetidor Wi-Fi Knup KP-3005 permitir\u00e1 que voc\u00ea aproveite a conex\u00e3o num maior n\u00famero de espa\u00e7os. Este dispositivo estende o alcance do sinal para que voc\u00ea possa desfrutar de todos os equipamentos em sua casa ou escrit\u00f3rio sem problemas.<\/p>\n<p>Conex\u00e3o sem fio<br \/>\nCom este equipamento sem fio voc\u00ea poder\u00e1 se mover livremente em torno de sua casa ou escrit\u00f3rio e desfrutar da conex\u00e3o sem estar ciente dos fios.<\/p>\n<p>Mais velocidade<br \/>\nSe o que voc\u00ea precisa \u00e9 duma equipe que permita que execute suas tarefas di\u00e1rias sem demora, com uma velocidade de 300 Mbps este dispositivo \u00e9 perfeito para voc\u00ea.<\/p>\n","protected":false},"excerpt":{"rendered":"<h1 class=\"ui-pdp-title\">Repetidor Wi-fi De Sinal Wireless 300mbps Rj45 Kp-3005<\/h1>\n","protected":false},"featured_media":2260,"comment_status":"open","ping_status":"closed","template":"","meta":[],"product_brand":[],"product_cat":[45],"product_tag":[],"class_list":{"0":"post-2256","1":"product","2":"type-product","3":"status-publish","4":"has-post-thumbnail","6":"product_cat-repetidor","8":"first","9":"instock","10":"sale","11":"shipping-taxable","12":"purchasable","13":"product-type-simple"},"_links":{"self":[{"href":"https:\/\/hadgitec.com.br\/loja\/wp-json\/wp\/v2\/product\/2256","targetHints":{"allow":["GET"]}}],"collection":[{"href":"https:\/\/hadgitec.com.br\/loja\/wp-json\/wp\/v2\/product"}],"about":[{"href":"https:\/\/hadgitec.com.br\/loja\/wp-json\/wp\/v2\/types\/product"}],"replies":[{"embeddable":true,"href":"https:\/\/hadgitec.com.br\/loja\/wp-json\/wp\/v2\/comments?post=2256"}],"wp:featuredmedia":[{"embeddable":true,"href":"https:\/\/hadgitec.com.br\/loja\/wp-json\/wp\/v2\/media\/2260"}],"wp:attachment":[{"href":"https:\/\/hadgitec.com.br\/loja\/wp-json\/wp\/v2\/media?parent=2256"}],"wp:term":[{"taxonomy":"product_brand","embeddable":true,"href":"https:\/\/hadgitec.com.br\/loja\/wp-json\/wp\/v2\/product_brand?post=2256"},{"taxonomy":"product_cat","embeddable":true,"href":"https:\/\/hadgitec.com.br\/loja\/wp-json\/wp\/v2\/product_cat?post=2256"},{"taxonomy":"product_tag","embeddable":true,"href":"https:\/\/hadgitec.com.br\/loja\/wp-json\/wp\/v2\/product_tag?post=2256"}],"curies":[{"name":"wp","href":"https:\/\/api.w.org\/{rel}","templated":true}]}}