{"id":2249,"date":"2023-04-16T18:02:39","date_gmt":"2023-04-16T21:02:39","guid":{"rendered":"https:\/\/hadgitec.com.br\/loja\/?post_type=product&#038;p=2249"},"modified":"2024-09-20T12:36:26","modified_gmt":"2024-09-20T15:36:26","slug":"papel-a4-premium-75g-unidade-report","status":"publish","type":"product","link":"https:\/\/hadgitec.com.br\/loja\/produto\/papel-a4-premium-75g-unidade-report\/","title":{"rendered":"Papel a4 premium 75g (unidade) &#8211; Report"},"content":{"rendered":"<p>&nbsp;<\/p>\n<div class=\"sc-hLBbgP eodrha sc-dASMHb dGELHv\" data-testid=\"product-detail-description\">\n<div class=\"sc-hLBbgP gcxrmT sc-cxZDOJ kXmSoJ\" data-testid=\"rich-content-container\">RESMA DE PAPEL A4 PREMIUM 75G (UNIDADE) &#8211; REPORT &#8211; Papel Sulfite A4 Branco REPORT ideal para todas as atividades do seu dia-a-dia, relat\u00f3rio, or\u00e7amentos, trabalhos escolares, etc. &#8211; \u00c9 um papel de alta performance, fabricado a partir de celulose de eucalipto proveniente de florestas renov\u00e1veis. &#8211; Acabamento em papel: &#8211; O sulfite possui acabamento bem liso e poroso, facilitando \u00e0 escrita e absor\u00e7\u00e3o de tinta. Outra caracter\u00edstica que faz do sulfite um papel t\u00e3o popular \u00e9 seu baixo custo aliado a uma excelente ader\u00eancia de tinta. Ou seja, \u00e9 pr\u00e1tico, bom e barato. Papel: &#8211; Oferece a melhor solu\u00e7\u00e3o para suas impress\u00f5es, com garantia de qualidade Profissional. Superf\u00edcie resistente corte perfeita e absor\u00e7\u00e3o equilibrada que permite o melhor deslizamento na impressora evitando desperd\u00edcio de tinta. &#8211; O sulfite REPORT \u00e9 produzido a partir de florestas 100% plantadas e renov\u00e1veis e suas fibras s\u00e3o tratadas para obter o mais alto grau de brancura. O sulfite REPORT garante 99,99% n\u00e3o atolamento em impressoras. Usos do papel: &#8211; Pode ser utilizado na maioria das impressoras e copiadoras, inclusive as que utilizamos em casa. \u00c9 um tipo de papel muito usado em cadernos, livros e s\u00e3o produzido em branco. Especifica\u00e7\u00f5es t\u00e9cnicas &#8211; Marca &#8211; Report &#8211; Modelo &#8211; REPM075 &#8211; Cor &#8211; Branco &#8211; Tamanho do papel &#8211; A4 &#8211; Tipo de papel &#8211; Multifun\u00e7\u00e3o &#8211; Gramagem &#8211; 75 g &#8211; Formato de venda &#8211; Pacote &#8211; Acabamento &#8211; Fosco &#8211; Detalhes do papel &#8211; 75gsm papel. Gsm refere-se \u00e0 espessura do papel (gramas por metro quadrado). &#8211; Tamanho do papel &#8211; A4A4 (21,0 x 29,7 cm, 210 mm x 297 mm). &#8211; Conte\u00fado da embalagem &#8211; 1 Pacote A4 Report com 500 folhas<\/div>\n<\/div>\n","protected":false},"excerpt":{"rendered":"<p><span class=\"sc-kDvujY kknhWA\" data-testid=\"product-detail-title\">Resma de papel a4 premium 75g (unidade) &#8211; report<\/span><\/p>\n","protected":false},"featured_media":2250,"comment_status":"open","ping_status":"closed","template":"","meta":[],"product_brand":[],"product_cat":[97,96],"product_tag":[98,99,100],"class_list":{"0":"post-2249","1":"product","2":"type-product","3":"status-publish","4":"has-post-thumbnail","6":"product_cat-papeis","7":"product_cat-papelaria","8":"product_tag-a4","9":"product_tag-impressao","10":"product_tag-papel","12":"first","13":"instock","14":"shipping-taxable","15":"purchasable","16":"product-type-simple"},"_links":{"self":[{"href":"https:\/\/hadgitec.com.br\/loja\/wp-json\/wp\/v2\/product\/2249","targetHints":{"allow":["GET"]}}],"collection":[{"href":"https:\/\/hadgitec.com.br\/loja\/wp-json\/wp\/v2\/product"}],"about":[{"href":"https:\/\/hadgitec.com.br\/loja\/wp-json\/wp\/v2\/types\/product"}],"replies":[{"embeddable":true,"href":"https:\/\/hadgitec.com.br\/loja\/wp-json\/wp\/v2\/comments?post=2249"}],"wp:featuredmedia":[{"embeddable":true,"href":"https:\/\/hadgitec.com.br\/loja\/wp-json\/wp\/v2\/media\/2250"}],"wp:attachment":[{"href":"https:\/\/hadgitec.com.br\/loja\/wp-json\/wp\/v2\/media?parent=2249"}],"wp:term":[{"taxonomy":"product_brand","embeddable":true,"href":"https:\/\/hadgitec.com.br\/loja\/wp-json\/wp\/v2\/product_brand?post=2249"},{"taxonomy":"product_cat","embeddable":true,"href":"https:\/\/hadgitec.com.br\/loja\/wp-json\/wp\/v2\/product_cat?post=2249"},{"taxonomy":"product_tag","embeddable":true,"href":"https:\/\/hadgitec.com.br\/loja\/wp-json\/wp\/v2\/product_tag?post=2249"}],"curies":[{"name":"wp","href":"https:\/\/api.w.org\/{rel}","templated":true}]}}