{"id":2245,"date":"2023-01-20T21:42:09","date_gmt":"2023-01-21T00:42:09","guid":{"rendered":"https:\/\/hadgitec.com.br\/loja\/?post_type=product&#038;p=2245"},"modified":"2024-09-20T13:36:48","modified_gmt":"2024-09-20T16:36:48","slug":"video-game-retro-console-stick-box-4k-2-controles-sem-fio","status":"publish","type":"product","link":"https:\/\/hadgitec.com.br\/loja\/produto\/video-game-retro-console-stick-box-4k-2-controles-sem-fio\/","title":{"rendered":"V\u00eddeo Game Retro Console Stick Box 4k 2 Controles Sem Fio"},"content":{"rendered":"<p>Com seu console Mini Game Retr\u00f4 Com 10 mil Jogos Cl\u00e1ssicos Nostalgia Presente Brinquedo voc\u00ea ter\u00e1 entretenimento garantido todos os dias.<\/p>\n<p>Sua tecnologia foi criada para colocar novos desafios para jogadores novatos e especialistas.<br \/>\nSalve as suas aplica\u00e7\u00f5es, fotos, v\u00eddeos e muito mais no disco r\u00edgido, que tem uma capacidade de 64 GB.<\/p>\n","protected":false},"excerpt":{"rendered":"<h2 class=\"ui-vpp-text-alignment--left ui-pdp-color--BLACK ui-pdp-size--XLARGE ui-pdp-family--REGULAR highlighted-specs-title\">Game Mini Game Retr\u00f4 Com 10 mil Jogos Cl\u00e1ssicos Nostalgia Presente Brinquedo Lite clasico<\/h2>\n","protected":false},"featured_media":2246,"comment_status":"open","ping_status":"closed","template":"","meta":[],"product_brand":[],"product_cat":[68],"product_tag":[69,95,70],"class_list":{"0":"post-2245","1":"product","2":"type-product","3":"status-publish","4":"has-post-thumbnail","6":"product_cat-retro-games","7":"product_tag-games","8":"product_tag-jogos","9":"product_tag-retro","11":"first","12":"instock","13":"shipping-taxable","14":"purchasable","15":"product-type-simple"},"_links":{"self":[{"href":"https:\/\/hadgitec.com.br\/loja\/wp-json\/wp\/v2\/product\/2245","targetHints":{"allow":["GET"]}}],"collection":[{"href":"https:\/\/hadgitec.com.br\/loja\/wp-json\/wp\/v2\/product"}],"about":[{"href":"https:\/\/hadgitec.com.br\/loja\/wp-json\/wp\/v2\/types\/product"}],"replies":[{"embeddable":true,"href":"https:\/\/hadgitec.com.br\/loja\/wp-json\/wp\/v2\/comments?post=2245"}],"wp:featuredmedia":[{"embeddable":true,"href":"https:\/\/hadgitec.com.br\/loja\/wp-json\/wp\/v2\/media\/2246"}],"wp:attachment":[{"href":"https:\/\/hadgitec.com.br\/loja\/wp-json\/wp\/v2\/media?parent=2245"}],"wp:term":[{"taxonomy":"product_brand","embeddable":true,"href":"https:\/\/hadgitec.com.br\/loja\/wp-json\/wp\/v2\/product_brand?post=2245"},{"taxonomy":"product_cat","embeddable":true,"href":"https:\/\/hadgitec.com.br\/loja\/wp-json\/wp\/v2\/product_cat?post=2245"},{"taxonomy":"product_tag","embeddable":true,"href":"https:\/\/hadgitec.com.br\/loja\/wp-json\/wp\/v2\/product_tag?post=2245"}],"curies":[{"name":"wp","href":"https:\/\/api.w.org\/{rel}","templated":true}]}}