{"id":2236,"date":"2023-01-08T21:54:39","date_gmt":"2023-01-09T00:54:39","guid":{"rendered":"https:\/\/hadgitec.com.br\/loja\/?post_type=product&#038;p=2236"},"modified":"2024-09-20T13:51:08","modified_gmt":"2024-09-20T16:51:08","slug":"cabo-turbo-original-it-blue-type-c","status":"publish","type":"product","link":"https:\/\/hadgitec.com.br\/loja\/produto\/cabo-turbo-original-it-blue-type-c\/","title":{"rendered":"CABO turbo original IT-BLUE TYPE-C"},"content":{"rendered":"<h2 class=\"ui-pdp-description__title\">Descri\u00e7\u00e3o<\/h2>\n<p class=\"ui-pdp-description__content\">Cabo de dados e carregamento IT-BLUE LE-836C<\/p>\n<p>Cabo de dados com conex\u00e3o Type-C ou USB C com 1 metro de comprimento.<\/p>\n<p>Conex\u00e3o USB padr\u00e3o 2.0 para transmiss\u00e3o de dados em alta velocidade.<\/p>\n<p>Compat\u00edvel com todos os modelos de celulares, tablets e eletr\u00f4nicos que possuem essa conex\u00e3o.<\/p>\n<p>Cabo de carregamento r\u00e1pido com 2.4 Amperes, compat\u00edvel com carregamento Turbo Power, (quando dispon\u00edvel no equipamento).<\/p>\n<p>Cabo resistente com acabamento emborrachado e conex\u00f5es com liga de cobre.<\/p>\n","protected":false},"excerpt":{"rendered":"<p>Cabo TYPE-C<\/p>\n","protected":false},"featured_media":2237,"comment_status":"open","ping_status":"closed","template":"","meta":[],"product_brand":[],"product_cat":[89],"product_tag":[90,92,91],"class_list":{"0":"post-2236","1":"product","2":"type-product","3":"status-publish","4":"has-post-thumbnail","6":"product_cat-cabos","7":"product_tag-cabo","8":"product_tag-turbo","9":"product_tag-typec","11":"first","12":"instock","13":"shipping-taxable","14":"purchasable","15":"product-type-simple"},"_links":{"self":[{"href":"https:\/\/hadgitec.com.br\/loja\/wp-json\/wp\/v2\/product\/2236","targetHints":{"allow":["GET"]}}],"collection":[{"href":"https:\/\/hadgitec.com.br\/loja\/wp-json\/wp\/v2\/product"}],"about":[{"href":"https:\/\/hadgitec.com.br\/loja\/wp-json\/wp\/v2\/types\/product"}],"replies":[{"embeddable":true,"href":"https:\/\/hadgitec.com.br\/loja\/wp-json\/wp\/v2\/comments?post=2236"}],"wp:featuredmedia":[{"embeddable":true,"href":"https:\/\/hadgitec.com.br\/loja\/wp-json\/wp\/v2\/media\/2237"}],"wp:attachment":[{"href":"https:\/\/hadgitec.com.br\/loja\/wp-json\/wp\/v2\/media?parent=2236"}],"wp:term":[{"taxonomy":"product_brand","embeddable":true,"href":"https:\/\/hadgitec.com.br\/loja\/wp-json\/wp\/v2\/product_brand?post=2236"},{"taxonomy":"product_cat","embeddable":true,"href":"https:\/\/hadgitec.com.br\/loja\/wp-json\/wp\/v2\/product_cat?post=2236"},{"taxonomy":"product_tag","embeddable":true,"href":"https:\/\/hadgitec.com.br\/loja\/wp-json\/wp\/v2\/product_tag?post=2236"}],"curies":[{"name":"wp","href":"https:\/\/api.w.org\/{rel}","templated":true}]}}