{"id":2231,"date":"2023-01-08T20:48:12","date_gmt":"2023-01-08T23:48:12","guid":{"rendered":"https:\/\/hadgitec.com.br\/loja\/?post_type=product&#038;p=2231"},"modified":"2024-09-20T13:53:48","modified_gmt":"2024-09-20T16:53:48","slug":"smartwatch-hw57-pro-lancamento-2022-nfc-chamadas-original","status":"publish","type":"product","link":"https:\/\/hadgitec.com.br\/loja\/produto\/smartwatch-hw57-pro-lancamento-2022-nfc-chamadas-original\/","title":{"rendered":"Smartwatch Hw57 Pro Lan\u00e7amento 2022 Nfc Chamadas Original"},"content":{"rendered":"<p>DESCRI\u00c7\u00c3O;<\/p>\n<p>LAN\u00c7AMENTO 2022 IWO HW57 PRO, P\u00d5E FOTO DE FUNDO DE TELA, TROCA PULSEIRA, TELA INFINITA, FAZ E RECEBE LIGA\u00c7\u00d5ES, S\u00c9RIE 7, COMANDO DE VOZ, CARREGAMENTO POR INDU\u00c7\u00c3O, NFC.<\/p>\n<p>O Smartwatch HW57 Pro \u00e9 o mais novo lan\u00e7amento de 2022 e conta com o recurso NFC, capaz de abrir portas eletr\u00f4nicas apenas com a aproxima\u00e7\u00e3o. Al\u00e9m disso, ele monitora os batimentos card\u00edacos, consumo de calorias, oxigena\u00e7\u00e3o do sangue, press\u00e3o arterial e possui um sensor inovador capaz de monitorar a glicose no sangue. Com esse smartwatch, voc\u00ea poder\u00e1 fazer e receber liga\u00e7\u00f5es via Bluetooth pelo pr\u00f3prio rel\u00f3gio e tamb\u00e9m poder\u00e1 personalizar suas fotos preferidas na tela inicial do aparelho.<\/p>\n<p>\u00c9 importante dizer que s\u00f3 trabalhamos com PRODUTOS ORIGINAIS e de proced\u00eancia! Todos os nossos produtos s\u00e3o \u00e0 PRONTA ENTREGA e fazemos o envio em menos de 24 HORAS \u00daTEIS ap\u00f3s a confirma\u00e7\u00e3o do pagamento!<\/p>\n<p>Especifica\u00e7\u00f5es:<\/p>\n<p>&#8211; Modelo: HW57 Pro<br \/>\n&#8211; Dimens\u00f5es: 43,4*38*11mm<br \/>\n&#8211; Material da caixa: liga de zinco<br \/>\n&#8211; Material da pulseira: silicone<br \/>\n&#8211; Tela: TFT<br \/>\n&#8211; Tamanho da tela: 1.77 polegadas<br \/>\n&#8211; Resolu\u00e7\u00e3o: 320*385<br \/>\n&#8211; Aplicativo para fazer a conex\u00e3o: WearFitPro<br \/>\n&#8211; Sensor de cora\u00e7\u00e3o: HRS3300<br \/>\n&#8211; Capacidade da Bateria: 200mAh<br \/>\n&#8211; Mem\u00f3ria: 128M<br \/>\n&#8211; Bluetooth: 5.2<br \/>\n&#8211; Modo de carregamento: carregamento por indu\u00e7\u00e3o<br \/>\n&#8211; Compatibilidade: iOS e Android<br \/>\n&#8211; Tempo de carregamento: cerca de 150 minutos<br \/>\n&#8211; Dura\u00e7\u00e3o da bateria: em torno de 3 dias<br \/>\n&#8211; Certifica\u00e7\u00e3o: IP68<\/p>\n<p>Principais fun\u00e7\u00f5es:<\/p>\n<p>1- Faz e recebe liga\u00e7\u00f5es via Bluetooth (fale e escute diretamente no rel\u00f3gio);<br \/>\n2- Personalize a tela com sua foto (use fotos da galeria do seu celular);<br \/>\n3- Diversas watchfaces dispon\u00edveis;<br \/>\n4- Recebe notifica\u00e7\u00f5es de aplicativos;<br \/>\n5- Idioma em portugu\u00eas;<br \/>\n6- Bloqueio com senha;<br \/>\n7- Bot\u00e3o coroa lateral girat\u00f3rio interativo com o sistema;<br \/>\n8- 3 Estilos de menu (Colmeia, Lista e 9 \u00edcones);<br \/>\n9- NFC (destravamento de portas que usam a tecnologia);<br \/>\n10- Bluetooth Music player (controla as m\u00fasicas do celular atrav\u00e9s do rel\u00f3gio);<br \/>\n11- Tira foto remotamente (funciona como um controle remoto da c\u00e2mera do celular);<br \/>\n12- Acionamento autom\u00e1tico da tela ao girar o pulso;<br \/>\n13- Pass\u00f4metro (quantidade de passos, dist\u00e2ncia percorrida e calorias queimadas);<br \/>\n14- Novo sistema que possibilita exibir a tela dividida;<br \/>\n15- Diversos modos de Esportes;<br \/>\n16- Monitor de sono (registra a dura\u00e7\u00e3o e a qualidade do sono);<br \/>\n17- Lembrete sedent\u00e1rio;<br \/>\n18- Medidor de frequ\u00eancia card\u00edaca, oxig\u00eanio no sangue e press\u00e3o arterial;<br \/>\n19- Monitoramento de glicose sangu\u00ednea;<br \/>\n20- Cron\u00f4metro e calculadora;<br \/>\n21- Carregamento por indu\u00e7\u00e3o;<br \/>\n22- Certifica\u00e7\u00e3o IP68;<br \/>\n23- Compat\u00edvel com Android e iOS.<\/p>\n<p>IDIOMAS:<\/p>\n<p>Chin\u00eas, ingl\u00eas, \u00e1rabe, franc\u00eas, alem\u00e3o, espanhol, portugu\u00eas, russo, tailand\u00eas, polon\u00eas, italiano, japon\u00eas, turco, grego, vietnamita, hebraico<\/p>\n<p>Aplicativo para fazer a conex\u00e3o: WearFitPro<\/p>\n<p>Itens inclusos:<br \/>\n1* Smartwatch HW57 Pro original<br \/>\n1* Pulseira de silicone<br \/>\n1* Carregador por indu\u00e7\u00e3o<br \/>\n1* Manual de instru\u00e7\u00f5es<\/p>\n","protected":false},"excerpt":{"rendered":"<p>Smartwatch Hw57 Pro Lan\u00e7amento<\/p>\n","protected":false},"featured_media":2232,"comment_status":"open","ping_status":"closed","template":"","meta":[],"product_brand":[],"product_cat":[24,23],"product_tag":[27,29],"class_list":{"0":"post-2231","1":"product","2":"type-product","3":"status-publish","4":"has-post-thumbnail","6":"product_cat-eletronicos","7":"product_cat-relogios","8":"product_tag-relogio","9":"product_tag-smartwatch","11":"first","12":"outofstock","13":"shipping-taxable","14":"purchasable","15":"product-type-simple"},"_links":{"self":[{"href":"https:\/\/hadgitec.com.br\/loja\/wp-json\/wp\/v2\/product\/2231","targetHints":{"allow":["GET"]}}],"collection":[{"href":"https:\/\/hadgitec.com.br\/loja\/wp-json\/wp\/v2\/product"}],"about":[{"href":"https:\/\/hadgitec.com.br\/loja\/wp-json\/wp\/v2\/types\/product"}],"replies":[{"embeddable":true,"href":"https:\/\/hadgitec.com.br\/loja\/wp-json\/wp\/v2\/comments?post=2231"}],"wp:featuredmedia":[{"embeddable":true,"href":"https:\/\/hadgitec.com.br\/loja\/wp-json\/wp\/v2\/media\/2232"}],"wp:attachment":[{"href":"https:\/\/hadgitec.com.br\/loja\/wp-json\/wp\/v2\/media?parent=2231"}],"wp:term":[{"taxonomy":"product_brand","embeddable":true,"href":"https:\/\/hadgitec.com.br\/loja\/wp-json\/wp\/v2\/product_brand?post=2231"},{"taxonomy":"product_cat","embeddable":true,"href":"https:\/\/hadgitec.com.br\/loja\/wp-json\/wp\/v2\/product_cat?post=2231"},{"taxonomy":"product_tag","embeddable":true,"href":"https:\/\/hadgitec.com.br\/loja\/wp-json\/wp\/v2\/product_tag?post=2231"}],"curies":[{"name":"wp","href":"https:\/\/api.w.org\/{rel}","templated":true}]}}