{"id":2221,"date":"2022-06-08T01:09:38","date_gmt":"2022-06-08T04:09:38","guid":{"rendered":"https:\/\/hadgitec.com.br\/loja\/?post_type=product&#038;p=2221"},"modified":"2024-09-20T14:02:30","modified_gmt":"2024-09-20T17:02:30","slug":"camera-seguranca-ip-1080p-2-0-megapixel-wifi-audio-3-antenas","status":"publish","type":"product","link":"https:\/\/hadgitec.com.br\/loja\/produto\/camera-seguranca-ip-1080p-2-0-megapixel-wifi-audio-3-antenas\/","title":{"rendered":"C\u00e2mera Seguran\u00e7a Ip 1080p 2.0 Megapixel Wifi Audio 3 Antenas"},"content":{"rendered":"<h2 class=\"ui-pdp-description__title\">Descri\u00e7\u00e3o<\/h2>\n<p class=\"ui-pdp-description__content\">PRODUTO A PRONTA ENTREGA E ENVIO O MAIS R\u00c1PIDO E SEGURO FRETE PARA TODO BRASIL<\/p>\n<p class=\"ui-pdp-description__content\">EXCEL\u00caNCIA DE ATENDIMENTO PR\u00c9 VENDA E P\u00d3S VENDA COM TODO SUPORTE NECESS\u00c1RIO<\/p>\n<p class=\"ui-pdp-description__content\">** FOTO E V\u00cdDEO REAL DO PRODUTO NO AN\u00daNCIO **<\/p>\n<p>INFORMA\u00c7\u00c3O IMPORTANTE: NO MOMENTO DA CONFIGURA\u00c7\u00c3O, SE CERTIFICAR QUE O MESMO ESTEJA CONECTADO COM A REDE FREQU\u00caNCIA 2.4GHZ<\/p>\n<p>C\u00e2mera IP WiFi 360\u00ba Com Vis\u00e3o Noturna Microfone Auto Falante Sensor de Movimento Imagem Full hd<\/p>\n<p>Vigil\u00e2ncia durante 24 horas por dia da sua casa, escrit\u00f3rio, f\u00e1brica, quarto do beb\u00ea e entre outros lugares com total conforto e comodidade.<\/p>\n<p>* F\u00e1cil configura\u00e7\u00e3o;<br \/>\n* Possui alertas de movimento, infravermelho, alertas no celular e muitos outros recursos;<br \/>\n* Conex\u00e3o Wifi com muita praticidade;<br \/>\n* Equipada com infravermelho, permite visualizar imagens no escuro total;<br \/>\n* Gire sua c\u00e2mera para os lados, para cima e para baixo e veja tudo em alta defini\u00e7\u00e3o;<br \/>\n* C\u00e2mera equipada com microfone, sendo poss\u00edvel ouvir com clareza o \u00e1udio do local;<br \/>\n* \u00c1udio bidirecional: possibilita comunica\u00e7\u00e3o atrav\u00e9s do mini auto-falante da c\u00e2mera com que est\u00e1 do outro lado;<br \/>\n* Grava\u00e7\u00e3o cont\u00ednua ou com detec\u00e7\u00e3o de movimento, que possibilita poupar espa\u00e7o no cart\u00e3o micro sd ( suporta at\u00e9 128GB de capacidade do SD )<br \/>\n* Fixe sua c\u00e2mera no teto, parede ou simplesmente deixe-a em cima da estante.<br \/>\n* Conex\u00e3o via cabo RJ45 ou conex\u00e3o Wi-fi<\/p>\n<p>Especifica\u00e7\u00f5es T\u00e9cnicas:<br \/>\n* APP Yoose<br \/>\n* Quantidade de antenas: 3<br \/>\n* Resolu\u00e7\u00e3o: 1920&#215;1080<br \/>\n* Sensor: 1\/4 CMOS;<br \/>\n* Visibilidade noturna: Sim;<br \/>\n* Infravermelho: Sim;<br \/>\n* IR-Cut: Sim;<br \/>\n* Alerta de movimento: Sim;<br \/>\n* Consumo de energia: 5W;<br \/>\n* Armazenamento: Micro SD\/SDHC\/SDXC de at\u00e9 64GB (N\u00e3o incluso);<br \/>\n* Sensor: CMOS;<br \/>\n* Ethernet: 10\/100Mbps RJ-45;<br \/>\n* Wireless: IEEE 802.11b\/g\/n &#8211; 2,4Ghz;<br \/>\n* Compatibilidade mobile: iOS, Android, IOS, Windows, BlackBerry, Simbian.;<br \/>\n* Sistemas operacionais: Windows XP, Windows Vista, Windows 7, Windows 8, Windows 10;<br \/>\n* Formato de compress\u00e3o de v\u00eddeo: 1,3MP;<br \/>\n* Ilumina\u00e7\u00e3o m\u00ednima: 0,5 Lux;<br \/>\n* Protocolo Suportado: http, FTP, TCP\/IP, UDP, SMTP, DHCP, PPPoE, DDNS, UPnP;<br \/>\n* Rota\u00e7\u00e3o: 360\u00ba<br \/>\n* \u00c2ngulo de vis\u00e3o: 75\u00ba;<br \/>\n* Lente: 3,6mm;<br \/>\n* Alimenta\u00e7\u00e3o: 110\/220V;<br \/>\n* Dimens\u00f5es: 7&#215;10,5x13cm;<br \/>\n* Peso: 600g;<\/p>\n<p>Conte\u00fado da Embalagem<\/p>\n<p>* 01 &#8211; C\u00e2mera Ip Wifi Wireless Sem Fio Hd 3 Antenas Vis\u00e3o Noturna;<br \/>\n* 01 &#8211; Fonte de alimenta\u00e7\u00e3o Bivolt;<br \/>\n* 01 &#8211; Cabo de alimenta\u00e7\u00e3o;<br \/>\n* 01 &#8211; Suporte de fixa\u00e7\u00e3o;<br \/>\n* 01 &#8211; Kit de buchas e parafusos.<\/p>\n","protected":false},"excerpt":{"rendered":"<p>C\u00e2mera Seguran\u00e7a Ip 1080p 2.0 Megapixel<\/p>\n","protected":false},"featured_media":2222,"comment_status":"open","ping_status":"closed","template":"","meta":[],"product_brand":[],"product_cat":[79,80],"product_tag":[81,83,82],"class_list":{"0":"post-2221","1":"product","2":"type-product","3":"status-publish","4":"has-post-thumbnail","6":"product_cat-seguranca-para-casa","7":"product_cat-cameras-de-seguranca","8":"product_tag-camera","9":"product_tag-camera-ip","10":"product_tag-seguranca","12":"first","13":"instock","14":"sale","15":"shipping-taxable","16":"purchasable","17":"product-type-simple"},"_links":{"self":[{"href":"https:\/\/hadgitec.com.br\/loja\/wp-json\/wp\/v2\/product\/2221","targetHints":{"allow":["GET"]}}],"collection":[{"href":"https:\/\/hadgitec.com.br\/loja\/wp-json\/wp\/v2\/product"}],"about":[{"href":"https:\/\/hadgitec.com.br\/loja\/wp-json\/wp\/v2\/types\/product"}],"replies":[{"embeddable":true,"href":"https:\/\/hadgitec.com.br\/loja\/wp-json\/wp\/v2\/comments?post=2221"}],"wp:featuredmedia":[{"embeddable":true,"href":"https:\/\/hadgitec.com.br\/loja\/wp-json\/wp\/v2\/media\/2222"}],"wp:attachment":[{"href":"https:\/\/hadgitec.com.br\/loja\/wp-json\/wp\/v2\/media?parent=2221"}],"wp:term":[{"taxonomy":"product_brand","embeddable":true,"href":"https:\/\/hadgitec.com.br\/loja\/wp-json\/wp\/v2\/product_brand?post=2221"},{"taxonomy":"product_cat","embeddable":true,"href":"https:\/\/hadgitec.com.br\/loja\/wp-json\/wp\/v2\/product_cat?post=2221"},{"taxonomy":"product_tag","embeddable":true,"href":"https:\/\/hadgitec.com.br\/loja\/wp-json\/wp\/v2\/product_tag?post=2221"}],"curies":[{"name":"wp","href":"https:\/\/api.w.org\/{rel}","templated":true}]}}