{"id":2217,"date":"2022-06-08T00:46:31","date_gmt":"2022-06-08T03:46:31","guid":{"rendered":"https:\/\/hadgitec.com.br\/loja\/?post_type=product&#038;p=2217"},"modified":"2024-09-20T14:03:30","modified_gmt":"2024-09-20T17:03:30","slug":"maquina-de-acabamento-kemei-km-1974a-buda-pronta-entrega","status":"publish","type":"product","link":"https:\/\/hadgitec.com.br\/loja\/produto\/maquina-de-acabamento-kemei-km-1974a-buda-pronta-entrega\/","title":{"rendered":"M\u00e1quina De Acabamento Kemei Km-1974a Buda Pronta Entrega"},"content":{"rendered":"<p>M\u00e1quina De Acabamento Kemei Km-1974a Buda Original<\/p>\n<p>Recursos:<br \/>\n\u00c9 novo e tem qualidade Premium, poderoso motor de longa dura\u00e7\u00e3o, l\u00e2mina afiada e eficaz. Gerenciamento inteligente de chips host e prote\u00e7\u00e3o para fonte de alimenta\u00e7\u00e3o. Cabe\u00e7a de faca adota design oco, f\u00e1cil de operar.<br \/>\nA cabe\u00e7a de faca redonda lav\u00e1vel com l\u00e2mina em movimento de \u00e2ngulo bonito patenteada \u00e9 adequada para cabe\u00e7a de \u00f3leo, corte e escultura<br \/>\nBateria interna recarreg\u00e1vel e ecol\u00f3gica de cobalto de l\u00edtio, est\u00e1 dispon\u00edvel para trabalhar por cerca de 120 minutos depois de totalmente carregada. Vem com cabo de carregamento USB e outros acess\u00f3rios de corte.<\/p>\n<p>Especifica\u00e7\u00f5es:<br \/>\nMarca: Kemei<br \/>\nModelo: KM-1974A<br \/>\nCor: Ouro<br \/>\nTamanho: 14,5 * 4 cm<br \/>\nPeso l\u00edquido: 169 g<br \/>\nPot\u00eancia: 5W<br \/>\nTens\u00e3o: 110-240V<br \/>\nFonte de alimenta\u00e7\u00e3o: Bateria recarreg\u00e1vel<br \/>\nTempo de carregamento: 3 horas<br \/>\nVida \u00fatil: 120 minutos<\/p>\n<p>Conte\u00fado da Embalagem:<br \/>\n01- Maquina Buda 1974A<br \/>\n01- Carregador USB<br \/>\n01- Bateria Avulsa<br \/>\n04- Pentes<\/p>\n","protected":false},"excerpt":{"rendered":"<p>M\u00e1quina De Acabamento Kemei<\/p>\n","protected":false},"featured_media":2218,"comment_status":"open","ping_status":"closed","template":"","meta":[],"product_brand":[],"product_cat":[75],"product_tag":[78,76,77],"class_list":{"0":"post-2217","1":"product","2":"type-product","3":"status-publish","4":"has-post-thumbnail","6":"product_cat-artigos-para-cabeleireiros","7":"product_tag-kemei","8":"product_tag-maquina-de-cortar-cabelo","9":"product_tag-maquininha","11":"first","12":"outofstock","13":"sale","14":"shipping-taxable","15":"purchasable","16":"product-type-simple"},"_links":{"self":[{"href":"https:\/\/hadgitec.com.br\/loja\/wp-json\/wp\/v2\/product\/2217","targetHints":{"allow":["GET"]}}],"collection":[{"href":"https:\/\/hadgitec.com.br\/loja\/wp-json\/wp\/v2\/product"}],"about":[{"href":"https:\/\/hadgitec.com.br\/loja\/wp-json\/wp\/v2\/types\/product"}],"replies":[{"embeddable":true,"href":"https:\/\/hadgitec.com.br\/loja\/wp-json\/wp\/v2\/comments?post=2217"}],"wp:featuredmedia":[{"embeddable":true,"href":"https:\/\/hadgitec.com.br\/loja\/wp-json\/wp\/v2\/media\/2218"}],"wp:attachment":[{"href":"https:\/\/hadgitec.com.br\/loja\/wp-json\/wp\/v2\/media?parent=2217"}],"wp:term":[{"taxonomy":"product_brand","embeddable":true,"href":"https:\/\/hadgitec.com.br\/loja\/wp-json\/wp\/v2\/product_brand?post=2217"},{"taxonomy":"product_cat","embeddable":true,"href":"https:\/\/hadgitec.com.br\/loja\/wp-json\/wp\/v2\/product_cat?post=2217"},{"taxonomy":"product_tag","embeddable":true,"href":"https:\/\/hadgitec.com.br\/loja\/wp-json\/wp\/v2\/product_tag?post=2217"}],"curies":[{"name":"wp","href":"https:\/\/api.w.org\/{rel}","templated":true}]}}