{"id":2128,"date":"2021-11-30T15:33:00","date_gmt":"2021-11-30T18:33:00","guid":{"rendered":"https:\/\/hadgitec.com.br\/loja\/?post_type=product&#038;p=2128"},"modified":"2024-09-20T14:04:31","modified_gmt":"2024-09-20T17:04:31","slug":"teclado-luminoso-gamer-semi-mecanico-led-note-pc-ps4-xbox","status":"publish","type":"product","link":"https:\/\/hadgitec.com.br\/loja\/produto\/teclado-luminoso-gamer-semi-mecanico-led-note-pc-ps4-xbox\/","title":{"rendered":"Teclado Luminoso Gamer Semi Mec\u00e2nico Led Note Pc Ps4 Xbox"},"content":{"rendered":"<p>O teclado Semi-Mec\u00e2nico TD-LTE M-888 possui fun\u00e7\u00e3o que acende o &#8221;Led RGB&#8221; deixando ele muito mais bonito. Sem contar que \u00e9 poss\u00edvel melhorar seu desempenho na sua jogatina. Com conex\u00e3o USB compat\u00edvel com todos sistemas operacionais e com os consoles PS4 e XONE..<\/p>\n<p>Ele tem a base de Metal e suporte para celular e possui as teclas &#8220;?&#8221; e &#8220;\u00c7 &#8221; possui tamb\u00e9m 12 Teclas Multim\u00eddias.<\/p>\n<p>Por fim ele tem um alto desempenho de resposta das teclas, dando aquela sensa\u00e7\u00e3o de profissionalidade com lindo design poderoso para sua m\u00e1quina<\/p>\n<p>Ilumina\u00e7\u00e3o LED RGB &#8211; Digita\u00e7\u00e3o confort\u00e1vel e precisa &#8211; Alta qualidade com excelente desempenho &#8211; Fino acabamento &#8211; A prova de respingos de \u00e1gua &#8211; Plug and Play, n\u00e3o requer driver de instala\u00e7\u00e3o &#8211; Compat\u00edvel com Windows, Mac e linux<br \/>\nEspecifica\u00e7\u00f5es: &#8211; Alimenta\u00e7\u00e3o: 5 V DC via porta USB &#8211; Padr\u00e3o: ABNT2 &#8211; Quantidade de teclas: 107 &#8211; Comprimento do cabo: 1,40 m<\/p>\n<p>Dimens\u00f5es do produto &#8211; cm (AxLxP) 3,5 x 46 x 17<br \/>\nPeso liq. aproximado do produto (Kg) 0,512<\/p>\n<p>Marca TD-LTE<br \/>\nBase de Metal<br \/>\nPlug &amp; Play Sim<br \/>\nModelo M-888<br \/>\nPadr\u00e3o ABNT2<br \/>\nAlimenta\u00e7\u00e3o 5 V DC via porta USB<br \/>\nApoio destac\u00e1vel N\u00e3o<br \/>\nInterface USB<br \/>\nConte\u00fado da Embalagem 1 Teclado Gamer USB<br \/>\nGarantia do Fornecedor 1 ano<br \/>\nAparelhos compat\u00edveis PC`s e Notebook`s PS4 e XONE<br \/>\nCor Preto<br \/>\nQuantidade de teclas 107<\/p>\n","protected":false},"excerpt":{"rendered":"<h1 class=\"ui-pdp-title\">Teclado Luminoso Gamer<\/h1>\n","protected":false},"featured_media":2129,"comment_status":"open","ping_status":"closed","template":"","meta":[],"product_brand":[],"product_cat":[36,73],"product_tag":[],"class_list":{"0":"post-2128","1":"product","2":"type-product","3":"status-publish","4":"has-post-thumbnail","6":"product_cat-informatica","7":"product_cat-teclados-informatica","9":"first","10":"outofstock","11":"shipping-taxable","12":"purchasable","13":"product-type-simple"},"_links":{"self":[{"href":"https:\/\/hadgitec.com.br\/loja\/wp-json\/wp\/v2\/product\/2128","targetHints":{"allow":["GET"]}}],"collection":[{"href":"https:\/\/hadgitec.com.br\/loja\/wp-json\/wp\/v2\/product"}],"about":[{"href":"https:\/\/hadgitec.com.br\/loja\/wp-json\/wp\/v2\/types\/product"}],"replies":[{"embeddable":true,"href":"https:\/\/hadgitec.com.br\/loja\/wp-json\/wp\/v2\/comments?post=2128"}],"wp:featuredmedia":[{"embeddable":true,"href":"https:\/\/hadgitec.com.br\/loja\/wp-json\/wp\/v2\/media\/2129"}],"wp:attachment":[{"href":"https:\/\/hadgitec.com.br\/loja\/wp-json\/wp\/v2\/media?parent=2128"}],"wp:term":[{"taxonomy":"product_brand","embeddable":true,"href":"https:\/\/hadgitec.com.br\/loja\/wp-json\/wp\/v2\/product_brand?post=2128"},{"taxonomy":"product_cat","embeddable":true,"href":"https:\/\/hadgitec.com.br\/loja\/wp-json\/wp\/v2\/product_cat?post=2128"},{"taxonomy":"product_tag","embeddable":true,"href":"https:\/\/hadgitec.com.br\/loja\/wp-json\/wp\/v2\/product_tag?post=2128"}],"curies":[{"name":"wp","href":"https:\/\/api.w.org\/{rel}","templated":true}]}}