{"id":2120,"date":"2021-08-21T15:52:11","date_gmt":"2021-08-21T18:52:11","guid":{"rendered":"https:\/\/hadgitec.com.br\/loja\/?post_type=product&#038;p=2120"},"modified":"2023-01-08T20:32:42","modified_gmt":"2023-01-08T23:32:42","slug":"video-game-super-mini-620-jogos-8-bits-2-controles","status":"publish","type":"product","link":"https:\/\/hadgitec.com.br\/loja\/produto\/video-game-super-mini-620-jogos-8-bits-2-controles\/","title":{"rendered":"Video Game Super Mini, 620 Jogos 8 Bits 2 Controles"},"content":{"rendered":"<p>Video Game Retro com 620 jogos<\/p>\n<p>O Game Classic Edition \u00e9 praticamente igual ao v\u00eddeo game original dos anos 90, mudando apenas o seu seu tamanho. Hoje com seu modelo mais compacto cabendo na palma da m\u00e3o, facilitando para levar at\u00e9 a casa dos amigos e fazer aquela divers\u00e3o.<\/p>\n<p>Conte\u00fado:<br \/>\n&#8211; 1x Console;<br \/>\n&#8211; 2x Controles;<br \/>\n&#8211; 1x Cabo AV;<br \/>\n&#8211; 1x Fonte<br \/>\n&#8211; 1x Manual<\/p>\n","protected":false},"excerpt":{"rendered":"<p>Retro Games 8 Bits<\/p>\n","protected":false},"featured_media":2123,"comment_status":"open","ping_status":"closed","template":"","meta":[],"product_brand":[],"product_cat":[67,68],"product_tag":[69,70,71],"class_list":{"0":"post-2120","1":"product","2":"type-product","3":"status-publish","4":"has-post-thumbnail","6":"product_cat-games","7":"product_cat-retro-games","8":"product_tag-games","9":"product_tag-retro","10":"product_tag-video-games","12":"first","13":"outofstock","14":"shipping-taxable","15":"purchasable","16":"product-type-simple"},"_links":{"self":[{"href":"https:\/\/hadgitec.com.br\/loja\/wp-json\/wp\/v2\/product\/2120","targetHints":{"allow":["GET"]}}],"collection":[{"href":"https:\/\/hadgitec.com.br\/loja\/wp-json\/wp\/v2\/product"}],"about":[{"href":"https:\/\/hadgitec.com.br\/loja\/wp-json\/wp\/v2\/types\/product"}],"replies":[{"embeddable":true,"href":"https:\/\/hadgitec.com.br\/loja\/wp-json\/wp\/v2\/comments?post=2120"}],"wp:featuredmedia":[{"embeddable":true,"href":"https:\/\/hadgitec.com.br\/loja\/wp-json\/wp\/v2\/media\/2123"}],"wp:attachment":[{"href":"https:\/\/hadgitec.com.br\/loja\/wp-json\/wp\/v2\/media?parent=2120"}],"wp:term":[{"taxonomy":"product_brand","embeddable":true,"href":"https:\/\/hadgitec.com.br\/loja\/wp-json\/wp\/v2\/product_brand?post=2120"},{"taxonomy":"product_cat","embeddable":true,"href":"https:\/\/hadgitec.com.br\/loja\/wp-json\/wp\/v2\/product_cat?post=2120"},{"taxonomy":"product_tag","embeddable":true,"href":"https:\/\/hadgitec.com.br\/loja\/wp-json\/wp\/v2\/product_tag?post=2120"}],"curies":[{"name":"wp","href":"https:\/\/api.w.org\/{rel}","templated":true}]}}