{"id":2116,"date":"2021-08-21T15:37:29","date_gmt":"2021-08-21T18:37:29","guid":{"rendered":"https:\/\/hadgitec.com.br\/loja\/?post_type=product&#038;p=2116"},"modified":"2021-11-28T15:02:18","modified_gmt":"2021-11-28T18:02:18","slug":"celular-usado-j400-32gb-azul","status":"publish","type":"product","link":"https:\/\/hadgitec.com.br\/loja\/produto\/celular-usado-j400-32gb-azul\/","title":{"rendered":"Celular Usado J400  32GB azul"},"content":{"rendered":"<p>SAMSUNG GALAXY J4 J400<\/p>\n<p>NACIONAL<\/p>\n<p>APARELHO REFORMADO<\/p>\n<p>GARANTIA DE 30 DIAS HADGITEC<\/p>\n<p>DESCRI\u00c7\u00c3O:<\/p>\n<p>Sistema operacional Android 8.0<br \/>\nRAM 2 GB<br \/>\nCapacidade de armazenamento da mem\u00f3ria 32 GB<br \/>\nTamanho da mem\u00f3ria RAM instalada 2 GB<br \/>\nCertifica\u00e7\u00e3o 001, 00000000<br \/>\nPilha(s) ou bateria(s): 1 \u00cdon de l\u00edtio baterias ou pilhas necess\u00e1rias (inclusas).<br \/>\nN\u00famero do modelo SM-J400MZKKZTO<br \/>\nTecnologia sem fio UMTS, GSM, Bluetooth, 4G, 3G, 2G, GPS, Wifi<br \/>\nTecnologia de conex\u00e3o 4G, 3G, USB, 2G, Bluetooth Wireless, GPS, Wifi, Wired 3.5mm Single Pin, Micro-USB<br \/>\nGPS A-GPS<br \/>\nTamanho de tela vertical 5.5 Polegadas<br \/>\nResolu\u00e7\u00e3o 720 x 1280 Pixels<br \/>\nOutras caracter\u00edsticas de tela Wireless<br \/>\nDescri\u00e7\u00e3o da c\u00e2mera 13<br \/>\nFormato Smartphone<br \/>\nCor Preto<br \/>\nComponentes inclusos Aparelho, Bateria<\/p>\n","protected":false},"excerpt":{"rendered":"<p>Samsung Galaxy J4 J400 32gb 13mp 4g Wi-fi &#8211;<\/p>\n","protected":false},"featured_media":2119,"comment_status":"open","ping_status":"closed","template":"","meta":[],"product_brand":[],"product_cat":[64],"product_tag":[62,66,65],"class_list":{"0":"post-2116","1":"product","2":"type-product","3":"status-publish","4":"has-post-thumbnail","6":"product_cat-aparelhos-usados","7":"product_tag-celular","8":"product_tag-samsung","9":"product_tag-usado","11":"first","12":"outofstock","13":"shipping-taxable","14":"purchasable","15":"product-type-simple"},"_links":{"self":[{"href":"https:\/\/hadgitec.com.br\/loja\/wp-json\/wp\/v2\/product\/2116","targetHints":{"allow":["GET"]}}],"collection":[{"href":"https:\/\/hadgitec.com.br\/loja\/wp-json\/wp\/v2\/product"}],"about":[{"href":"https:\/\/hadgitec.com.br\/loja\/wp-json\/wp\/v2\/types\/product"}],"replies":[{"embeddable":true,"href":"https:\/\/hadgitec.com.br\/loja\/wp-json\/wp\/v2\/comments?post=2116"}],"wp:featuredmedia":[{"embeddable":true,"href":"https:\/\/hadgitec.com.br\/loja\/wp-json\/wp\/v2\/media\/2119"}],"wp:attachment":[{"href":"https:\/\/hadgitec.com.br\/loja\/wp-json\/wp\/v2\/media?parent=2116"}],"wp:term":[{"taxonomy":"product_brand","embeddable":true,"href":"https:\/\/hadgitec.com.br\/loja\/wp-json\/wp\/v2\/product_brand?post=2116"},{"taxonomy":"product_cat","embeddable":true,"href":"https:\/\/hadgitec.com.br\/loja\/wp-json\/wp\/v2\/product_cat?post=2116"},{"taxonomy":"product_tag","embeddable":true,"href":"https:\/\/hadgitec.com.br\/loja\/wp-json\/wp\/v2\/product_tag?post=2116"}],"curies":[{"name":"wp","href":"https:\/\/api.w.org\/{rel}","templated":true}]}}