{"id":2109,"date":"2021-08-20T23:44:43","date_gmt":"2021-08-21T02:44:43","guid":{"rendered":"https:\/\/hadgitec.com.br\/loja\/?post_type=product&#038;p=2109"},"modified":"2024-09-20T14:05:59","modified_gmt":"2024-09-20T17:05:59","slug":"carregador-motorola-original-power-turbo-tipo-c","status":"publish","type":"product","link":"https:\/\/hadgitec.com.br\/loja\/produto\/carregador-motorola-original-power-turbo-tipo-c\/","title":{"rendered":"Carregador Motorola Original Power Turbo Tipo C"},"content":{"rendered":"<p>Est\u00e1 procurando carregador realmente original<\/p>\n<p>Modelos de Celulares Compat\u00edvel<\/p>\n<p>Motorola Moto Z<br \/>\nMotorola Moto Z2 Play<br \/>\nMotorola Moto Z2 Play Force<br \/>\nMotorola Moto Z3 Play<br \/>\nMotorola Moto G6<br \/>\nMotorola Moto G6 PLus<br \/>\nMotorola Moto G7<br \/>\nMotorola Moto G7 Play<br \/>\nMotorola Moto G7 Power<br \/>\nMotorola Moto G7 Plus<br \/>\nMotorola Moto Moto X4<br \/>\nMotorola Moto X5<br \/>\nMotorola Moto One<br \/>\nMotorola Moto One Vision<br \/>\nMotorola Moto One Zoom<\/p>\n<p>Obtenha uma r\u00e1pida recarga em apenas alguns minutos conectado na tomada.<br \/>\nO TurboPower \u2122 18 deixar\u00e1 seu dispositivo excepcionalmente carregado rapidamente<br \/>\n\u00c9 compat\u00edvel com smartphones e tablets compat\u00edveis com USB Type-C (USB-C)<\/p>\n<p>Recursos:<\/p>\n<p>Carregamento r\u00e1pido: A tecnologia de carregamento r\u00e1pido Turbo Power \u2122 15 permite que voc\u00ea carregue os smartphones turbo power.<br \/>\nR\u00e1pido fornecimento de energia: A entrega de energia USB \u00e9 de at\u00e9 5V \/ 3A.<br \/>\nIsso proporciona um r\u00e1pido fornecimento de energia quando voc\u00ea precisar.<br \/>\nEfici\u00eancia energ\u00e9tica elevada: Este carregador atende ao n\u00edvel mais alto de efici\u00eancia energ\u00e9tica do n\u00edvel VI.<br \/>\nCompatibilidade: O Turbo Power \u2122 15 pode carregar dispositivos compat\u00edveis com porta de carregamento tipo USB-tipo C.<\/p>\n<p>ESPECIFICA\u00c7\u00d5ES DO PRODUTO<\/p>\n<p>Entrada: 100-240 bivolt<br \/>\nSa\u00edda de tens\u00e3o: 5 Volts<br \/>\nSa\u00edda de corrente m\u00e1xima: 3A<br \/>\nSa\u00edda de pot\u00eancia: 18 Watt<\/p>\n<p>INCLU\u00cdDO NA CAIXA<\/p>\n<p>1- Carregador TurboPower \u2122 15 Universal USB Type-C<br \/>\n1 &#8211; Cabo Turbo Power 1 metro<br \/>\n1 &#8211; Manual de Instru\u00e7\u00f5es Portugu\u00eas<\/p>\n","protected":false},"excerpt":{"rendered":"<p>O TurboPower \u2122 18 deixar\u00e1 seu dispositivo excepcionalmente carregado rapidamente<\/p>\n","protected":false},"featured_media":2112,"comment_status":"open","ping_status":"closed","template":"","meta":[],"product_brand":[],"product_cat":[60,61],"product_tag":[63,62],"class_list":{"0":"post-2109","1":"product","2":"type-product","3":"status-publish","4":"has-post-thumbnail","6":"product_cat-celular","7":"product_cat-carregadores","8":"product_tag-carregador","9":"product_tag-celular","11":"first","12":"instock","13":"shipping-taxable","14":"purchasable","15":"product-type-simple"},"_links":{"self":[{"href":"https:\/\/hadgitec.com.br\/loja\/wp-json\/wp\/v2\/product\/2109","targetHints":{"allow":["GET"]}}],"collection":[{"href":"https:\/\/hadgitec.com.br\/loja\/wp-json\/wp\/v2\/product"}],"about":[{"href":"https:\/\/hadgitec.com.br\/loja\/wp-json\/wp\/v2\/types\/product"}],"replies":[{"embeddable":true,"href":"https:\/\/hadgitec.com.br\/loja\/wp-json\/wp\/v2\/comments?post=2109"}],"wp:featuredmedia":[{"embeddable":true,"href":"https:\/\/hadgitec.com.br\/loja\/wp-json\/wp\/v2\/media\/2112"}],"wp:attachment":[{"href":"https:\/\/hadgitec.com.br\/loja\/wp-json\/wp\/v2\/media?parent=2109"}],"wp:term":[{"taxonomy":"product_brand","embeddable":true,"href":"https:\/\/hadgitec.com.br\/loja\/wp-json\/wp\/v2\/product_brand?post=2109"},{"taxonomy":"product_cat","embeddable":true,"href":"https:\/\/hadgitec.com.br\/loja\/wp-json\/wp\/v2\/product_cat?post=2109"},{"taxonomy":"product_tag","embeddable":true,"href":"https:\/\/hadgitec.com.br\/loja\/wp-json\/wp\/v2\/product_tag?post=2109"}],"curies":[{"name":"wp","href":"https:\/\/api.w.org\/{rel}","templated":true}]}}