{"id":2105,"date":"2021-08-20T23:26:19","date_gmt":"2021-08-21T02:26:19","guid":{"rendered":"https:\/\/hadgitec.com.br\/loja\/?post_type=product&#038;p=2105"},"modified":"2024-09-20T14:09:01","modified_gmt":"2024-09-20T17:09:01","slug":"nano-receptor-de-sinal-usb-wifi-2-4-g-sinal-moderno-potente","status":"publish","type":"product","link":"https:\/\/hadgitec.com.br\/loja\/produto\/nano-receptor-de-sinal-usb-wifi-2-4-g-sinal-moderno-potente\/","title":{"rendered":"Nano Receptor De Sinal Usb Wifi 2.4 G Sinal Moderno Potente"},"content":{"rendered":"<p>Possui um computador que perdeu a conex\u00e3o com Wi-Fi ? Ent\u00e3o chegou a solu\u00e7\u00e3o para voc\u00ea!<\/p>\n<p>O adaptador receptor de sinal Wifi te oferece criptografias WPA \/ WPA2 que s\u00e3o criadas pelo grupo W\u00ed-FI Alliance, que promovem recursos de criptografia e seguran\u00e7a para redes sem fios para proteger a rede local com a m\u00e1xima efici\u00eancia.<\/p>\n<p>\u00c9 muito simples de usar, , junto ao aparelho, possui um CD para f\u00e1cil instala\u00e7\u00e3o.<\/p>\n<p>Este CD cont\u00e9m utilit\u00e1rios que o ajudam a concluir a instala\u00e7\u00e3o do software e as configura\u00e7\u00f5es da rede wireless, o que \u00e9 conveniente para os usu\u00e1rios, principalmente os iniciantes.<\/p>\n<p>Como instalar o drive:<br \/>\n&#8211; Coloca o adaptador na entrada USB e o CD no leitor de disco;<br \/>\n&#8211; Espere abrir as pastas e clique na pasta MTK;<br \/>\n&#8211; Clique pasta WINDOWS e depois clique em instalar;<br \/>\n&#8211; Retire o CD e adaptador e clique em concluir;<br \/>\n&#8211; Reinicie seu computador e pronto, \u00e9 s\u00f3 plugar o adaptador novamente e j\u00e1 estar\u00e1 recebendo seu sinal WIFI;<br \/>\n&#8211; Conecte-se a sua rede e desfrute da navega\u00e7\u00e3o da internet.<\/p>\n<p>Descri\u00e7\u00e3o do produto:<br \/>\n&#8211; Recursos do hardware;<br \/>\n&#8211; Interface USB 2.0;<br \/>\n&#8211; Antena interna;<br \/>\n&#8211; Recursos Wireless;<br \/>\n&#8211; Padr\u00f5es Wireless;<br \/>\n&#8211; IEEE 802.11n;<br \/>\n&#8211; IEEE 802.11g;<br \/>\n&#8211; IEEE 802.11b;<br \/>\n&#8211; Frequ\u00eancia 2,4 a 2,4835 GHz;<br \/>\n&#8211; Taxa do sinal 802.11n: At\u00e9 150Mbps (din\u00e2mico) \/ 802.11g: At\u00e9 54Mbps (din\u00e2mico) \/ 11b: At\u00e9 11Mbps (din\u00e2mico);<br \/>\n&#8211; Seguran\u00e7a Wireless: Wepde 64\/128 bits.<\/p>\n<p>Medidas aproximadas:<br \/>\n&#8211; Altura: 16 mm;<br \/>\n&#8211; Largura: 21 mm;<br \/>\n&#8211; Comprimento: 7,7 mm.<\/p>\n<p>Itens Inclusos:<br \/>\n01 &#8211; Receptor Wifi;<br \/>\n01 &#8211; CD de instala\u00e7\u00e3o do driver.<\/p>\n","protected":false},"excerpt":{"rendered":"<p><span class=\"andes-table__column--value\">ADAPTADOR, RECEPTOR DE SINAL, WIFI, WIRELESS, REDE, NOTEBOOK, SEM WIFI, LV-UW06, 802.11 b\/g\/n, Conex\u00e3o, Home Office, Internet, Sem fio<\/span><\/p>\n","protected":false},"featured_media":2108,"comment_status":"open","ping_status":"closed","template":"","meta":[],"product_brand":[],"product_cat":[36,37],"product_tag":[46,59,39],"class_list":{"0":"post-2105","1":"product","2":"type-product","3":"status-publish","4":"has-post-thumbnail","6":"product_cat-informatica","7":"product_cat-rede","8":"product_tag-rede","9":"product_tag-sem-fio","10":"product_tag-wifi","12":"first","13":"instock","14":"shipping-taxable","15":"purchasable","16":"product-type-simple"},"_links":{"self":[{"href":"https:\/\/hadgitec.com.br\/loja\/wp-json\/wp\/v2\/product\/2105","targetHints":{"allow":["GET"]}}],"collection":[{"href":"https:\/\/hadgitec.com.br\/loja\/wp-json\/wp\/v2\/product"}],"about":[{"href":"https:\/\/hadgitec.com.br\/loja\/wp-json\/wp\/v2\/types\/product"}],"replies":[{"embeddable":true,"href":"https:\/\/hadgitec.com.br\/loja\/wp-json\/wp\/v2\/comments?post=2105"}],"wp:featuredmedia":[{"embeddable":true,"href":"https:\/\/hadgitec.com.br\/loja\/wp-json\/wp\/v2\/media\/2108"}],"wp:attachment":[{"href":"https:\/\/hadgitec.com.br\/loja\/wp-json\/wp\/v2\/media?parent=2105"}],"wp:term":[{"taxonomy":"product_brand","embeddable":true,"href":"https:\/\/hadgitec.com.br\/loja\/wp-json\/wp\/v2\/product_brand?post=2105"},{"taxonomy":"product_cat","embeddable":true,"href":"https:\/\/hadgitec.com.br\/loja\/wp-json\/wp\/v2\/product_cat?post=2105"},{"taxonomy":"product_tag","embeddable":true,"href":"https:\/\/hadgitec.com.br\/loja\/wp-json\/wp\/v2\/product_tag?post=2105"}],"curies":[{"name":"wp","href":"https:\/\/api.w.org\/{rel}","templated":true}]}}