{"id":2023,"date":"2021-03-14T13:54:34","date_gmt":"2021-03-14T16:54:34","guid":{"rendered":"https:\/\/hadgitec.com.br\/loja\/?post_type=product&#038;p=2023"},"modified":"2021-11-28T15:10:50","modified_gmt":"2021-11-28T18:10:50","slug":"smart-watch-relogio-inteligente-p70-sports-compativel-iphone-samsung-lg-motorola-xiaomi-pronta-entrega-2-pulseiras","status":"publish","type":"product","link":"https:\/\/hadgitec.com.br\/loja\/produto\/smart-watch-relogio-inteligente-p70-sports-compativel-iphone-samsung-lg-motorola-xiaomi-pronta-entrega-2-pulseiras\/","title":{"rendered":"Smart Watch Rel\u00f3gio Inteligente P70 Sports Compat\u00edvel iPhone Samsung LG Motorola Xiaomi Pronta Entrega 2 Pulseiras"},"content":{"rendered":"<h2 class=\"ui-pdp-description__title\">Descri\u00e7\u00e3o<\/h2>\n<p class=\"ui-pdp-description__content\">O Smart Watch 70P \u00e9 um rel\u00f3gio inteligente que simplesmente dispensa coment\u00e1rios.<\/p>\n<p>Sua sa\u00fade pode ser controlada em v\u00e1rios aspectos com estilo e praticidade.<\/p>\n<p>Quando voc\u00ea levanta seu pulso, o rel\u00f3gio automaticamente liga seu moderno visor display.<\/p>\n<p>Voc\u00ea consegue mudar o funda da imagem da Watch face para qualquer fotos de sua galeria.<\/p>\n<p>Voc\u00ea pode exibir a hora no display tanto em formato digital (01 op\u00e7\u00e3o) como tamb\u00e9m no anal\u00f3gico (02 op\u00e7\u00f5es),S\u00e3o 03 estilos modernos para voc\u00ea escolher.<\/p>\n<p>Uma das fun\u00e7\u00f5es interessantes \u00e9 o Lembrete Sedent\u00e1rio, ferramenta que ir\u00e1 lembr\u00e1-lo sobre sua inatividade f\u00edsica em um determinado per\u00edodo.<\/p>\n<p>Possui alarme com efeito vibrat\u00f3rio para que voc\u00ea n\u00e3o perca o hor\u00e1rio ou os seus compromissos marcados.<\/p>\n<p>O P70 controla, exibe e toca com maestria todas as m\u00fasicas do seu Smartphone<\/p>\n<p>Esteja sempre na frente, sabendo da Previs\u00e3o do Tempo di\u00e1rio diretamente no seu rel\u00f3gio.<\/p>\n<p>Ele monitora os seus batimentos card\u00edacos proporcionando a voc\u00ea mais seguran\u00e7a e confiabilidade no seu ritmo de exerc\u00edcios.<\/p>\n<p>Voc\u00ea pode utiliz\u00e1-lo como GPS (mapeando-o junto com o seu celular via Bluetooth).<\/p>\n<p>Voc\u00ea ter\u00e1 dados de sua press\u00e3o arterial e assim observar e cuidar melhor de sua sa\u00fade.<\/p>\n<p>O rel\u00f3gio permite que voc\u00ea aumente e diminua a luminosidade do display.<\/p>\n<p>A bateria do P70 \u00e9 excelente, seu desempenho pode durar at\u00e9 15 dias em stand by e com um uso mais moderado, entre 5 e 7 dias.<\/p>\n<p>O carregamento do rel\u00f3gio \u00e9 de forma magn\u00e9tico, ou seja, mais praticidade e seguran\u00e7a com rela\u00e7\u00e3o aos seus conectores e sua forma de encaixe.<\/p>\n<p>O P70 possui a incr\u00edvel fun\u00e7\u00e3o Photo Control, com ela voc\u00ea pode mirar o local desejado com seu celular e disparar a foto diretamente atrav\u00e9s de rel\u00f3gio.<\/p>\n<p>Com este rel\u00f3gio inteligente, voc\u00ea receber\u00e1 notifica\u00e7\u00f5es de liga\u00e7\u00f5es telef\u00f4nicas, e-mails, sms, informa\u00e7\u00f5es de redes sociais (somente leitura).<br \/>\nCom a excelente fun\u00e7\u00e3o Sleep Monitoring \u2013 voc\u00ea poder\u00e1 controlar seu sono de forma mais \u00e1gil.<\/p>\n<p>O P70 possui 8 modelos de sensores de movimentos para que voc\u00ea esteja sempre na frente e controle seu desempenho em diferentes esportes tais como Caminhada, Corrida, Pular Corda, Bike, Nata\u00e7\u00e3o, Badminton, Basquete e Futebol).<\/p>\n<p>Este rel\u00f3gio inteligente ainda controla quantidade de passos di\u00e1rios, KM percorridos e at\u00e9 mesmo as calorias gastas nos mesmos.<\/p>\n<p>Voc\u00ea pode efetuar elogios no idioma ingl\u00eas e tamb\u00e9m no espanhol, por\u00e9m n\u00e3o se preocupe, a linguagem do aplicativo do P70 \u00e9 em portugu\u00eas possibilitando seu uso de forma extremamente f\u00e1cil e r\u00e1pida e pratica.<\/p>\n<p>O P70 possui uma pulseira com fecho magn\u00e9tico ergon\u00f4mico ajust\u00e1vel e, al\u00e9m disso, ele possui tamb\u00e9m uma elegante e resistente pulseira de silicone, h\u00e1 tamanhos para todos os pulsos conforme sua escolha. Troque-as para seu uso com liberdade e estilo.<\/p>\n<p>Veja de forma organizada as principais caracter\u00edsticas deste moderno e inteligente acess\u00f3rio:<\/p>\n<p>A) Fun\u00e7\u00f5es p\/ Esportes: quantidade de passos, tempo de exerc\u00edcios, quilometragem, consumo de calorias e monitoramento do sono;<\/p>\n<p>B) Fun\u00e7\u00f5es p\/ sa\u00fade: medi\u00e7\u00e3o da frequ\u00eancia card\u00edaca em tempo real durante todo o dia, medi\u00e7\u00e3o de press\u00e3o arterial e medi\u00e7\u00e3o de oxig\u00eanio no sangue;<\/p>\n<p>C) Fun\u00e7\u00f5es Inteligentes: Lembrete de alarme personalizado, Lembrete de sedentarismo, Lembrete de chamadas telef\u00f4nicas, Lembrete de envio\/recebimento de informa\u00e7\u00f5es (SMS \/ QQ \/ WeChat \/ Skype \/ Facebook \/ Twitter \/ Linha \/ WhatsApp);<\/p>\n<p>D) Demais fun\u00e7\u00f5es: sele\u00e7\u00e3o de discagem, modo multiesportivo (oito tipos de modalidades), exibi\u00e7\u00e3o de informa\u00e7\u00f5es de pulso, de tempo, fotografia remota, m\u00fasica remota, n\u00e3o perturbe, configura\u00e7\u00e3o no modo \u201cencontrar o celular\u201d, esportes.<\/p>\n<p>Ao comprar o rel\u00f3gio com nossa empresa, voc\u00ea receber\u00e1 no seu pacote:<br \/>\n1) Rel\u00f3gio inteligente<br \/>\n2) Cabo de carregamento<br \/>\n3) Manual do usu\u00e1rio<br \/>\n4) 02 pulseiras (01 de metal e outra de silicone)<\/p>\n<p>&nbsp;<\/p>\n<div class=\"ast-oembed-container\"><iframe title=\"Smartwatch P70 - Review e Unboxing - conhe\u00e7a todas as fun\u00e7\u00f5es\" width=\"500\" height=\"281\" src=\"https:\/\/www.youtube.com\/embed\/moXGbRSwue0?feature=oembed\" frameborder=\"0\" allow=\"accelerometer; autoplay; clipboard-write; encrypted-media; gyroscope; picture-in-picture; web-share\" referrerpolicy=\"strict-origin-when-cross-origin\" allowfullscreen><\/iframe><\/div>\n","protected":false},"excerpt":{"rendered":"<p>O Smart Watch 70P \u00e9 um rel\u00f3gio inteligente que simplesmente dispensa coment\u00e1rios.<\/p>\n","protected":false},"featured_media":2024,"comment_status":"open","ping_status":"closed","template":"","meta":[],"product_brand":[],"product_cat":[24,23],"product_tag":[54,53,27,29],"class_list":{"0":"post-2023","1":"product","2":"type-product","3":"status-publish","4":"has-post-thumbnail","6":"product_cat-eletronicos","7":"product_cat-relogios","8":"product_tag-inteligente","9":"product_tag-p70","10":"product_tag-relogio","11":"product_tag-smartwatch","13":"first","14":"outofstock","15":"shipping-taxable","16":"purchasable","17":"product-type-simple"},"_links":{"self":[{"href":"https:\/\/hadgitec.com.br\/loja\/wp-json\/wp\/v2\/product\/2023","targetHints":{"allow":["GET"]}}],"collection":[{"href":"https:\/\/hadgitec.com.br\/loja\/wp-json\/wp\/v2\/product"}],"about":[{"href":"https:\/\/hadgitec.com.br\/loja\/wp-json\/wp\/v2\/types\/product"}],"replies":[{"embeddable":true,"href":"https:\/\/hadgitec.com.br\/loja\/wp-json\/wp\/v2\/comments?post=2023"}],"wp:featuredmedia":[{"embeddable":true,"href":"https:\/\/hadgitec.com.br\/loja\/wp-json\/wp\/v2\/media\/2024"}],"wp:attachment":[{"href":"https:\/\/hadgitec.com.br\/loja\/wp-json\/wp\/v2\/media?parent=2023"}],"wp:term":[{"taxonomy":"product_brand","embeddable":true,"href":"https:\/\/hadgitec.com.br\/loja\/wp-json\/wp\/v2\/product_brand?post=2023"},{"taxonomy":"product_cat","embeddable":true,"href":"https:\/\/hadgitec.com.br\/loja\/wp-json\/wp\/v2\/product_cat?post=2023"},{"taxonomy":"product_tag","embeddable":true,"href":"https:\/\/hadgitec.com.br\/loja\/wp-json\/wp\/v2\/product_tag?post=2023"}],"curies":[{"name":"wp","href":"https:\/\/api.w.org\/{rel}","templated":true}]}}