{"id":2005,"date":"2021-03-13T22:05:18","date_gmt":"2021-03-14T01:05:18","guid":{"rendered":"https:\/\/hadgitec.com.br\/loja\/?post_type=product&#038;p=2005"},"modified":"2024-09-20T14:22:11","modified_gmt":"2024-09-20T17:22:11","slug":"roteador-tp-link","status":"publish","type":"product","link":"https:\/\/hadgitec.com.br\/loja\/produto\/roteador-tp-link\/","title":{"rendered":"Roteador Tp-link Tl-wr829n Wireless Multimodo 300 Mbps 4em1"},"content":{"rendered":"<h2 class=\"ui-pdp-description__title\">Descri\u00e7\u00e3o<\/h2>\n<p class=\"ui-pdp-description__content\">MAIS R\u00c1PIDO. MAIS SEGURO. MAIOR COBERTURA.<br \/>\nA NOVA GERA\u00c7\u00c3O DO WI-FI, COM MAIS VELOCIDADE.<br \/>\nA TP-Link est\u00e1 h\u00e1 mais de 20 anos no mercado, trazendo sempre qualidade para seus clientes.<\/p>\n<p>UTILIZA\u00c7\u00c3O<br \/>\nCom 2 \u00d7 Antenas Omnidirecionais de 5 dBi e 2 x 2 MIMO, o Roteador Wireless Multimodo TL-WR829N foi projetado para que voc\u00ea e sua fam\u00edlia, tenham uma cobertura mais ampla e com maior intensidade de sinal para atender \u00e0s suas necessidades di\u00e1rias. Possui um gerenciamento vers\u00e1til, incluindo Controle dos Pais, Rede para Convidados, QoS e muito mais.<\/p>\n<p>PROVEDORA N\u00daMERO 1 DE ROTEADORES<br \/>\nA TP-Link lidera o setor de produtos WLAN, fornecendo para mais de 120 pa\u00edses, atendendo dezenas de milhares de pessoas ao redor do mundo. Pensando em um melhor aproveitamento da internet, a TP-Link lan\u00e7ou um roteador com maior efici\u00eancia de energia e seguran\u00e7a robusta.<\/p>\n<p>Com 300 Mbps de velocidade wireless para necessidades di\u00e1rias, incluindo navega\u00e7\u00e3o, envio de e-mail e transmiss\u00e3o de v\u00eddeo. Sobre a banda de 2.4GHz o Wireless Multimodo oferece-lhe a op\u00e7\u00e3o de gerenciamento vers\u00e1til e possui Multi-Modo 4 em 1.<\/p>\n<p>Com a configura\u00e7\u00e3o ao seu alcance, configure o roteador em minutos, gra\u00e7as \u00e0 sua interface web intuitiva ou do poderoso aplicativo Tether. O Tether permite que voc\u00ea gerencie sua rede a partir de qualquer dispositivo Android ou iOS.<\/p>\n<p>Com total controle sobre sua rede, o TP-Link Wireless Multimodo, al\u00e9m de poder ter uma rede separada para os convidados, faz com que os pais tenham controle quando e como os dispositivos conectados podem acessar a internet. Tudo isso com uma f\u00e1cil configura\u00e7\u00e3o.<\/p>\n<p>PREPARADO PARA O FUTURO.<br \/>\nO Roteador TL-WR829N, criado para oferecer conforto a voc\u00ea e sua fam\u00edlia, com as velocidades do Wi-Fi de 300 Mbps na faixa de 2.4 GHz atendem \u00e0s suas necessidades di\u00e1rias. \u00c9 uma \u00f3tima escolha pois:<\/p>\n<p>\u2022 Mantenha seu roteador \u00e0 prova de futuro e aproveite os servi\u00e7os IPv6 fornecidos pelo seu provedor de internet.<br \/>\n\u2022 Possui Wi-Fi de alta velocidade.<br \/>\n\u2022 Possui um gerenciamento vers\u00e1til, trazendo seguran\u00e7a e conforto para sua fam\u00edlia.<\/p>\n<p>MULTI-MODO 4 EM 1<br \/>\nO TL-WR829N possui 4 modos em 1, sendo eles o Modo Roteador (Padr\u00e3o), Modo Ponto de Acesso (AP), Modo Extensor de Alcance e o Modo WISP.O Modo Roteador \u00e9 conectado a um cabo Ethernet para criar uma rede sem fio privada e compartilhar o acesso \u00e0 Internet. O AP transforma sua rede com fio existente em uma rede sem fio. O Modo Extensor aumenta a cobertura sem fio existente. O Modo WISP conecte-se \u00e0 rede ISP (provedor de internet) sem fio em \u00e1reas que h\u00e1 apenas esse tipo de servi\u00e7o.<\/p>\n<p>ESPECIFICA\u00c7\u00d5ES T\u00c9CNICAS<br \/>\nMARCA: TP-LINK<br \/>\nMODELO: TL-WR829N<br \/>\nGARANTIA: 5 ANOS<br \/>\nESPECIFICA\u00c7\u00d5ES: 2 portas LAN 10\/100Mbps, 1 porta WAN 10\/100 Mbps, Bot\u00f5es Wi-fi\/WPS; reset; ligar-desligar<br \/>\nDESEMPENHO:<br \/>\nMulti-Modo 4 em 1, 2.4GHz at\u00e9 300 Mbps, Compat\u00edvel com IPv6, Firewall SPI<br \/>\nSOFTWARE: QoS WMM, Gerenciamento Local, Gerenciamento remoto, Controle de Acesso<\/p>\n","protected":false},"excerpt":{"rendered":"<p>MAIS R\u00c1PIDO. MAIS SEGURO. MAIOR COBERTURA.<br \/>\nA NOVA GERA\u00c7\u00c3O DO WI-FI, COM MAIS VELOCIDADE.<\/p>\n","protected":false},"featured_media":2006,"comment_status":"open","ping_status":"closed","template":"","meta":[],"product_brand":[],"product_cat":[36,37],"product_tag":[38,40,39],"class_list":{"0":"post-2005","1":"product","2":"type-product","3":"status-publish","4":"has-post-thumbnail","6":"product_cat-informatica","7":"product_cat-rede","8":"product_tag-roteador","9":"product_tag-semfio","10":"product_tag-wifi","12":"first","13":"instock","14":"shipping-taxable","15":"purchasable","16":"product-type-simple"},"_links":{"self":[{"href":"https:\/\/hadgitec.com.br\/loja\/wp-json\/wp\/v2\/product\/2005","targetHints":{"allow":["GET"]}}],"collection":[{"href":"https:\/\/hadgitec.com.br\/loja\/wp-json\/wp\/v2\/product"}],"about":[{"href":"https:\/\/hadgitec.com.br\/loja\/wp-json\/wp\/v2\/types\/product"}],"replies":[{"embeddable":true,"href":"https:\/\/hadgitec.com.br\/loja\/wp-json\/wp\/v2\/comments?post=2005"}],"wp:featuredmedia":[{"embeddable":true,"href":"https:\/\/hadgitec.com.br\/loja\/wp-json\/wp\/v2\/media\/2006"}],"wp:attachment":[{"href":"https:\/\/hadgitec.com.br\/loja\/wp-json\/wp\/v2\/media?parent=2005"}],"wp:term":[{"taxonomy":"product_brand","embeddable":true,"href":"https:\/\/hadgitec.com.br\/loja\/wp-json\/wp\/v2\/product_brand?post=2005"},{"taxonomy":"product_cat","embeddable":true,"href":"https:\/\/hadgitec.com.br\/loja\/wp-json\/wp\/v2\/product_cat?post=2005"},{"taxonomy":"product_tag","embeddable":true,"href":"https:\/\/hadgitec.com.br\/loja\/wp-json\/wp\/v2\/product_tag?post=2005"}],"curies":[{"name":"wp","href":"https:\/\/api.w.org\/{rel}","templated":true}]}}