{"id":2000,"date":"2021-03-13T21:11:37","date_gmt":"2021-03-14T00:11:37","guid":{"rendered":"https:\/\/hadgitec.com.br\/loja\/?post_type=product&#038;p=2000"},"modified":"2024-09-20T14:17:31","modified_gmt":"2024-09-20T17:17:31","slug":"smart-tvbox-8gb","status":"publish","type":"product","link":"https:\/\/hadgitec.com.br\/loja\/produto\/smart-tvbox-8gb\/","title":{"rendered":"Smart Tvbox 8gb + 128gb 4k Android 11.1 Wifi 5g Internet Tv"},"content":{"rendered":"<p><strong>************ Temos o Frete Gr\u00e1tis Para Alpin\u00f3polis ******************<\/strong><\/p>\n<p>HADGITEC a mais de 14 anos no Mercado e Agora Online Vendendo e Trazendo Comodidade e Satisfa\u00e7\u00e3o aos Nossos Clientes.<\/p>\n<p>Tenha tranquilidade de comprar com quem esta disposto a te oferecer o melhor atendimento, caso tenha alguma problema ap\u00f3s a compra, conte com nossa equipe de p\u00f3s venda para solucion\u00e1-lo!<\/p>\n<p>BOX COM 8G + 128 GB DE MEMORIA OS MELHORES APLICATIVOS RODA NESSE APARELHO SEM TRAVAR.<br \/>\nTRANSFORME SUA TV COMUM EM UMA SMART .<\/p>\n<p>&#8211; TRANSFORME SUA TV SIMPLES EM UMA TV SMART DE 8G DE RAM E 128G DE MEM\u00d3RIA<br \/>\n&#8211; BOX PREMIUM!!! ***<\/p>\n<p>Aten\u00e7\u00e3o: Esse equipamento \u00e9 um Mini PC com sistema Android 11.1 para assistir v\u00eddeos com uma infinidade de aplicativos como; Youtube, Navegar na internet, Redes Sociais e Jogos Simples para Android.<br \/>\n*Produto n\u00e3o acompanha nenhum tipo de listagem, vai como de f\u00e1brica, pronto para uso.<br \/>\nTV Box \u00e9 um aparelho que permite a qualquer TV o acesso a fun\u00e7\u00f5es mais interativas, tais como, acesso a aplicativos e internet.<br \/>\nPermite a instala\u00e7\u00e3o de aplicativos, reprodu\u00e7\u00e3o de arquivos e uma infinidade de possibilidades diretamente na tela da sua TV, Ideal para uso de aplicativos como Netflix, Youtube ele garante bom desempenho com o chipset aliado ao Android 9.0 Possu\u00ed 4 entradas USB para conex\u00e3o de perif\u00e9ricos como teclado, mouse e pendrive.<br \/>\nAceita cart\u00e3o de mem\u00f3ria e conta com entrada para rede cabeada al\u00e9m de conex\u00e3o WiFi.<\/p>\n<p>DESCRI\u00c7\u00c3O:<br \/>\n&#8211; O TV Box \u00e9 a mais nova gera\u00e7\u00e3o de reprodutor multim\u00eddia e \u00b4gateway\u00b4 multim\u00eddia residencial, que \u00e9 a melhor maneira de aproveitar a vida em rede;<br \/>\n&#8211; A mais recente tecnologia baseada no sistema Androide na caixa permite muitos aplica\u00e7\u00f5es incluindo navegador web, jogos 2D &#8211; 3D, Skype &#8211; QQ internet chat de v\u00eddeo, software de aplicativos de escrit\u00f3rio e assim por diante;<br \/>\n&#8211; Caixa de TV OTT suporta alta velocidade de Wi-Fi para aplica\u00e7\u00f5es de rede, suporta 2.4GHz wireless mouse, teclado e controle remoto;<br \/>\n&#8211; Suporte HDMI 720P-2160P full 3D HD 4k;<br \/>\n&#8211; Suporte a recursos avan\u00e7ados como PPPOE, DLNA e Miracast;<br \/>\n&#8211; Suporte a dispositivos externos, incluindo unidade USB flash, disco r\u00edgido USB e cart\u00f5es de mem\u00f3ria;<br \/>\n&#8211; Android 11.1 super atualizado;<br \/>\n&#8211; 8GB de memoria RAM e 128GB de memoria interna;<br \/>\n&#8211; Aceita cart\u00e3o SD<br \/>\nENTRADAS DISPON\u00cdVEIS NO PARELHO:<br \/>\n&#8211; 4 USB;<br \/>\n&#8211; 1 HDMI;<br \/>\n&#8211; 1 SD (N\u00e3o \u00e9 o micro SD e sim aquele maior);<br \/>\n&#8211; 1 PARA \u00c1UDIO (P2);<br \/>\n&#8211; 1 ENTRADA DA FONTE (5V &#8211; 2A) Bivolts 110w-220w<br \/>\n&#8211; 1 RCA 3&#215;1 (AVI).<br \/>\nITENS INCLUSOS:<br \/>\n&#8211; 1 TV BOX<br \/>\n&#8211; 1 CONTROLE<br \/>\n&#8211; 1 FONTE<br \/>\n&#8211; 1 CABO HDMI<br \/>\n&#8211; 1 MANUAL DE INSTRU\u00c7\u00d5ES<\/p>\n<p>&nbsp;<\/p>\n<p>Como usar?<br \/>\nAssim que comprar o aparelho, voc\u00ea liga em sua TV pelo cabo HDMI, pode ser conectado via cabo de rede ou wifi (de sua escolha). Ap\u00f3s isso basta ir em configura\u00e7\u00e3o, wifi e adicionar seus dados de wifi ou desativar a op\u00e7\u00e3o, mantendo o fornecimento de internet via cabo. V\u00e1 em configura\u00e7\u00e3o, contas e logue em sua conta google, ap\u00f3s isso seu box j\u00e1 estar\u00e1 pronto para uso, dando acesso ao \u00b4playstore\u00b4 onde permite baixar qualquer aplicativo. Lembrando que o aparelho vai pr\u00e9 configurado alguns aplicativos, quais \u00e9 preciso atualiza-los via \u00b4playstore\u00b4 assim que come\u00e7ar a usar o box.<\/p>\n<p>OBS: ESTE APARELHO N\u00c3O \u00c9 DESBLOQUEADOR DE CANAIS, E SIM PARA TRANSFORMAR SUA TV EM SMART. SE QUISER OS CANAIS S\u00d3 ENTRAR EM CONTATO PELO WHATS QUE MANDAREMOS UM TESTE POR 6 HORAS DE CANAIS.<\/p>\n<p>Com mais de 14 anos de experi\u00eancia em vendas\u00a0 pela loja agora a estamos na internet, a HADGITEC tem como objetivo entregar ai no conforto de sua casa produtos de qualidade, e todos com garantia.<br \/>\nEntendemos que uma boa parceria s\u00f3 ter\u00e1 sucesso se ambos estiverem satisfeitos, por isso prestamos um \u00f3timo atendimento sempre focados na necessidade individual de cada cliente porque pra n\u00f3s todo cliente \u00e9 especial!<br \/>\nPra n\u00f3s o mais importante \u00e9 Voc\u00ea amigo cliente, n\u00f3s n\u00e3o ter\u00edamos chegado at\u00e9 aqui se n\u00e3o fosse pela satisfa\u00e7\u00e3o de nossos clientes, assim trabalhamos com imenso prazer pra fazer com que a experi\u00eancia em comprar conosco seja muito positiva!<\/p>\n<p>Tire suas d\u00favidas no campo (PERGUNTE AO VENDEDOR)*<\/p>\n<p>&gt; TODOS NOSSOS PRODUTOS COM NOTA FISCAL PARA O CONSUMIDOR!<br \/>\n&gt; NOSSOS ENVIOS S\u00c3O IMEDIATOS PARA TODO O BRASIL FEITOS POR &#8220;TRANSPORTADORA&#8221; MAIS R\u00c1PIDO E SEGURO!!!<\/p>\n<p>OBS.: N\u00c3O DEIXE DE VER NOSSAS OFERTAS E APROVEITE OS MELHORES PRE\u00c7OS EM &#8220;MAIS AN\u00daNCIOS DESTE VENDEDOR&#8221;<br \/>\n============================================================<br \/>\nTag: Tvbox, Tv, Internet, Smart, Filme, Youtube, Android<\/p>\n<p>Ser\u00e1 um prazer fazer neg\u00f3cio contigo! Aguardamos sua compra!<br \/>\nAgradecemos a Sua Visita<\/p>\n<p>HADGITEC<\/p>\n","protected":false},"excerpt":{"rendered":"<h1 class=\"ui-pdp-title\">Smart Tvbox 8gb + 64gb 4k Android 11.1 Wifi 5g Internet Tv<\/h1>\n","protected":false},"featured_media":2002,"comment_status":"open","ping_status":"closed","template":"","meta":[],"product_brand":[],"product_cat":[24,35],"product_tag":[34,32,33],"class_list":{"0":"post-2000","1":"product","2":"type-product","3":"status-publish","4":"has-post-thumbnail","6":"product_cat-eletronicos","7":"product_cat-tv-box","8":"product_tag-transformartv","9":"product_tag-tv-box","10":"product_tag-tvsmart","12":"first","13":"instock","14":"sale","15":"shipping-taxable","16":"purchasable","17":"product-type-simple"},"_links":{"self":[{"href":"https:\/\/hadgitec.com.br\/loja\/wp-json\/wp\/v2\/product\/2000","targetHints":{"allow":["GET"]}}],"collection":[{"href":"https:\/\/hadgitec.com.br\/loja\/wp-json\/wp\/v2\/product"}],"about":[{"href":"https:\/\/hadgitec.com.br\/loja\/wp-json\/wp\/v2\/types\/product"}],"replies":[{"embeddable":true,"href":"https:\/\/hadgitec.com.br\/loja\/wp-json\/wp\/v2\/comments?post=2000"}],"wp:featuredmedia":[{"embeddable":true,"href":"https:\/\/hadgitec.com.br\/loja\/wp-json\/wp\/v2\/media\/2002"}],"wp:attachment":[{"href":"https:\/\/hadgitec.com.br\/loja\/wp-json\/wp\/v2\/media?parent=2000"}],"wp:term":[{"taxonomy":"product_brand","embeddable":true,"href":"https:\/\/hadgitec.com.br\/loja\/wp-json\/wp\/v2\/product_brand?post=2000"},{"taxonomy":"product_cat","embeddable":true,"href":"https:\/\/hadgitec.com.br\/loja\/wp-json\/wp\/v2\/product_cat?post=2000"},{"taxonomy":"product_tag","embeddable":true,"href":"https:\/\/hadgitec.com.br\/loja\/wp-json\/wp\/v2\/product_tag?post=2000"}],"curies":[{"name":"wp","href":"https:\/\/api.w.org\/{rel}","templated":true}]}}