{"id":1903,"date":"2021-02-27T10:30:33","date_gmt":"2021-02-27T13:30:33","guid":{"rendered":"https:\/\/hadgitec.com.br\/loja\/?post_type=product&#038;p=1903"},"modified":"2022-06-08T00:23:09","modified_gmt":"2022-06-08T03:23:09","slug":"relogio-smartwach-p80","status":"publish","type":"product","link":"https:\/\/hadgitec.com.br\/loja\/produto\/relogio-smartwach-p80\/","title":{"rendered":"Rel\u00f3gio Smartwach P80 + 2 Pulseiras"},"content":{"rendered":"<h2 class=\"ui-pdp-description__title\">Descri\u00e7\u00e3o<\/h2>\n<p>&nbsp;<\/p>\n<p class=\"ui-pdp-description__content\">Sensor de acelera\u00e7\u00e3o: BOSCH BMA 421<br \/>\nEspecifica\u00e7\u00e3o Display: tela colorida de 1.3 polegada IPS<br \/>\nResolu\u00e7\u00e3o: 240*240<br \/>\nForma essencial para: painel de toque completa<br \/>\nTipo de bateria: bateria de pol\u00edmero de L\u00edtio 200 miliamperes<br \/>\nModo de carregamento: Direct plug interface de carregamento de suc\u00e7\u00e3o magn\u00e9tica<br \/>\nUSB de armazenamento: n\u00e3o suporta<br \/>\nO tipo de bluetooth: Bluetooth 4.0<br \/>\nTipo de biblioteca push: Multilingual vocabul\u00e1rio<br \/>\nNome APP: Da Fit<br \/>\nRequisitos do sistema de telefonia m\u00f3vel: Suporte android 4.4 e acima, a apple IOS9.0 e acima<br \/>\nAPP da l\u00edngua: Chin\u00eas, Chin\u00eas tradicional, Ingl\u00eas, Coreano, Alem\u00e3o, Espanhol, Japon\u00eas, Franc\u00eas, italiano, Russo, Portugu\u00eas, \u00c1rabe, Ucraniano<br \/>\nRegistros de movimento: a contagem da Etapa, tempo de exerc\u00edcio, a quilometragem, o gasto cal\u00f3rico, o monitoramento do sono<br \/>\nVigil\u00e2ncia da sa\u00fade: Real-time de medi\u00e7\u00e3o da frequ\u00eancia card\u00edaca (todo-dia de medi\u00e7\u00e3o da frequ\u00eancia card\u00edaca),<br \/>\nInteligente lembrete: Definir um alarme para lembrar, sedent\u00e1rio lembrar, telefonemas lembrando, informa\u00e7\u00f5es de notifica\u00e7\u00f5es push (SMS\/QQ\/WeChat\/Skype\/Facebook\/Twitter\/Linha\/WhatsApp)<\/p>\n<p>Outras fun\u00e7\u00f5es:<\/p>\n<p>Discar escolha, mais o modo de exerc\u00edcio (caminhada 8 tipos de motion modo de funcionamento da nata\u00e7\u00e3o e futebol badminton) palming tela brilhante, o clima, de acordo com o tempo, de acordo com o Remoto, controle remoto da m\u00fasica, voc\u00ea \u00e9 o \u00fanico modo, encontrar pulseiras, micro carta movimento, as pulseiras recusou-se a atender o telefone, para apoiar o APLICATIVO do ar para atualizar.<\/p>\n<p>Cont\u00e9m:<\/p>\n<p>1 &#8211; Rel\u00f3gio SmartWatch P80<br \/>\n2 &#8211; Pulseiras<br \/>\n1 &#8211; Manual<br \/>\n1 &#8211; Cabo magn\u00e9tico Carregador USB<br \/>\n1 &#8211; Caixinha original<\/p>\n<h1 class=\"title style-scope ytd-video-primary-info-renderer\">P80 Smartwatch Relogio Inteligente &#8211; Unboxing e Review<\/h1>\n<p>&nbsp;<\/p>\n<div class=\"ast-oembed-container\"><iframe title=\"P80 Smartwatch Relogio Inteligente  - Unboxing e Review\" width=\"500\" height=\"281\" src=\"https:\/\/www.youtube.com\/embed\/kx_i9re0_nA?feature=oembed\" frameborder=\"0\" allow=\"accelerometer; autoplay; clipboard-write; encrypted-media; gyroscope; picture-in-picture; web-share\" referrerpolicy=\"strict-origin-when-cross-origin\" allowfullscreen><\/iframe><\/div>\n<p>&nbsp;<\/p>\n","protected":false},"excerpt":{"rendered":"<p>PRODUTO ORIGINAL COM APLICATIVO DA FIT &#8211; cuidado com as falsifica\u00e7\u00f5es<\/p>\n<p>ACOMPANHA 2 PULSEIRAS: 1 SILICONE E 1 MAGN\u00c9TICA<\/p>\n","protected":false},"featured_media":1905,"comment_status":"open","ping_status":"closed","template":"","meta":[],"product_brand":[],"product_cat":[24,23],"product_tag":[28,27,30,29],"class_list":{"0":"post-1903","1":"product","2":"type-product","3":"status-publish","4":"has-post-thumbnail","6":"product_cat-eletronicos","7":"product_cat-relogios","8":"product_tag-p80","9":"product_tag-relogio","10":"product_tag-rose","11":"product_tag-smartwatch","13":"first","14":"outofstock","15":"purchasable","16":"product-type-simple"},"_links":{"self":[{"href":"https:\/\/hadgitec.com.br\/loja\/wp-json\/wp\/v2\/product\/1903","targetHints":{"allow":["GET"]}}],"collection":[{"href":"https:\/\/hadgitec.com.br\/loja\/wp-json\/wp\/v2\/product"}],"about":[{"href":"https:\/\/hadgitec.com.br\/loja\/wp-json\/wp\/v2\/types\/product"}],"replies":[{"embeddable":true,"href":"https:\/\/hadgitec.com.br\/loja\/wp-json\/wp\/v2\/comments?post=1903"}],"wp:featuredmedia":[{"embeddable":true,"href":"https:\/\/hadgitec.com.br\/loja\/wp-json\/wp\/v2\/media\/1905"}],"wp:attachment":[{"href":"https:\/\/hadgitec.com.br\/loja\/wp-json\/wp\/v2\/media?parent=1903"}],"wp:term":[{"taxonomy":"product_brand","embeddable":true,"href":"https:\/\/hadgitec.com.br\/loja\/wp-json\/wp\/v2\/product_brand?post=1903"},{"taxonomy":"product_cat","embeddable":true,"href":"https:\/\/hadgitec.com.br\/loja\/wp-json\/wp\/v2\/product_cat?post=1903"},{"taxonomy":"product_tag","embeddable":true,"href":"https:\/\/hadgitec.com.br\/loja\/wp-json\/wp\/v2\/product_tag?post=1903"}],"curies":[{"name":"wp","href":"https:\/\/api.w.org\/{rel}","templated":true}]}}