{"id":1872,"date":"2021-02-25T14:20:20","date_gmt":"2021-02-25T17:20:20","guid":{"rendered":"https:\/\/hadgitec.com.br\/loja\/?post_type=product&#038;p=1872"},"modified":"2023-01-08T20:30:59","modified_gmt":"2023-01-08T23:30:59","slug":"smartwatch-w26","status":"publish","type":"product","link":"https:\/\/hadgitec.com.br\/loja\/produto\/smartwatch-w26\/","title":{"rendered":"SMARTWATCH W26"},"content":{"rendered":"<p>&#8211; A tela infinita IPS HD de 1,75\u201d (44 mm) com curvatura 2.5D do IWO W26 \u00e9 sem d\u00favidas seu grande diferencial. \u00c9 mais que suficiente para visualiza\u00e7\u00e3o de dados e notifica\u00e7\u00f5es, enquanto mant\u00e9m o formato compacto e confort\u00e1vel para pulsos mais finos.<\/p>\n<p>&#8211; O modelo ganha da competi\u00e7\u00e3o por oferecer tela com resolu\u00e7\u00e3o 320\u00d7385, enquanto a maioria oferece 240\u00d7240. O resultado disso \u00e9 maior defini\u00e7\u00e3o nos \u00edcones, fontes e imagens, sem detalhes pixelados, mesmo observando bem pr\u00f3ximo.<\/p>\n<p>&#8211; W26 foi projetado para ajudar as pessoas no dia-a-dia e ter uma vida mais saud\u00e1vel. Todos os resultados de medi\u00e7\u00f5es s\u00e3o apenas para refer\u00eancia. Eles s\u00e3o baseados em algoritmos e sensores cient\u00edficos. Ent\u00e3o, por favor, n\u00e3o os comparar com dispositivos m\u00e9dicos!<\/p>\n<div class=\"ast-oembed-container\"><iframe title=\"Ele Chegou!! Smartwatch W26 A NOVA GERA\u00c7\u00c3O DO IWO 12 lite\" width=\"500\" height=\"281\" src=\"https:\/\/www.youtube.com\/embed\/nS5lxDUCvUc?feature=oembed\" frameborder=\"0\" allow=\"accelerometer; autoplay; clipboard-write; encrypted-media; gyroscope; picture-in-picture; web-share\" referrerpolicy=\"strict-origin-when-cross-origin\" allowfullscreen><\/iframe><\/div>\n<p>&nbsp;<\/p>\n<p>&#8212;&#8212;&#8212;&#8212;&#8212;&#8212;&#8212;&#8212;<br \/>\nFun\u00e7\u00f5es:<br \/>\n&#8212;&#8212;&#8212;&#8212;&#8212;&#8212;&#8212;&#8212;<\/p>\n<p>&#8211; Term\u00f4metro;<br \/>\n&#8211; 8 modos de esporte com gasto cal\u00f3rico estimado;<br \/>\n&#8211; Notifica\u00e7\u00f5es de quase todas redes sociais;<br \/>\n&#8211; Lembrete e alarmes silenciosos;<br \/>\n&#8211; Modo para tirar fotos remotas pela c\u00e2mera do celular;<br \/>\n&#8211; Controle de m\u00fasica;<br \/>\n&#8211; Monitoramento de sono;<br \/>\n&#8211; Aviso de sedentarismo;<br \/>\n&#8211; Monitor de batimentos card\u00edaca e frequenc\u00edmetro (ECG);<br \/>\n&#8211; Mede press\u00e3o arterial (n\u00e3o muito precisamente);<br \/>\n&#8211; Ped\u00f4metro e dist\u00e2ncia percorrida (conta passos di\u00e1rios);<br \/>\n&#8211; Gasto cal\u00f3rico di\u00e1rio;<br \/>\n&#8211; Mostradores id\u00eanticos ao do Apple Watch;<br \/>\n&#8211; Acesso \u00e0 lista de contatos e registro de liga\u00e7\u00f5es;<br \/>\n&#8211; Visualiza\u00e7\u00e3o de liga\u00e7\u00f5es recebidas (atalho para atender\/rejeitar);<br \/>\n&#8211; Aplicativo de calculadora<br \/>\n&#8211; Navega\u00e7\u00e3o na tela por gestos<br \/>\n&#8211; Pulseiras remov\u00edveis e compat\u00edveis com do Apple Watch de 42 &#8211; 44mm;<br \/>\n&#8211; Fun\u00e7\u00e3o para procura o seu smartwatch (aviso sonoro);<br \/>\n&#8211; Fun\u00e7\u00e3o que liga a tela ao levantar o pulso;<br \/>\n&#8211; Entre outras diversas fun\u00e7\u00f5es &#8230;<br \/>\n&#8212;&#8212;&#8212;&#8212;&#8212;&#8212;&#8212;&#8212;&#8212;&#8212;&#8211;<br \/>\nO que vai na Caixa:<br \/>\n&#8212;&#8212;&#8212;&#8212;&#8212;&#8212;&#8212;&#8212;&#8212;&#8212;&#8211;<\/p>\n<p>1x IWO 12 lite (W26);<br \/>\n1x Pulseira Preta ;<br \/>\n1x Cabo Carregador magn\u00e9tico ;<br \/>\n1x Manual;<\/p>\n<p>&#8212;&#8212;&#8212;&#8212;&#8212;&#8212;&#8212;&#8212;&#8212;&#8212;&#8212;<br \/>\nFicha T\u00e9cnica<br \/>\n&#8212;&#8212;&#8212;&#8212;&#8212;&#8212;&#8212;&#8212;&#8212;&#8212;&#8212;<\/p>\n<p>**RECOMENDADO DEIXAR EM NOTEBOOK OU COMPUTADOR LIGADOS. N\u00c3O PODE DEIXAR EM CARREGADORES DE CELULARES E PRINCIPALMENTE EM CARREGADORES TURBOS**<br \/>\n(Caso isso ocorra, se caracteriza mau uso do consumidor e n\u00e3o entrar\u00e1 na garantia).<\/p>\n<p>&gt; MODELO: Smartwatch W26 (IWO ou LEMFO) ;<br \/>\n&gt; Aplicativo: FunDO PRO (Play Store e AppStore) ;<br \/>\n&gt; TELA: 1,75 (polegadas) com Gorilla Glass ;<br \/>\n&gt; RESOLU\u00c7\u00c3O: 320\u00d7385 ;<br \/>\n&gt; CHIPSET: MediaTek MTK2502D;<br \/>\n&gt; BLUETOOTH 4.0;<br \/>\n&gt; BATERIA: 220mAh;<br \/>\n&gt; MATERIAIS: Metal (caixa) e Silicone (pulseira);<br \/>\n&gt; Pulseira: 20 mm (140-230 mm) ;<br \/>\n&gt; DI\u00c2METRO DA TELA: 44 mm;<br \/>\n&gt; COMPATIBILIDADE: iOS 9+ e Android 4.4+;<br \/>\n&gt; RESIST\u00caNCIA A \u00c1GUA: IP68;<br \/>\n&gt; Idiomas: English, Portugu\u00eas, Espa\u00f1ol, Italiano, Fran\u00e7ais, etc.<br \/>\n&gt; Carregador por pinos magn\u00e9ticos;<\/p>\n<p>&#8212;&#8212;&#8212;&#8212;&#8212;&#8212;&#8212;&#8212;&#8212;&#8212;&#8212;<br \/>\nCompatibilidade:<br \/>\n&#8212;&#8212;&#8212;&#8212;&#8212;&#8212;&#8212;&#8212;&#8212;&#8212;&#8212;<\/p>\n<p>Android: 4.4 ou superior<br \/>\niOS: 9.0 ou superior<\/p>\n<p>!! ATEN\u00c7\u00c3O !!<br \/>\n&#8212;&#8212;&#8212;&#8212;&#8212;&#8212;&#8212;&#8212;&#8212;&#8212;&#8212;&#8212;&#8212;&#8212;&#8212;&#8212;&#8212;&#8212;&#8212;&#8212;&#8212;&#8212;&#8212;&#8212;&#8212;&#8212;&#8212;&#8212;&#8212;&#8212;&#8212;&#8212;&#8212;&#8212;&#8212;&#8212;&#8212;&#8212;&#8212;&#8212;&#8212;&#8212;&#8212;&#8212;&#8211;<br \/>\nN\u00c3O ENVIAMOS PARA AS REGI\u00d5ES NORTE\/NORDESTE<br \/>\nCASO A COMPRA SEJA EFETUADA, IREMOS CANCELAR!!.<br \/>\n&#8212;&#8212;&#8212;&#8212;&#8212;&#8212;&#8212;&#8212;&#8212;&#8212;&#8212;&#8212;&#8212;&#8212;&#8212;&#8212;&#8212;&#8212;&#8212;&#8212;&#8212;&#8212;&#8212;&#8212;&#8212;&#8212;&#8212;&#8212;&#8212;&#8212;&#8212;&#8212;&#8212;&#8212;&#8212;&#8212;&#8212;&#8212;&#8212;&#8212;&#8212;&#8212;&#8212;&#8212;&#8211;<\/p>\n<p>GARANTIA<br \/>\nEnviamos os produtos bem embalados. Todos os produtos tem garantia de troca\/devolu\u00e7\u00e3o dentro de 7 dias ap\u00f3s o recebimento, e a garantia do fabricante s\u00e3o de 90 dias ap\u00f3s o receber o produto.<\/p>\n<p>AGILIDADE<br \/>\nTemos produto a pronto envio . Em 24 horas seu produto j\u00e1 estar\u00e1 na transportadora ou Correios, depende de qual chegar\u00e1 mais r\u00e1pido em<\/p>\n","protected":false},"excerpt":{"rendered":"<p>Esse rel\u00f3gio tamb\u00e9m \u00e9 ideal para quem procura rel\u00f3gio para fazer Cross fit , academia , correr , andar de bicicleta , jogar t\u00eanis<\/p>\n","protected":false},"featured_media":1877,"comment_status":"open","ping_status":"closed","template":"","meta":[],"product_brand":[],"product_cat":[24,23],"product_tag":[25,26,27],"class_list":{"0":"post-1872","1":"product","2":"type-product","3":"status-publish","4":"has-post-thumbnail","6":"product_cat-eletronicos","7":"product_cat-relogios","8":"product_tag-branco","9":"product_tag-preto","10":"product_tag-relogio","12":"first","13":"outofstock","14":"featured","15":"shipping-taxable","16":"purchasable","17":"product-type-simple"},"_links":{"self":[{"href":"https:\/\/hadgitec.com.br\/loja\/wp-json\/wp\/v2\/product\/1872","targetHints":{"allow":["GET"]}}],"collection":[{"href":"https:\/\/hadgitec.com.br\/loja\/wp-json\/wp\/v2\/product"}],"about":[{"href":"https:\/\/hadgitec.com.br\/loja\/wp-json\/wp\/v2\/types\/product"}],"replies":[{"embeddable":true,"href":"https:\/\/hadgitec.com.br\/loja\/wp-json\/wp\/v2\/comments?post=1872"}],"wp:featuredmedia":[{"embeddable":true,"href":"https:\/\/hadgitec.com.br\/loja\/wp-json\/wp\/v2\/media\/1877"}],"wp:attachment":[{"href":"https:\/\/hadgitec.com.br\/loja\/wp-json\/wp\/v2\/media?parent=1872"}],"wp:term":[{"taxonomy":"product_brand","embeddable":true,"href":"https:\/\/hadgitec.com.br\/loja\/wp-json\/wp\/v2\/product_brand?post=1872"},{"taxonomy":"product_cat","embeddable":true,"href":"https:\/\/hadgitec.com.br\/loja\/wp-json\/wp\/v2\/product_cat?post=1872"},{"taxonomy":"product_tag","embeddable":true,"href":"https:\/\/hadgitec.com.br\/loja\/wp-json\/wp\/v2\/product_tag?post=1872"}],"curies":[{"name":"wp","href":"https:\/\/api.w.org\/{rel}","templated":true}]}}