{"id":97,"date":"2018-06-18T06:57:57","date_gmt":"2018-06-18T09:57:57","guid":{"rendered":"https:\/\/hadgitec.com.br\/loja\/about\/"},"modified":"2021-03-20T21:50:53","modified_gmt":"2021-03-21T00:50:53","slug":"sobre-nos","status":"publish","type":"page","link":"https:\/\/hadgitec.com.br\/loja\/sobre-nos\/","title":{"rendered":"Sobre N\u00f3s"},"content":{"rendered":"\t\t<div data-elementor-type=\"wp-post\" data-elementor-id=\"97\" class=\"elementor elementor-97\">\n\t\t\t\t\t\t<section class=\"elementor-section elementor-top-section elementor-element elementor-element-7af1913 elementor-section-content-middle elementor-section-boxed elementor-section-height-default elementor-section-height-default\" data-id=\"7af1913\" data-element_type=\"section\" data-settings=\"{&quot;background_background&quot;:&quot;gradient&quot;}\">\n\t\t\t\t\t\t\t<div class=\"elementor-background-overlay\"><\/div>\n\t\t\t\t\t\t\t<div class=\"elementor-container elementor-column-gap-default\">\n\t\t\t\t\t<div class=\"elementor-column elementor-col-25 elementor-top-column elementor-element elementor-element-489d1b7\" data-id=\"489d1b7\" data-element_type=\"column\">\n\t\t\t<div class=\"elementor-widget-wrap\">\n\t\t\t\t\t\t\t<\/div>\n\t\t<\/div>\n\t\t\t\t<div class=\"elementor-column elementor-col-50 elementor-top-column elementor-element elementor-element-784f689\" data-id=\"784f689\" data-element_type=\"column\">\n\t\t\t<div class=\"elementor-widget-wrap elementor-element-populated\">\n\t\t\t\t\t\t<div class=\"elementor-element elementor-element-0d33147 elementor-widget elementor-widget-heading\" data-id=\"0d33147\" data-element_type=\"widget\" data-widget_type=\"heading.default\">\n\t\t\t\t<div class=\"elementor-widget-container\">\n\t\t\t\t\t<h1 class=\"elementor-heading-title elementor-size-default\">Sobre N\u00f3s<\/h1>\t\t\t\t<\/div>\n\t\t\t\t<\/div>\n\t\t\t\t<div class=\"elementor-element elementor-element-9f271fd elementor-widget elementor-widget-text-editor\" data-id=\"9f271fd\" data-element_type=\"widget\" data-widget_type=\"text-editor.default\">\n\t\t\t\t<div class=\"elementor-widget-container\">\n\t\t\t\t\t\t\t\t\t<p>A Hadgitec Inform\u00e1tica atua no mercado de venda, manuten\u00e7\u00e3o autorizada e assist\u00eancia t\u00e9cnica de notebooks, computadores desktops, tablets e celulares.<\/p>\t\t\t\t\t\t\t\t<\/div>\n\t\t\t\t<\/div>\n\t\t\t\t\t<\/div>\n\t\t<\/div>\n\t\t\t\t<div class=\"elementor-column elementor-col-25 elementor-top-column elementor-element elementor-element-7c707a9\" data-id=\"7c707a9\" data-element_type=\"column\">\n\t\t\t<div class=\"elementor-widget-wrap\">\n\t\t\t\t\t\t\t<\/div>\n\t\t<\/div>\n\t\t\t\t\t<\/div>\n\t\t<\/section>\n\t\t\t\t<section class=\"elementor-section elementor-top-section elementor-element elementor-element-dfcc829 elementor-section-boxed elementor-section-height-default elementor-section-height-default\" data-id=\"dfcc829\" data-element_type=\"section\">\n\t\t\t\t\t\t<div class=\"elementor-container elementor-column-gap-default\">\n\t\t\t\t\t<div class=\"elementor-column elementor-col-100 elementor-top-column elementor-element elementor-element-2a6f7727\" data-id=\"2a6f7727\" data-element_type=\"column\">\n\t\t\t<div class=\"elementor-widget-wrap elementor-element-populated\">\n\t\t\t\t\t\t<section class=\"elementor-section elementor-inner-section elementor-element elementor-element-116fc9e0 elementor-section-boxed elementor-section-height-default elementor-section-height-default\" data-id=\"116fc9e0\" data-element_type=\"section\">\n\t\t\t\t\t\t<div class=\"elementor-container elementor-column-gap-default\">\n\t\t\t\t\t<div class=\"elementor-column elementor-col-50 elementor-inner-column elementor-element elementor-element-726e6994\" data-id=\"726e6994\" data-element_type=\"column\">\n\t\t\t<div class=\"elementor-widget-wrap elementor-element-populated\">\n\t\t\t\t\t\t<div class=\"elementor-element elementor-element-4e5eb83c elementor-widget elementor-widget-heading\" data-id=\"4e5eb83c\" data-element_type=\"widget\" data-widget_type=\"heading.default\">\n\t\t\t\t<div class=\"elementor-widget-container\">\n\t\t\t\t\t<h2 class=\"elementor-heading-title elementor-size-default\">Quem Somos<\/h2>\t\t\t\t<\/div>\n\t\t\t\t<\/div>\n\t\t\t\t<div class=\"elementor-element elementor-element-f70f2dc elementor-widget elementor-widget-text-editor\" data-id=\"f70f2dc\" data-element_type=\"widget\" data-widget_type=\"text-editor.default\">\n\t\t\t\t<div class=\"elementor-widget-container\">\n\t\t\t\t\t\t\t\t\t<p>Somos especializados em Manuten\u00e7\u00e3o em Computadores , redes cabeadas, estruturadas ou wireless, consultoria em inform\u00e1tica e venda de acess\u00f3rios para notebook, computadores desktop e celulares.<\/p>\t\t\t\t\t\t\t\t<\/div>\n\t\t\t\t<\/div>\n\t\t\t\t\t<\/div>\n\t\t<\/div>\n\t\t\t\t<div class=\"elementor-column elementor-col-25 elementor-inner-column elementor-element elementor-element-3048804b\" data-id=\"3048804b\" data-element_type=\"column\">\n\t\t\t<div class=\"elementor-widget-wrap elementor-element-populated\">\n\t\t\t\t\t\t<div class=\"elementor-element elementor-element-ca91fbb elementor-view-default elementor-position-top elementor-mobile-position-top elementor-widget elementor-widget-icon-box\" data-id=\"ca91fbb\" data-element_type=\"widget\" data-widget_type=\"icon-box.default\">\n\t\t\t\t<div class=\"elementor-widget-container\">\n\t\t\t\t\t\t\t<div class=\"elementor-icon-box-wrapper\">\n\n\t\t\t\t\t\t<div class=\"elementor-icon-box-icon\">\n\t\t\t\t<span  class=\"elementor-icon\">\n\t\t\t\t<i aria-hidden=\"true\" class=\"far fa-snowflake\"><\/i>\t\t\t\t<\/span>\n\t\t\t<\/div>\n\t\t\t\n\t\t\t\t\t\t<div class=\"elementor-icon-box-content\">\n\n\t\t\t\t\t\t\t\t\t<h4 class=\"elementor-icon-box-title\">\n\t\t\t\t\t\t<span  >\n\t\t\t\t\t\t\tEmpresa\t\t\t\t\t\t<\/span>\n\t\t\t\t\t<\/h4>\n\t\t\t\t\n\t\t\t\t\t\t\t\t\t<p class=\"elementor-icon-box-description\">\n\t\t\t\t\t\tNossa assist\u00eancia t\u00e9cnica de notebook e computadores desktop trabalha com as principais marcas do mercado como: Sony, HP, Lenovo, Positivo, Acer, Samsung  entre outras.\t\t\t\t\t<\/p>\n\t\t\t\t\n\t\t\t<\/div>\n\t\t\t\n\t\t<\/div>\n\t\t\t\t\t\t<\/div>\n\t\t\t\t<\/div>\n\t\t\t\t<div class=\"elementor-element elementor-element-7b5ee395 elementor-view-default elementor-position-top elementor-mobile-position-top elementor-widget elementor-widget-icon-box\" data-id=\"7b5ee395\" data-element_type=\"widget\" data-widget_type=\"icon-box.default\">\n\t\t\t\t<div class=\"elementor-widget-container\">\n\t\t\t\t\t\t\t<div class=\"elementor-icon-box-wrapper\">\n\n\t\t\t\t\t\t<div class=\"elementor-icon-box-icon\">\n\t\t\t\t<span  class=\"elementor-icon\">\n\t\t\t\t<i aria-hidden=\"true\" class=\"far fa-hand-paper\"><\/i>\t\t\t\t<\/span>\n\t\t\t<\/div>\n\t\t\t\n\t\t\t\t\t\t<div class=\"elementor-icon-box-content\">\n\n\t\t\t\t\t\t\t\t\t<h4 class=\"elementor-icon-box-title\">\n\t\t\t\t\t\t<span  >\n\t\t\t\t\t\t\tProdutos\t\t\t\t\t\t<\/span>\n\t\t\t\t\t<\/h4>\n\t\t\t\t\n\t\t\t\t\t\t\t\t\t<p class=\"elementor-icon-box-description\">\n\t\t\t\t\t\tAqui voc\u00ea encontra todos os tipos de acess\u00f3rios para notebooks, computadores desktop, tablets e demais aparelhos, tais como carregadores de baterias, telas, placas, mem\u00f3rias, HD\u2019s, entre outros.\t\t\t\t\t<\/p>\n\t\t\t\t\n\t\t\t<\/div>\n\t\t\t\n\t\t<\/div>\n\t\t\t\t\t\t<\/div>\n\t\t\t\t<\/div>\n\t\t\t\t\t<\/div>\n\t\t<\/div>\n\t\t\t\t<div class=\"elementor-column elementor-col-25 elementor-inner-column elementor-element elementor-element-d632083\" data-id=\"d632083\" data-element_type=\"column\">\n\t\t\t<div class=\"elementor-widget-wrap elementor-element-populated\">\n\t\t\t\t\t\t<div class=\"elementor-element elementor-element-670b02d elementor-view-default elementor-position-top elementor-mobile-position-top elementor-widget elementor-widget-icon-box\" data-id=\"670b02d\" data-element_type=\"widget\" data-widget_type=\"icon-box.default\">\n\t\t\t\t<div class=\"elementor-widget-container\">\n\t\t\t\t\t\t\t<div class=\"elementor-icon-box-wrapper\">\n\n\t\t\t\t\t\t<div class=\"elementor-icon-box-icon\">\n\t\t\t\t<span  class=\"elementor-icon\">\n\t\t\t\t<i aria-hidden=\"true\" class=\"fab fa-codepen\"><\/i>\t\t\t\t<\/span>\n\t\t\t<\/div>\n\t\t\t\n\t\t\t\t\t\t<div class=\"elementor-icon-box-content\">\n\n\t\t\t\t\t\t\t\t\t<h4 class=\"elementor-icon-box-title\">\n\t\t\t\t\t\t<span  >\n\t\t\t\t\t\t\tAtendimento\t\t\t\t\t\t<\/span>\n\t\t\t\t\t<\/h4>\n\t\t\t\t\n\t\t\t\t\t\t\t\t\t<p class=\"elementor-icon-box-description\">\n\t\t\t\t\t\t Atendemos pequenas e m\u00e9dias empresas contando com uma equipe especializada para resolver seus problemas com maior rapidez e pre\u00e7os baixos.\t\t\t\t\t<\/p>\n\t\t\t\t\n\t\t\t<\/div>\n\t\t\t\n\t\t<\/div>\n\t\t\t\t\t\t<\/div>\n\t\t\t\t<\/div>\n\t\t\t\t<div class=\"elementor-element elementor-element-b7b5940 elementor-view-default elementor-position-top elementor-mobile-position-top elementor-widget elementor-widget-icon-box\" data-id=\"b7b5940\" data-element_type=\"widget\" data-widget_type=\"icon-box.default\">\n\t\t\t\t<div class=\"elementor-widget-container\">\n\t\t\t\t\t\t\t<div class=\"elementor-icon-box-wrapper\">\n\n\t\t\t\t\t\t<div class=\"elementor-icon-box-icon\">\n\t\t\t\t<span  class=\"elementor-icon\">\n\t\t\t\t<i aria-hidden=\"true\" class=\"fab fa-gg\"><\/i>\t\t\t\t<\/span>\n\t\t\t<\/div>\n\t\t\t\n\t\t\t\t\t\t<div class=\"elementor-icon-box-content\">\n\n\t\t\t\t\t\t\t\t\t<h4 class=\"elementor-icon-box-title\">\n\t\t\t\t\t\t<span  >\n\t\t\t\t\t\t\tEquipe\t\t\t\t\t\t<\/span>\n\t\t\t\t\t<\/h4>\n\t\t\t\t\n\t\t\t\t\t\t\t\t\t<p class=\"elementor-icon-box-description\">\n\t\t\t\t\t\tNossa equipe de vendedores \u00e9 especializada e atendem os clientes na loja ou por telefone buscando orientar sobre o equipamento mais adequado para cada necessidade.\n\nAs cota\u00e7\u00f5es podem ser enviadas por e-mail pelo link acima entre em contato.\t\t\t\t\t<\/p>\n\t\t\t\t\n\t\t\t<\/div>\n\t\t\t\n\t\t<\/div>\n\t\t\t\t\t\t<\/div>\n\t\t\t\t<\/div>\n\t\t\t\t\t<\/div>\n\t\t<\/div>\n\t\t\t\t\t<\/div>\n\t\t<\/section>\n\t\t\t\t\t<\/div>\n\t\t<\/div>\n\t\t\t\t\t<\/div>\n\t\t<\/section>\n\t\t\t\t<section class=\"elementor-section elementor-top-section elementor-element elementor-element-618f2d6 elementor-section-boxed elementor-section-height-default elementor-section-height-default\" data-id=\"618f2d6\" data-element_type=\"section\" data-settings=\"{&quot;background_background&quot;:&quot;classic&quot;}\">\n\t\t\t\t\t\t\t<div class=\"elementor-background-overlay\"><\/div>\n\t\t\t\t\t\t\t<div class=\"elementor-container elementor-column-gap-default\">\n\t\t\t\t\t<div class=\"elementor-column elementor-col-100 elementor-top-column elementor-element elementor-element-702b5d3\" data-id=\"702b5d3\" data-element_type=\"column\">\n\t\t\t<div class=\"elementor-widget-wrap elementor-element-populated\">\n\t\t\t\t\t\t<div class=\"elementor-element elementor-element-1902901 elementor-widget elementor-widget-heading\" data-id=\"1902901\" data-element_type=\"widget\" data-widget_type=\"heading.default\">\n\t\t\t\t<div class=\"elementor-widget-container\">\n\t\t\t\t\t<h3 class=\"elementor-heading-title elementor-size-default\">Equipe<\/h3>\t\t\t\t<\/div>\n\t\t\t\t<\/div>\n\t\t\t\t<div class=\"elementor-element elementor-element-cfe31b4 elementor-widget-divider--view-line elementor-widget elementor-widget-divider\" data-id=\"cfe31b4\" data-element_type=\"widget\" data-widget_type=\"divider.default\">\n\t\t\t\t<div class=\"elementor-widget-container\">\n\t\t\t\t\t\t\t<div class=\"elementor-divider\">\n\t\t\t<span class=\"elementor-divider-separator\">\n\t\t\t\t\t\t<\/span>\n\t\t<\/div>\n\t\t\t\t\t\t<\/div>\n\t\t\t\t<\/div>\n\t\t\t\t\t<\/div>\n\t\t<\/div>\n\t\t\t\t\t<\/div>\n\t\t<\/section>\n\t\t\t\t<section class=\"elementor-section elementor-top-section elementor-element elementor-element-2a99d256 elementor-section-boxed elementor-section-height-default elementor-section-height-default\" data-id=\"2a99d256\" data-element_type=\"section\">\n\t\t\t\t\t\t<div class=\"elementor-container elementor-column-gap-no\">\n\t\t\t\t\t<div class=\"elementor-column elementor-col-100 elementor-top-column elementor-element elementor-element-14b1a17\" data-id=\"14b1a17\" data-element_type=\"column\">\n\t\t\t<div class=\"elementor-widget-wrap elementor-element-populated\">\n\t\t\t\t\t\t<div class=\"elementor-element elementor-element-bdbc4cb elementor-position-top elementor-widget elementor-widget-image-box\" data-id=\"bdbc4cb\" data-element_type=\"widget\" data-widget_type=\"image-box.default\">\n\t\t\t\t<div class=\"elementor-widget-container\">\n\t\t\t\t\t<div class=\"elementor-image-box-wrapper\"><figure class=\"elementor-image-box-img\"><img fetchpriority=\"high\" decoding=\"async\" width=\"1152\" height=\"648\" src=\"https:\/\/hadgitec.com.br\/loja\/wp-content\/uploads\/2021\/03\/WhatsApp-Image-2021-03-20-at-21.48.45.jpeg\" class=\"attachment-full size-full wp-image-2072\" alt=\"alexandredias\" srcset=\"https:\/\/hadgitec.com.br\/loja\/wp-content\/uploads\/2021\/03\/WhatsApp-Image-2021-03-20-at-21.48.45.jpeg 1152w, https:\/\/hadgitec.com.br\/loja\/wp-content\/uploads\/2021\/03\/WhatsApp-Image-2021-03-20-at-21.48.45-300x169.jpeg 300w, https:\/\/hadgitec.com.br\/loja\/wp-content\/uploads\/2021\/03\/WhatsApp-Image-2021-03-20-at-21.48.45-1024x576.jpeg 1024w, https:\/\/hadgitec.com.br\/loja\/wp-content\/uploads\/2021\/03\/WhatsApp-Image-2021-03-20-at-21.48.45-768x432.jpeg 768w, https:\/\/hadgitec.com.br\/loja\/wp-content\/uploads\/2021\/03\/WhatsApp-Image-2021-03-20-at-21.48.45-600x338.jpeg 600w\" sizes=\"(max-width: 1152px) 100vw, 1152px\" \/><\/figure><div class=\"elementor-image-box-content\"><h4 class=\"elementor-image-box-title\">T\u00e9cnico Propriet\u00e1rio<\/h4><p class=\"elementor-image-box-description\">Alexandre Dias de Souza<br><span class=\"d2edcug0 hpfvmrgz qv66sw1b c1et5uql rrkovp55 a8c37x1j keod5gw0 nxhoafnm aigsh9s9 d3f4x2em fe6kdd0r mau55g9w c8b282yb iv3no6db jq4qci2q a3bd9o3v knj5qynh oo9gr5id hzawbc8m\" dir=\"auto\">CFT-BR n\u00b0010004311-0<\/span><\/p><\/div><\/div>\t\t\t\t<\/div>\n\t\t\t\t<\/div>\n\t\t\t\t\t<\/div>\n\t\t<\/div>\n\t\t\t\t\t<\/div>\n\t\t<\/section>\n\t\t\t\t<section class=\"elementor-section elementor-top-section elementor-element elementor-element-0107795 elementor-section-stretched elementor-section-full_width elementor-section-height-default elementor-section-height-default\" data-id=\"0107795\" data-element_type=\"section\" data-settings=\"{&quot;stretch_section&quot;:&quot;section-stretched&quot;}\">\n\t\t\t\t\t\t<div class=\"elementor-container elementor-column-gap-default\">\n\t\t\t\t\t<div class=\"elementor-column elementor-col-100 elementor-top-column elementor-element elementor-element-7ce1ef8\" data-id=\"7ce1ef8\" data-element_type=\"column\">\n\t\t\t<div class=\"elementor-widget-wrap elementor-element-populated\">\n\t\t\t\t\t\t<div class=\"elementor-element elementor-element-44f71e7 elementor-widget elementor-widget-image\" data-id=\"44f71e7\" data-element_type=\"widget\" data-widget_type=\"image.default\">\n\t\t\t\t<div class=\"elementor-widget-container\">\n\t\t\t\t\t\t\t\t\t\t\t\t\t\t\t<img decoding=\"async\" width=\"1929\" height=\"79\" src=\"https:\/\/hadgitec.com.br\/loja\/wp-content\/uploads\/2019\/06\/graphic05-free-img.png\" class=\"attachment-full size-full wp-image-1342\" alt=\"\" srcset=\"https:\/\/hadgitec.com.br\/loja\/wp-content\/uploads\/2019\/06\/graphic05-free-img.png 1929w, https:\/\/hadgitec.com.br\/loja\/wp-content\/uploads\/2019\/06\/graphic05-free-img-600x25.png 600w, https:\/\/hadgitec.com.br\/loja\/wp-content\/uploads\/2019\/06\/graphic05-free-img-300x12.png 300w, https:\/\/hadgitec.com.br\/loja\/wp-content\/uploads\/2019\/06\/graphic05-free-img-1024x42.png 1024w, https:\/\/hadgitec.com.br\/loja\/wp-content\/uploads\/2019\/06\/graphic05-free-img-768x31.png 768w, https:\/\/hadgitec.com.br\/loja\/wp-content\/uploads\/2019\/06\/graphic05-free-img-1536x63.png 1536w\" sizes=\"(max-width: 1929px) 100vw, 1929px\" \/>\t\t\t\t\t\t\t\t\t\t\t\t\t\t\t<\/div>\n\t\t\t\t<\/div>\n\t\t\t\t\t<\/div>\n\t\t<\/div>\n\t\t\t\t\t<\/div>\n\t\t<\/section>\n\t\t\t\t<section class=\"elementor-section elementor-top-section elementor-element elementor-element-6b0d927 elementor-section-content-top elementor-section-boxed elementor-section-height-default elementor-section-height-default\" data-id=\"6b0d927\" data-element_type=\"section\" data-settings=\"{&quot;background_background&quot;:&quot;classic&quot;}\">\n\t\t\t\t\t\t<div class=\"elementor-container elementor-column-gap-no\">\n\t\t\t\t\t<div class=\"elementor-column elementor-col-100 elementor-top-column elementor-element elementor-element-4d535d6\" data-id=\"4d535d6\" data-element_type=\"column\">\n\t\t\t<div class=\"elementor-widget-wrap\">\n\t\t\t\t\t\t\t<\/div>\n\t\t<\/div>\n\t\t\t\t\t<\/div>\n\t\t<\/section>\n\t\t\t\t<section class=\"elementor-section elementor-top-section elementor-element elementor-element-f2b09c4 elementor-section-content-middle elementor-section-boxed elementor-section-height-default elementor-section-height-default\" data-id=\"f2b09c4\" data-element_type=\"section\" data-settings=\"{&quot;background_background&quot;:&quot;gradient&quot;}\">\n\t\t\t\t\t\t\t<div class=\"elementor-background-overlay\"><\/div>\n\t\t\t\t\t\t\t<div class=\"elementor-container elementor-column-gap-default\">\n\t\t\t\t\t<div class=\"elementor-column elementor-col-100 elementor-top-column elementor-element elementor-element-fda392b\" data-id=\"fda392b\" data-element_type=\"column\">\n\t\t\t<div class=\"elementor-widget-wrap elementor-element-populated\">\n\t\t\t\t\t\t<section class=\"elementor-section elementor-inner-section elementor-element elementor-element-6163acd elementor-section-boxed elementor-section-height-default elementor-section-height-default\" data-id=\"6163acd\" data-element_type=\"section\">\n\t\t\t\t\t\t<div class=\"elementor-container elementor-column-gap-default\">\n\t\t\t\t\t<div class=\"elementor-column elementor-col-25 elementor-inner-column elementor-element elementor-element-4980aba\" data-id=\"4980aba\" data-element_type=\"column\">\n\t\t\t<div class=\"elementor-widget-wrap elementor-element-populated\">\n\t\t\t\t\t\t<div class=\"elementor-element elementor-element-ba9f3d2 elementor-position-top elementor-widget elementor-widget-image-box\" data-id=\"ba9f3d2\" data-element_type=\"widget\" data-widget_type=\"image-box.default\">\n\t\t\t\t<div class=\"elementor-widget-container\">\n\t\t\t\t\t<div class=\"elementor-image-box-wrapper\"><figure class=\"elementor-image-box-img\"><img decoding=\"async\" width=\"120\" height=\"120\" src=\"https:\/\/hadgitec.com.br\/loja\/wp-content\/uploads\/2021\/02\/globe-free-img.png\" class=\"attachment-full size-full wp-image-1867\" alt=\"\" srcset=\"https:\/\/hadgitec.com.br\/loja\/wp-content\/uploads\/2021\/02\/globe-free-img.png 120w, https:\/\/hadgitec.com.br\/loja\/wp-content\/uploads\/2021\/02\/globe-free-img-100x100.png 100w\" sizes=\"(max-width: 120px) 100vw, 120px\" \/><\/figure><div class=\"elementor-image-box-content\"><h4 class=\"elementor-image-box-title\">www.hadgitec.com.br<\/h4><p class=\"elementor-image-box-description\">Empresa com 13 anos de hist\u00f3ria em inform\u00e1tica e agora no mercado de manuten\u00e7\u00e3o em celulares<\/p><\/div><\/div>\t\t\t\t<\/div>\n\t\t\t\t<\/div>\n\t\t\t\t\t<\/div>\n\t\t<\/div>\n\t\t\t\t<div class=\"elementor-column elementor-col-25 elementor-inner-column elementor-element elementor-element-96ff36c\" data-id=\"96ff36c\" data-element_type=\"column\">\n\t\t\t<div class=\"elementor-widget-wrap elementor-element-populated\">\n\t\t\t\t\t\t<div class=\"elementor-element elementor-element-064f325 elementor-position-top elementor-widget elementor-widget-image-box\" data-id=\"064f325\" data-element_type=\"widget\" data-widget_type=\"image-box.default\">\n\t\t\t\t<div class=\"elementor-widget-container\">\n\t\t\t\t\t<div class=\"elementor-image-box-wrapper\"><figure class=\"elementor-image-box-img\"><img loading=\"lazy\" decoding=\"async\" width=\"120\" height=\"120\" src=\"https:\/\/hadgitec.com.br\/loja\/wp-content\/uploads\/2021\/02\/quality-free-img.png\" class=\"attachment-full size-full wp-image-1868\" alt=\"\" srcset=\"https:\/\/hadgitec.com.br\/loja\/wp-content\/uploads\/2021\/02\/quality-free-img.png 120w, https:\/\/hadgitec.com.br\/loja\/wp-content\/uploads\/2021\/02\/quality-free-img-100x100.png 100w\" sizes=\"(max-width: 120px) 100vw, 120px\" \/><\/figure><div class=\"elementor-image-box-content\"><h4 class=\"elementor-image-box-title\">Qualidade<\/h4><p class=\"elementor-image-box-description\">Produto de qualidade colocamos sempre as melhores marcas dos principais produtos<\/p><\/div><\/div>\t\t\t\t<\/div>\n\t\t\t\t<\/div>\n\t\t\t\t\t<\/div>\n\t\t<\/div>\n\t\t\t\t<div class=\"elementor-column elementor-col-25 elementor-inner-column elementor-element elementor-element-36b7ad4\" data-id=\"36b7ad4\" data-element_type=\"column\">\n\t\t\t<div class=\"elementor-widget-wrap elementor-element-populated\">\n\t\t\t\t\t\t<div class=\"elementor-element elementor-element-7566668 elementor-position-top elementor-widget elementor-widget-image-box\" data-id=\"7566668\" data-element_type=\"widget\" data-widget_type=\"image-box.default\">\n\t\t\t\t<div class=\"elementor-widget-container\">\n\t\t\t\t\t<div class=\"elementor-image-box-wrapper\"><figure class=\"elementor-image-box-img\"><img loading=\"lazy\" decoding=\"async\" width=\"120\" height=\"120\" src=\"https:\/\/hadgitec.com.br\/loja\/wp-content\/uploads\/2021\/02\/tag-free-img.png\" class=\"attachment-full size-full wp-image-1869\" alt=\"\" srcset=\"https:\/\/hadgitec.com.br\/loja\/wp-content\/uploads\/2021\/02\/tag-free-img.png 120w, https:\/\/hadgitec.com.br\/loja\/wp-content\/uploads\/2021\/02\/tag-free-img-100x100.png 100w\" sizes=\"(max-width: 120px) 100vw, 120px\" \/><\/figure><div class=\"elementor-image-box-content\"><h4 class=\"elementor-image-box-title\">Melhores Ofertas<\/h4><p class=\"elementor-image-box-description\">Aqui voc\u00ea encontra as melhores ofertas<\/p><\/div><\/div>\t\t\t\t<\/div>\n\t\t\t\t<\/div>\n\t\t\t\t\t<\/div>\n\t\t<\/div>\n\t\t\t\t<div class=\"elementor-column elementor-col-25 elementor-inner-column elementor-element elementor-element-55aeaa2\" data-id=\"55aeaa2\" data-element_type=\"column\">\n\t\t\t<div class=\"elementor-widget-wrap elementor-element-populated\">\n\t\t\t\t\t\t<div class=\"elementor-element elementor-element-cfc51dd elementor-position-top elementor-widget elementor-widget-image-box\" data-id=\"cfc51dd\" data-element_type=\"widget\" data-widget_type=\"image-box.default\">\n\t\t\t\t<div class=\"elementor-widget-container\">\n\t\t\t\t\t<div class=\"elementor-image-box-wrapper\"><figure class=\"elementor-image-box-img\"><img loading=\"lazy\" decoding=\"async\" width=\"120\" height=\"120\" src=\"https:\/\/hadgitec.com.br\/loja\/wp-content\/uploads\/2021\/02\/lock-free-img.png\" class=\"attachment-full size-full wp-image-1870\" alt=\"\" srcset=\"https:\/\/hadgitec.com.br\/loja\/wp-content\/uploads\/2021\/02\/lock-free-img.png 120w, https:\/\/hadgitec.com.br\/loja\/wp-content\/uploads\/2021\/02\/lock-free-img-100x100.png 100w\" sizes=\"(max-width: 120px) 100vw, 120px\" \/><\/figure><div class=\"elementor-image-box-content\"><h4 class=\"elementor-image-box-title\">Seguran\u00e7a <\/h4><p class=\"elementor-image-box-description\">Fique tranquilo sua compra \u00e9 segura <\/p><\/div><\/div>\t\t\t\t<\/div>\n\t\t\t\t<\/div>\n\t\t\t\t\t<\/div>\n\t\t<\/div>\n\t\t\t\t\t<\/div>\n\t\t<\/section>\n\t\t\t\t\t<\/div>\n\t\t<\/div>\n\t\t\t\t\t<\/div>\n\t\t<\/section>\n\t\t\t\t<\/div>\n\t\t","protected":false},"excerpt":{"rendered":"<p>Sobre N\u00f3s A Hadgitec Inform\u00e1tica atua no mercado de venda, manuten\u00e7\u00e3o autorizada e assist\u00eancia t\u00e9cnica de notebooks, computadores desktops, tablets e celulares. Quem Somos Somos especializados em Manuten\u00e7\u00e3o em Computadores , redes cabeadas, estruturadas ou wireless, consultoria em inform\u00e1tica e venda de acess\u00f3rios para notebook, computadores desktop e celulares. Empresa Nossa assist\u00eancia t\u00e9cnica de notebook &hellip;<\/p>\n<p class=\"read-more\"> <a class=\"\" href=\"https:\/\/hadgitec.com.br\/loja\/sobre-nos\/\"> <span class=\"screen-reader-text\">Sobre N\u00f3s<\/span> Leia mais &raquo;<\/a><\/p>\n","protected":false},"author":1,"featured_media":0,"parent":0,"menu_order":0,"comment_status":"closed","ping_status":"closed","template":"","meta":{"footnotes":""},"class_list":["post-97","page","type-page","status-publish","hentry"],"_links":{"self":[{"href":"https:\/\/hadgitec.com.br\/loja\/wp-json\/wp\/v2\/pages\/97","targetHints":{"allow":["GET"]}}],"collection":[{"href":"https:\/\/hadgitec.com.br\/loja\/wp-json\/wp\/v2\/pages"}],"about":[{"href":"https:\/\/hadgitec.com.br\/loja\/wp-json\/wp\/v2\/types\/page"}],"author":[{"embeddable":true,"href":"https:\/\/hadgitec.com.br\/loja\/wp-json\/wp\/v2\/users\/1"}],"replies":[{"embeddable":true,"href":"https:\/\/hadgitec.com.br\/loja\/wp-json\/wp\/v2\/comments?post=97"}],"version-history":[{"count":37,"href":"https:\/\/hadgitec.com.br\/loja\/wp-json\/wp\/v2\/pages\/97\/revisions"}],"predecessor-version":[{"id":2075,"href":"https:\/\/hadgitec.com.br\/loja\/wp-json\/wp\/v2\/pages\/97\/revisions\/2075"}],"wp:attachment":[{"href":"https:\/\/hadgitec.com.br\/loja\/wp-json\/wp\/v2\/media?parent=97"}],"curies":[{"name":"wp","href":"https:\/\/api.w.org\/{rel}","templated":true}]}}